{"id":21,"date":"2020-10-30T23:15:39","date_gmt":"2020-10-30T21:15:39","guid":{"rendered":"http:\/\/88.99.26.106\/~viskikaa\/testi\/?page_id=21"},"modified":"2022-10-14T20:14:59","modified_gmt":"2022-10-14T17:14:59","slug":"maistelu","status":"publish","type":"page","link":"https:\/\/viskikaappi.net\/index.php\/maistelu\/","title":{"rendered":"Maistelu"},"content":{"rendered":"\n<p>&#8221;Avaamaton viskipullo on ruskeaa viinaa lasipullossa&#8221;. Oma ajatukseni on aina ollut se, ett\u00e4 viski on tehty nautittavaksi. Oman viskiharrastukseni kulmakiviin kuuluu, ett\u00e4 jokainen pullo jonka olen ostanut on tarkoitettu avattavaksi. Se hetki saattaa tulla jo nopeasti pullon ostamisen j\u00e4lkeen, mutta my\u00f6nn\u00e4n omastakin kaapistani l\u00f6ytyv\u00e4n jo vuosia sitten ostettuja pulloja. N\u00e4m\u00e4 pullot on saatettu hankkia hetken mielijohteesta tai ajatuksella siit\u00e4, ett\u00e4 ne tullaan avaamaan oikean hetken koittaessa &#8211; koska viski tykk\u00e4\u00e4 kun siit\u00e4 nautitaan!<\/p>\n\n\n\n<p>Viskin ollessa alkoholijuomista monivivahteisin, ei sen asettaminen tiettyjen rajojen sis\u00e4\u00e4n ole mitenk\u00e4\u00e4n mahdollista. Jokainen viskin maistaja tuo mukanaan omat tuntemuksensa ja makutottumuksensa. Viskin maistaminen onkin kokonaisvaltainen kokemus, jossa niin suun kuin nen\u00e4n aistimat tuoksut ja tuntemukset ovat avainasemassa. N\u00e4m\u00e4 aistit tuottavat aina uusia makuel\u00e4myksi\u00e4 ja tuntemuksia, joiden tuntemista ja tuntemusta pystyy harrastuneisuuden kautta kehitt\u00e4m\u00e4\u00e4n. T\u00e4m\u00e4n osion alta l\u00f6yd\u00e4t keinoja ja neuvoja, joilla p\u00e4\u00e4set syvemm\u00e4lle viskien makumaailmaan ja l\u00f6yd\u00e4t ehk\u00e4 oman parhaan tapasi nauttia n\u00e4ist\u00e4 jaloista juomista.<\/p>\n\n\n\n<p>L\u00f6yd\u00e4t alasivuilta yleist\u00e4 tietoa niin aistien toiminnasta, viskien aromien tutkimisesta tuoksun, maun ja ulkon\u00e4\u00f6n kannalta kuin my\u00f6s yleisi\u00e4 vinkkej\u00e4 viskeist\u00e4 nauttimiseksi.<\/p>\n\n\n\n<p>Seuraavaksi: <a href=\"https:\/\/viskikaappi.net\/index.php\/maistelu\/johdatus-maisteluun\/\"><strong>Johdatus maisteluun<\/strong><\/a><\/p>\n","protected":false},"excerpt":{"rendered":"<p>&#8221;Avaamaton viskipullo on ruskeaa viinaa lasipullossa&#8221;. Oma ajatukseni on aina ollut se, ett\u00e4 viski on tehty nautittavaksi. Oman viskiharrastukseni kulmakiviin kuuluu, ett\u00e4 jokainen pullo jonka olen ostanut on tarkoitettu avattavaksi. Se hetki saattaa tulla jo nopeasti pullon ostamisen j\u00e4lkeen, mutta my\u00f6nn\u00e4n omastakin kaapistani l\u00f6ytyv\u00e4n jo vuosia sitten ostettuja pulloja. N\u00e4m\u00e4 pullot on saatettu hankkia hetken mielijohteesta tai ajatuksella siit\u00e4, ett\u00e4 ne tullaan avaamaan oikean hetken koittaessa &#8211; koska viski tykk\u00e4\u00e4 kun siit\u00e4 nautitaan! Viskin ollessa alkoholijuomista monivivahteisin, ei sen asettaminen tiettyjen rajojen sis\u00e4\u00e4n ole mitenk\u00e4\u00e4n mahdollista. Jokainen viskin maistaja tuo mukanaan omat tuntemuksensa ja makutottumuksensa. Viskin maistaminen onkin kokonaisvaltainen kokemus, jossa niin suun kuin nen\u00e4n aistimat tuoksut ja tuntemukset ovat avainasemassa. N\u00e4m\u00e4 aistit tuottavat aina uusia makuel\u00e4myksi\u00e4 ja tuntemuksia, joiden tuntemista ja tuntemusta pystyy harrastuneisuuden kautta kehitt\u00e4m\u00e4\u00e4n. T\u00e4m\u00e4n osion alta l\u00f6yd\u00e4t keinoja ja neuvoja, joilla p\u00e4\u00e4set syvemm\u00e4lle viskien makumaailmaan ja l\u00f6yd\u00e4t ehk\u00e4 oman parhaan tapasi nauttia n\u00e4ist\u00e4 jaloista juomista. L\u00f6yd\u00e4t alasivuilta yleist\u00e4 tietoa niin aistien toiminnasta, viskien aromien tutkimisesta tuoksun, maun ja ulkon\u00e4\u00f6n kannalta kuin my\u00f6s yleisi\u00e4 vinkkej\u00e4 viskeist\u00e4 nauttimiseksi. Seuraavaksi: Johdatus maisteluun<\/p>\n","protected":false},"author":1,"featured_media":0,"parent":0,"menu_order":0,"comment_status":"closed","ping_status":"closed","template":"","meta":{"footnotes":""},"class_list":["post-21","page","type-page","status-publish","hentry"],"yoast_head":"<!-- This site is optimized with the Yoast SEO plugin v27.6 - https:\/\/yoast.com\/product\/yoast-seo-wordpress\/ -->\n<title>Maistelu - Virtuaalinen Viskikaappi<\/title>\n<meta name=\"robots\" content=\"index, follow, max-snippet:-1, max-image-preview:large, max-video-preview:-1\" \/>\n<link rel=\"canonical\" href=\"https:\/\/viskikaappi.net\/index.php\/maistelu\/\" \/>\n<meta property=\"og:locale\" content=\"fi_FI\" \/>\n<meta property=\"og:type\" content=\"article\" \/>\n<meta property=\"og:title\" content=\"Maistelu - Virtuaalinen Viskikaappi\" \/>\n<meta property=\"og:description\" content=\"&#8221;Avaamaton viskipullo on ruskeaa viinaa lasipullossa&#8221;. Oma ajatukseni on aina ollut se, ett\u00e4 viski on tehty nautittavaksi. Oman viskiharrastukseni kulmakiviin kuuluu, ett\u00e4 jokainen pullo jonka olen ostanut on tarkoitettu avattavaksi. Se hetki saattaa tulla jo nopeasti pullon ostamisen j\u00e4lkeen, mutta my\u00f6nn\u00e4n omastakin kaapistani l\u00f6ytyv\u00e4n jo vuosia sitten ostettuja pulloja. N\u00e4m\u00e4 pullot on saatettu hankkia hetken mielijohteesta tai ajatuksella siit\u00e4, ett\u00e4 ne tullaan avaamaan oikean hetken koittaessa &#8211; koska viski tykk\u00e4\u00e4 kun siit\u00e4 nautitaan! Viskin ollessa alkoholijuomista monivivahteisin, ei sen asettaminen tiettyjen rajojen sis\u00e4\u00e4n ole mitenk\u00e4\u00e4n mahdollista. Jokainen viskin maistaja tuo mukanaan omat tuntemuksensa ja makutottumuksensa. Viskin maistaminen onkin kokonaisvaltainen kokemus, jossa niin suun kuin nen\u00e4n aistimat tuoksut ja tuntemukset ovat avainasemassa. N\u00e4m\u00e4 aistit tuottavat aina uusia makuel\u00e4myksi\u00e4 ja tuntemuksia, joiden tuntemista ja tuntemusta pystyy harrastuneisuuden kautta kehitt\u00e4m\u00e4\u00e4n. T\u00e4m\u00e4n osion alta l\u00f6yd\u00e4t keinoja ja neuvoja, joilla p\u00e4\u00e4set syvemm\u00e4lle viskien makumaailmaan ja l\u00f6yd\u00e4t ehk\u00e4 oman parhaan tapasi nauttia n\u00e4ist\u00e4 jaloista juomista. L\u00f6yd\u00e4t alasivuilta yleist\u00e4 tietoa niin aistien toiminnasta, viskien aromien tutkimisesta tuoksun, maun ja ulkon\u00e4\u00f6n kannalta kuin my\u00f6s yleisi\u00e4 vinkkej\u00e4 viskeist\u00e4 nauttimiseksi. Seuraavaksi: Johdatus maisteluun\" \/>\n<meta property=\"og:url\" content=\"https:\/\/viskikaappi.net\/index.php\/maistelu\/\" \/>\n<meta property=\"og:site_name\" content=\"Virtuaalinen Viskikaappi\" \/>\n<meta property=\"article:modified_time\" content=\"2022-10-14T17:14:59+00:00\" \/>\n<meta name=\"twitter:card\" content=\"summary_large_image\" \/>\n<meta name=\"twitter:label1\" content=\"Arvioitu lukuaika\" \/>\n\t<meta name=\"twitter:data1\" content=\"2 minuuttia\" \/>\n<script type=\"application\/ld+json\" class=\"yoast-schema-graph\">{\"@context\":\"https:\\\/\\\/schema.org\",\"@graph\":[{\"@type\":\"WebPage\",\"@id\":\"https:\\\/\\\/viskikaappi.net\\\/index.php\\\/maistelu\\\/\",\"url\":\"https:\\\/\\\/viskikaappi.net\\\/index.php\\\/maistelu\\\/\",\"name\":\"Maistelu - Virtuaalinen Viskikaappi\",\"isPartOf\":{\"@id\":\"https:\\\/\\\/viskikaappi.net\\\/#website\"},\"datePublished\":\"2020-10-30T21:15:39+00:00\",\"dateModified\":\"2022-10-14T17:14:59+00:00\",\"breadcrumb\":{\"@id\":\"https:\\\/\\\/viskikaappi.net\\\/index.php\\\/maistelu\\\/#breadcrumb\"},\"inLanguage\":\"fi\",\"potentialAction\":[{\"@type\":\"ReadAction\",\"target\":[\"https:\\\/\\\/viskikaappi.net\\\/index.php\\\/maistelu\\\/\"]}]},{\"@type\":\"BreadcrumbList\",\"@id\":\"https:\\\/\\\/viskikaappi.net\\\/index.php\\\/maistelu\\\/#breadcrumb\",\"itemListElement\":[{\"@type\":\"ListItem\",\"position\":1,\"name\":\"Etusivu\",\"item\":\"https:\\\/\\\/viskikaappi.net\\\/\"},{\"@type\":\"ListItem\",\"position\":2,\"name\":\"Maistelu\"}]},{\"@type\":\"WebSite\",\"@id\":\"https:\\\/\\\/viskikaappi.net\\\/#website\",\"url\":\"https:\\\/\\\/viskikaappi.net\\\/\",\"name\":\"Virtuaalinen Viskikaappi\",\"description\":\"\",\"publisher\":{\"@id\":\"https:\\\/\\\/viskikaappi.net\\\/#\\\/schema\\\/person\\\/e43eed2d832b7e7283b48a4fd5d50d18\"},\"potentialAction\":[{\"@type\":\"SearchAction\",\"target\":{\"@type\":\"EntryPoint\",\"urlTemplate\":\"https:\\\/\\\/viskikaappi.net\\\/?s={search_term_string}\"},\"query-input\":{\"@type\":\"PropertyValueSpecification\",\"valueRequired\":true,\"valueName\":\"search_term_string\"}}],\"inLanguage\":\"fi\"},{\"@type\":[\"Person\",\"Organization\"],\"@id\":\"https:\\\/\\\/viskikaappi.net\\\/#\\\/schema\\\/person\\\/e43eed2d832b7e7283b48a4fd5d50d18\",\"name\":\"Antti Tuurala\",\"image\":{\"@type\":\"ImageObject\",\"inLanguage\":\"fi\",\"@id\":\"https:\\\/\\\/viskikaappi.net\\\/wp-content\\\/uploads\\\/2020\\\/11\\\/cropped-Tausta_1_logo.png\",\"url\":\"https:\\\/\\\/viskikaappi.net\\\/wp-content\\\/uploads\\\/2020\\\/11\\\/cropped-Tausta_1_logo.png\",\"contentUrl\":\"https:\\\/\\\/viskikaappi.net\\\/wp-content\\\/uploads\\\/2020\\\/11\\\/cropped-Tausta_1_logo.png\",\"width\":1186,\"height\":500,\"caption\":\"Antti Tuurala\"},\"logo\":{\"@id\":\"https:\\\/\\\/viskikaappi.net\\\/wp-content\\\/uploads\\\/2020\\\/11\\\/cropped-Tausta_1_logo.png\"},\"sameAs\":[\"https:\\\/\\\/viskikaappi.net\"]}]}<\/script>\n<!-- \/ Yoast SEO plugin. -->","yoast_head_json":{"title":"Maistelu - Virtuaalinen Viskikaappi","robots":{"index":"index","follow":"follow","max-snippet":"max-snippet:-1","max-image-preview":"max-image-preview:large","max-video-preview":"max-video-preview:-1"},"canonical":"https:\/\/viskikaappi.net\/index.php\/maistelu\/","og_locale":"fi_FI","og_type":"article","og_title":"Maistelu - Virtuaalinen Viskikaappi","og_description":"&#8221;Avaamaton viskipullo on ruskeaa viinaa lasipullossa&#8221;. Oma ajatukseni on aina ollut se, ett\u00e4 viski on tehty nautittavaksi. Oman viskiharrastukseni kulmakiviin kuuluu, ett\u00e4 jokainen pullo jonka olen ostanut on tarkoitettu avattavaksi. Se hetki saattaa tulla jo nopeasti pullon ostamisen j\u00e4lkeen, mutta my\u00f6nn\u00e4n omastakin kaapistani l\u00f6ytyv\u00e4n jo vuosia sitten ostettuja pulloja. N\u00e4m\u00e4 pullot on saatettu hankkia hetken mielijohteesta tai ajatuksella siit\u00e4, ett\u00e4 ne tullaan avaamaan oikean hetken koittaessa &#8211; koska viski tykk\u00e4\u00e4 kun siit\u00e4 nautitaan! Viskin ollessa alkoholijuomista monivivahteisin, ei sen asettaminen tiettyjen rajojen sis\u00e4\u00e4n ole mitenk\u00e4\u00e4n mahdollista. Jokainen viskin maistaja tuo mukanaan omat tuntemuksensa ja makutottumuksensa. Viskin maistaminen onkin kokonaisvaltainen kokemus, jossa niin suun kuin nen\u00e4n aistimat tuoksut ja tuntemukset ovat avainasemassa. N\u00e4m\u00e4 aistit tuottavat aina uusia makuel\u00e4myksi\u00e4 ja tuntemuksia, joiden tuntemista ja tuntemusta pystyy harrastuneisuuden kautta kehitt\u00e4m\u00e4\u00e4n. T\u00e4m\u00e4n osion alta l\u00f6yd\u00e4t keinoja ja neuvoja, joilla p\u00e4\u00e4set syvemm\u00e4lle viskien makumaailmaan ja l\u00f6yd\u00e4t ehk\u00e4 oman parhaan tapasi nauttia n\u00e4ist\u00e4 jaloista juomista. L\u00f6yd\u00e4t alasivuilta yleist\u00e4 tietoa niin aistien toiminnasta, viskien aromien tutkimisesta tuoksun, maun ja ulkon\u00e4\u00f6n kannalta kuin my\u00f6s yleisi\u00e4 vinkkej\u00e4 viskeist\u00e4 nauttimiseksi. Seuraavaksi: Johdatus maisteluun","og_url":"https:\/\/viskikaappi.net\/index.php\/maistelu\/","og_site_name":"Virtuaalinen Viskikaappi","article_modified_time":"2022-10-14T17:14:59+00:00","twitter_card":"summary_large_image","twitter_misc":{"Arvioitu lukuaika":"2 minuuttia"},"schema":{"@context":"https:\/\/schema.org","@graph":[{"@type":"WebPage","@id":"https:\/\/viskikaappi.net\/index.php\/maistelu\/","url":"https:\/\/viskikaappi.net\/index.php\/maistelu\/","name":"Maistelu - Virtuaalinen Viskikaappi","isPartOf":{"@id":"https:\/\/viskikaappi.net\/#website"},"datePublished":"2020-10-30T21:15:39+00:00","dateModified":"2022-10-14T17:14:59+00:00","breadcrumb":{"@id":"https:\/\/viskikaappi.net\/index.php\/maistelu\/#breadcrumb"},"inLanguage":"fi","potentialAction":[{"@type":"ReadAction","target":["https:\/\/viskikaappi.net\/index.php\/maistelu\/"]}]},{"@type":"BreadcrumbList","@id":"https:\/\/viskikaappi.net\/index.php\/maistelu\/#breadcrumb","itemListElement":[{"@type":"ListItem","position":1,"name":"Etusivu","item":"https:\/\/viskikaappi.net\/"},{"@type":"ListItem","position":2,"name":"Maistelu"}]},{"@type":"WebSite","@id":"https:\/\/viskikaappi.net\/#website","url":"https:\/\/viskikaappi.net\/","name":"Virtuaalinen Viskikaappi","description":"","publisher":{"@id":"https:\/\/viskikaappi.net\/#\/schema\/person\/e43eed2d832b7e7283b48a4fd5d50d18"},"potentialAction":[{"@type":"SearchAction","target":{"@type":"EntryPoint","urlTemplate":"https:\/\/viskikaappi.net\/?s={search_term_string}"},"query-input":{"@type":"PropertyValueSpecification","valueRequired":true,"valueName":"search_term_string"}}],"inLanguage":"fi"},{"@type":["Person","Organization"],"@id":"https:\/\/viskikaappi.net\/#\/schema\/person\/e43eed2d832b7e7283b48a4fd5d50d18","name":"Antti Tuurala","image":{"@type":"ImageObject","inLanguage":"fi","@id":"https:\/\/viskikaappi.net\/wp-content\/uploads\/2020\/11\/cropped-Tausta_1_logo.png","url":"https:\/\/viskikaappi.net\/wp-content\/uploads\/2020\/11\/cropped-Tausta_1_logo.png","contentUrl":"https:\/\/viskikaappi.net\/wp-content\/uploads\/2020\/11\/cropped-Tausta_1_logo.png","width":1186,"height":500,"caption":"Antti Tuurala"},"logo":{"@id":"https:\/\/viskikaappi.net\/wp-content\/uploads\/2020\/11\/cropped-Tausta_1_logo.png"},"sameAs":["https:\/\/viskikaappi.net"]}]}},"_links":{"self":[{"href":"https:\/\/viskikaappi.net\/index.php\/wp-json\/wp\/v2\/pages\/21","targetHints":{"allow":["GET"]}}],"collection":[{"href":"https:\/\/viskikaappi.net\/index.php\/wp-json\/wp\/v2\/pages"}],"about":[{"href":"https:\/\/viskikaappi.net\/index.php\/wp-json\/wp\/v2\/types\/page"}],"author":[{"embeddable":true,"href":"https:\/\/viskikaappi.net\/index.php\/wp-json\/wp\/v2\/users\/1"}],"replies":[{"embeddable":true,"href":"https:\/\/viskikaappi.net\/index.php\/wp-json\/wp\/v2\/comments?post=21"}],"version-history":[{"count":8,"href":"https:\/\/viskikaappi.net\/index.php\/wp-json\/wp\/v2\/pages\/21\/revisions"}],"predecessor-version":[{"id":748,"href":"https:\/\/viskikaappi.net\/index.php\/wp-json\/wp\/v2\/pages\/21\/revisions\/748"}],"wp:attachment":[{"href":"https:\/\/viskikaappi.net\/index.php\/wp-json\/wp\/v2\/media?parent=21"}],"curies":[{"name":"wp","href":"https:\/\/api.w.org\/{rel}","templated":true}]}}