{"id":216,"date":"2020-11-13T20:37:15","date_gmt":"2020-11-13T18:37:15","guid":{"rendered":"http:\/\/88.99.26.106\/~viskikaa\/testi\/?page_id=216"},"modified":"2020-11-22T17:27:10","modified_gmt":"2020-11-22T15:27:10","slug":"campbeltown","status":"publish","type":"page","link":"https:\/\/viskikaappi.net\/index.php\/viskitislaamot\/campbeltown\/","title":{"rendered":"Campbeltown"},"content":{"rendered":"\n<p>Campbeltownin alue on viskialueista ehk\u00e4 v\u00e4hiten tunnettu. Se sijaitsee Kintyren niemimaalla. Aikanaan Campbeltownin alue oli unelmamaasto salapolttajille ja kerrotaankin, ett\u00e4 alue oli niit\u00e4 ensimm\u00e4isi\u00e4, jonne viski aikanaan saapui. Aikanaan Campbeltownia nimitettiin &#8221;viskimaailman p\u00e4\u00e4kaupungiksi&#8221;, mutta 1900-luvun alun viskin ylituotanto vaati veronsa. Toisen maailmansodan p\u00e4\u00e4tytty\u00e4 alueella toimi menestysvuosien 34 tislaamon sijasta en\u00e4\u00e4 kaksi tislaamoa, Springbank ja Glen Scotia. Sittemmin joukkoon on liittynyt my\u00f6s Glengyle, jonka tislaamat viskit paremmin tunnetaan Kilkerran-nimell\u00e4.<\/p>\n\n\n\n<p>Springbankin tislaamo perustettiin vuonna 1828. Springbankin tislaamo toimii edelleen alkuper\u00e4isiss\u00e4 rakennuksissaan. Vanhat lattiamallastamot ja m\u00e4skikattilat ovat edelleen k\u00e4yt\u00f6ss\u00e4, unohtamatta \u00f6ljyl\u00e4mmitteisi\u00e4 tislauskattiloita.<\/p>\n\n\n\n<p>Glen Scotian tislaamon historia on katkonaisempi. Toiminta aloitettiin vuonna 1835. Vuonna 1980 tislaamo pistettiin k\u00e4yt\u00e4nn\u00f6ss\u00e4 katsoen kokonaan uusiksi, mutta suljettiin jo vuonna 1984. Tislaamo avattiin j\u00e4lleen 1989 omistajanvaihdoksen yhteydess\u00e4 ja sittemmin se on her\u00e4nnyt uuteen kukoistukseen.<\/p>\n\n\n\n<p>Uusimpana tulokkaana joukossa on Glengyle, joka avattiin uudelleen kymmenien vuosien hiljaiselon j\u00e4lkeen.<\/p>\n","protected":false},"excerpt":{"rendered":"<p>Campbeltownin alue on viskialueista ehk\u00e4 v\u00e4hiten tunnettu. Se sijaitsee Kintyren niemimaalla. Aikanaan Campbeltownin alue oli unelmamaasto salapolttajille ja kerrotaankin, ett\u00e4 alue oli niit\u00e4 ensimm\u00e4isi\u00e4, jonne viski aikanaan saapui. Aikanaan Campbeltownia nimitettiin &#8221;viskimaailman p\u00e4\u00e4kaupungiksi&#8221;, mutta 1900-luvun alun viskin ylituotanto vaati veronsa. Toisen maailmansodan p\u00e4\u00e4tytty\u00e4 alueella toimi menestysvuosien 34 tislaamon sijasta en\u00e4\u00e4 kaksi tislaamoa, Springbank ja Glen Scotia. Sittemmin joukkoon on liittynyt my\u00f6s Glengyle, jonka tislaamat viskit paremmin tunnetaan Kilkerran-nimell\u00e4. Springbankin tislaamo perustettiin vuonna 1828. Springbankin tislaamo toimii edelleen alkuper\u00e4isiss\u00e4 rakennuksissaan. Vanhat lattiamallastamot ja m\u00e4skikattilat ovat edelleen k\u00e4yt\u00f6ss\u00e4, unohtamatta \u00f6ljyl\u00e4mmitteisi\u00e4 tislauskattiloita. Glen Scotian tislaamon historia on katkonaisempi. Toiminta aloitettiin vuonna 1835. Vuonna 1980 tislaamo pistettiin k\u00e4yt\u00e4nn\u00f6ss\u00e4 katsoen kokonaan uusiksi, mutta suljettiin jo vuonna 1984. Tislaamo avattiin j\u00e4lleen 1989 omistajanvaihdoksen yhteydess\u00e4 ja sittemmin se on her\u00e4nnyt uuteen kukoistukseen. Uusimpana tulokkaana joukossa on Glengyle, joka avattiin uudelleen kymmenien vuosien hiljaiselon j\u00e4lkeen.<\/p>\n","protected":false},"author":1,"featured_media":0,"parent":25,"menu_order":1,"comment_status":"closed","ping_status":"closed","template":"","meta":{"footnotes":""},"class_list":["post-216","page","type-page","status-publish","hentry"],"yoast_head":"<!-- This site is optimized with the Yoast SEO plugin v27.6 - https:\/\/yoast.com\/product\/yoast-seo-wordpress\/ -->\n<title>Campbeltown - Virtuaalinen Viskikaappi<\/title>\n<meta name=\"robots\" content=\"index, follow, max-snippet:-1, max-image-preview:large, max-video-preview:-1\" \/>\n<link rel=\"canonical\" href=\"https:\/\/viskikaappi.net\/index.php\/viskitislaamot\/campbeltown\/\" \/>\n<meta property=\"og:locale\" content=\"fi_FI\" \/>\n<meta property=\"og:type\" content=\"article\" \/>\n<meta property=\"og:title\" content=\"Campbeltown - Virtuaalinen Viskikaappi\" \/>\n<meta property=\"og:description\" content=\"Campbeltownin alue on viskialueista ehk\u00e4 v\u00e4hiten tunnettu. Se sijaitsee Kintyren niemimaalla. Aikanaan Campbeltownin alue oli unelmamaasto salapolttajille ja kerrotaankin, ett\u00e4 alue oli niit\u00e4 ensimm\u00e4isi\u00e4, jonne viski aikanaan saapui. Aikanaan Campbeltownia nimitettiin &#8221;viskimaailman p\u00e4\u00e4kaupungiksi&#8221;, mutta 1900-luvun alun viskin ylituotanto vaati veronsa. Toisen maailmansodan p\u00e4\u00e4tytty\u00e4 alueella toimi menestysvuosien 34 tislaamon sijasta en\u00e4\u00e4 kaksi tislaamoa, Springbank ja Glen Scotia. Sittemmin joukkoon on liittynyt my\u00f6s Glengyle, jonka tislaamat viskit paremmin tunnetaan Kilkerran-nimell\u00e4. Springbankin tislaamo perustettiin vuonna 1828. Springbankin tislaamo toimii edelleen alkuper\u00e4isiss\u00e4 rakennuksissaan. Vanhat lattiamallastamot ja m\u00e4skikattilat ovat edelleen k\u00e4yt\u00f6ss\u00e4, unohtamatta \u00f6ljyl\u00e4mmitteisi\u00e4 tislauskattiloita. Glen Scotian tislaamon historia on katkonaisempi. Toiminta aloitettiin vuonna 1835. Vuonna 1980 tislaamo pistettiin k\u00e4yt\u00e4nn\u00f6ss\u00e4 katsoen kokonaan uusiksi, mutta suljettiin jo vuonna 1984. Tislaamo avattiin j\u00e4lleen 1989 omistajanvaihdoksen yhteydess\u00e4 ja sittemmin se on her\u00e4nnyt uuteen kukoistukseen. Uusimpana tulokkaana joukossa on Glengyle, joka avattiin uudelleen kymmenien vuosien hiljaiselon j\u00e4lkeen.\" \/>\n<meta property=\"og:url\" content=\"https:\/\/viskikaappi.net\/index.php\/viskitislaamot\/campbeltown\/\" \/>\n<meta property=\"og:site_name\" content=\"Virtuaalinen Viskikaappi\" \/>\n<meta property=\"article:modified_time\" content=\"2020-11-22T15:27:10+00:00\" \/>\n<meta name=\"twitter:card\" content=\"summary_large_image\" \/>\n<meta name=\"twitter:label1\" content=\"Arvioitu lukuaika\" \/>\n\t<meta name=\"twitter:data1\" content=\"1 minuutti\" \/>\n<script type=\"application\/ld+json\" class=\"yoast-schema-graph\">{\"@context\":\"https:\\\/\\\/schema.org\",\"@graph\":[{\"@type\":\"WebPage\",\"@id\":\"https:\\\/\\\/viskikaappi.net\\\/index.php\\\/viskitislaamot\\\/campbeltown\\\/\",\"url\":\"https:\\\/\\\/viskikaappi.net\\\/index.php\\\/viskitislaamot\\\/campbeltown\\\/\",\"name\":\"Campbeltown - Virtuaalinen Viskikaappi\",\"isPartOf\":{\"@id\":\"https:\\\/\\\/viskikaappi.net\\\/#website\"},\"datePublished\":\"2020-11-13T18:37:15+00:00\",\"dateModified\":\"2020-11-22T15:27:10+00:00\",\"breadcrumb\":{\"@id\":\"https:\\\/\\\/viskikaappi.net\\\/index.php\\\/viskitislaamot\\\/campbeltown\\\/#breadcrumb\"},\"inLanguage\":\"fi\",\"potentialAction\":[{\"@type\":\"ReadAction\",\"target\":[\"https:\\\/\\\/viskikaappi.net\\\/index.php\\\/viskitislaamot\\\/campbeltown\\\/\"]}]},{\"@type\":\"BreadcrumbList\",\"@id\":\"https:\\\/\\\/viskikaappi.net\\\/index.php\\\/viskitislaamot\\\/campbeltown\\\/#breadcrumb\",\"itemListElement\":[{\"@type\":\"ListItem\",\"position\":1,\"name\":\"Etusivu\",\"item\":\"https:\\\/\\\/viskikaappi.net\\\/\"},{\"@type\":\"ListItem\",\"position\":2,\"name\":\"Tislaamot\",\"item\":\"https:\\\/\\\/viskikaappi.net\\\/index.php\\\/viskitislaamot\\\/\"},{\"@type\":\"ListItem\",\"position\":3,\"name\":\"Campbeltown\"}]},{\"@type\":\"WebSite\",\"@id\":\"https:\\\/\\\/viskikaappi.net\\\/#website\",\"url\":\"https:\\\/\\\/viskikaappi.net\\\/\",\"name\":\"Virtuaalinen Viskikaappi\",\"description\":\"\",\"publisher\":{\"@id\":\"https:\\\/\\\/viskikaappi.net\\\/#\\\/schema\\\/person\\\/e43eed2d832b7e7283b48a4fd5d50d18\"},\"potentialAction\":[{\"@type\":\"SearchAction\",\"target\":{\"@type\":\"EntryPoint\",\"urlTemplate\":\"https:\\\/\\\/viskikaappi.net\\\/?s={search_term_string}\"},\"query-input\":{\"@type\":\"PropertyValueSpecification\",\"valueRequired\":true,\"valueName\":\"search_term_string\"}}],\"inLanguage\":\"fi\"},{\"@type\":[\"Person\",\"Organization\"],\"@id\":\"https:\\\/\\\/viskikaappi.net\\\/#\\\/schema\\\/person\\\/e43eed2d832b7e7283b48a4fd5d50d18\",\"name\":\"Antti Tuurala\",\"image\":{\"@type\":\"ImageObject\",\"inLanguage\":\"fi\",\"@id\":\"https:\\\/\\\/viskikaappi.net\\\/wp-content\\\/uploads\\\/2020\\\/11\\\/cropped-Tausta_1_logo.png\",\"url\":\"https:\\\/\\\/viskikaappi.net\\\/wp-content\\\/uploads\\\/2020\\\/11\\\/cropped-Tausta_1_logo.png\",\"contentUrl\":\"https:\\\/\\\/viskikaappi.net\\\/wp-content\\\/uploads\\\/2020\\\/11\\\/cropped-Tausta_1_logo.png\",\"width\":1186,\"height\":500,\"caption\":\"Antti Tuurala\"},\"logo\":{\"@id\":\"https:\\\/\\\/viskikaappi.net\\\/wp-content\\\/uploads\\\/2020\\\/11\\\/cropped-Tausta_1_logo.png\"},\"sameAs\":[\"https:\\\/\\\/viskikaappi.net\"]}]}<\/script>\n<!-- \/ Yoast SEO plugin. -->","yoast_head_json":{"title":"Campbeltown - Virtuaalinen Viskikaappi","robots":{"index":"index","follow":"follow","max-snippet":"max-snippet:-1","max-image-preview":"max-image-preview:large","max-video-preview":"max-video-preview:-1"},"canonical":"https:\/\/viskikaappi.net\/index.php\/viskitislaamot\/campbeltown\/","og_locale":"fi_FI","og_type":"article","og_title":"Campbeltown - Virtuaalinen Viskikaappi","og_description":"Campbeltownin alue on viskialueista ehk\u00e4 v\u00e4hiten tunnettu. Se sijaitsee Kintyren niemimaalla. Aikanaan Campbeltownin alue oli unelmamaasto salapolttajille ja kerrotaankin, ett\u00e4 alue oli niit\u00e4 ensimm\u00e4isi\u00e4, jonne viski aikanaan saapui. Aikanaan Campbeltownia nimitettiin &#8221;viskimaailman p\u00e4\u00e4kaupungiksi&#8221;, mutta 1900-luvun alun viskin ylituotanto vaati veronsa. Toisen maailmansodan p\u00e4\u00e4tytty\u00e4 alueella toimi menestysvuosien 34 tislaamon sijasta en\u00e4\u00e4 kaksi tislaamoa, Springbank ja Glen Scotia. Sittemmin joukkoon on liittynyt my\u00f6s Glengyle, jonka tislaamat viskit paremmin tunnetaan Kilkerran-nimell\u00e4. Springbankin tislaamo perustettiin vuonna 1828. Springbankin tislaamo toimii edelleen alkuper\u00e4isiss\u00e4 rakennuksissaan. Vanhat lattiamallastamot ja m\u00e4skikattilat ovat edelleen k\u00e4yt\u00f6ss\u00e4, unohtamatta \u00f6ljyl\u00e4mmitteisi\u00e4 tislauskattiloita. Glen Scotian tislaamon historia on katkonaisempi. Toiminta aloitettiin vuonna 1835. Vuonna 1980 tislaamo pistettiin k\u00e4yt\u00e4nn\u00f6ss\u00e4 katsoen kokonaan uusiksi, mutta suljettiin jo vuonna 1984. Tislaamo avattiin j\u00e4lleen 1989 omistajanvaihdoksen yhteydess\u00e4 ja sittemmin se on her\u00e4nnyt uuteen kukoistukseen. Uusimpana tulokkaana joukossa on Glengyle, joka avattiin uudelleen kymmenien vuosien hiljaiselon j\u00e4lkeen.","og_url":"https:\/\/viskikaappi.net\/index.php\/viskitislaamot\/campbeltown\/","og_site_name":"Virtuaalinen Viskikaappi","article_modified_time":"2020-11-22T15:27:10+00:00","twitter_card":"summary_large_image","twitter_misc":{"Arvioitu lukuaika":"1 minuutti"},"schema":{"@context":"https:\/\/schema.org","@graph":[{"@type":"WebPage","@id":"https:\/\/viskikaappi.net\/index.php\/viskitislaamot\/campbeltown\/","url":"https:\/\/viskikaappi.net\/index.php\/viskitislaamot\/campbeltown\/","name":"Campbeltown - Virtuaalinen Viskikaappi","isPartOf":{"@id":"https:\/\/viskikaappi.net\/#website"},"datePublished":"2020-11-13T18:37:15+00:00","dateModified":"2020-11-22T15:27:10+00:00","breadcrumb":{"@id":"https:\/\/viskikaappi.net\/index.php\/viskitislaamot\/campbeltown\/#breadcrumb"},"inLanguage":"fi","potentialAction":[{"@type":"ReadAction","target":["https:\/\/viskikaappi.net\/index.php\/viskitislaamot\/campbeltown\/"]}]},{"@type":"BreadcrumbList","@id":"https:\/\/viskikaappi.net\/index.php\/viskitislaamot\/campbeltown\/#breadcrumb","itemListElement":[{"@type":"ListItem","position":1,"name":"Etusivu","item":"https:\/\/viskikaappi.net\/"},{"@type":"ListItem","position":2,"name":"Tislaamot","item":"https:\/\/viskikaappi.net\/index.php\/viskitislaamot\/"},{"@type":"ListItem","position":3,"name":"Campbeltown"}]},{"@type":"WebSite","@id":"https:\/\/viskikaappi.net\/#website","url":"https:\/\/viskikaappi.net\/","name":"Virtuaalinen Viskikaappi","description":"","publisher":{"@id":"https:\/\/viskikaappi.net\/#\/schema\/person\/e43eed2d832b7e7283b48a4fd5d50d18"},"potentialAction":[{"@type":"SearchAction","target":{"@type":"EntryPoint","urlTemplate":"https:\/\/viskikaappi.net\/?s={search_term_string}"},"query-input":{"@type":"PropertyValueSpecification","valueRequired":true,"valueName":"search_term_string"}}],"inLanguage":"fi"},{"@type":["Person","Organization"],"@id":"https:\/\/viskikaappi.net\/#\/schema\/person\/e43eed2d832b7e7283b48a4fd5d50d18","name":"Antti Tuurala","image":{"@type":"ImageObject","inLanguage":"fi","@id":"https:\/\/viskikaappi.net\/wp-content\/uploads\/2020\/11\/cropped-Tausta_1_logo.png","url":"https:\/\/viskikaappi.net\/wp-content\/uploads\/2020\/11\/cropped-Tausta_1_logo.png","contentUrl":"https:\/\/viskikaappi.net\/wp-content\/uploads\/2020\/11\/cropped-Tausta_1_logo.png","width":1186,"height":500,"caption":"Antti Tuurala"},"logo":{"@id":"https:\/\/viskikaappi.net\/wp-content\/uploads\/2020\/11\/cropped-Tausta_1_logo.png"},"sameAs":["https:\/\/viskikaappi.net"]}]}},"_links":{"self":[{"href":"https:\/\/viskikaappi.net\/index.php\/wp-json\/wp\/v2\/pages\/216","targetHints":{"allow":["GET"]}}],"collection":[{"href":"https:\/\/viskikaappi.net\/index.php\/wp-json\/wp\/v2\/pages"}],"about":[{"href":"https:\/\/viskikaappi.net\/index.php\/wp-json\/wp\/v2\/types\/page"}],"author":[{"embeddable":true,"href":"https:\/\/viskikaappi.net\/index.php\/wp-json\/wp\/v2\/users\/1"}],"replies":[{"embeddable":true,"href":"https:\/\/viskikaappi.net\/index.php\/wp-json\/wp\/v2\/comments?post=216"}],"version-history":[{"count":2,"href":"https:\/\/viskikaappi.net\/index.php\/wp-json\/wp\/v2\/pages\/216\/revisions"}],"predecessor-version":[{"id":264,"href":"https:\/\/viskikaappi.net\/index.php\/wp-json\/wp\/v2\/pages\/216\/revisions\/264"}],"up":[{"embeddable":true,"href":"https:\/\/viskikaappi.net\/index.php\/wp-json\/wp\/v2\/pages\/25"}],"wp:attachment":[{"href":"https:\/\/viskikaappi.net\/index.php\/wp-json\/wp\/v2\/media?parent=216"}],"curies":[{"name":"wp","href":"https:\/\/api.w.org\/{rel}","templated":true}]}}