{"id":218,"date":"2020-11-13T20:41:57","date_gmt":"2020-11-13T18:41:57","guid":{"rendered":"http:\/\/88.99.26.106\/~viskikaa\/testi\/?page_id=218"},"modified":"2020-12-11T21:43:49","modified_gmt":"2020-12-11T19:43:49","slug":"islay","status":"publish","type":"page","link":"https:\/\/viskikaappi.net\/index.php\/viskitislaamot\/islay\/","title":{"rendered":"Islay"},"content":{"rendered":"\n<p>Islayn saari sijaitsee Skotlannin l\u00e4nsirannikolla Juran ja Cambeltownin l\u00e4heisyydess\u00e4. <\/p>\n\n\n\n<p>Islayn saaren viskit ovat Skottilaisista mallasviskeist\u00e4 kaikkein savuisimman ja turpeisimman makuisia. Savun ja turpeen lis\u00e4ksi niiden maussa voi aistia suolaisuuden, nahkan, jodin ja merihein\u00e4n makuja ja tuoksuja. Maut saattavat aluksi tuntua kuivilta ja savun hallitsemilta. N\u00e4iden takaa on kuitenkin havaittavissa makeutta ja mausteisuutta.<\/p>\n\n\n\n<p>Ominaista Islayn viskeille on, ett\u00e4 niiden valmistamiseen k\u00e4ytetyt maltaat kuivataan voimakkaalla turvesavulla. Tislaamoiden k\u00e4ytt\u00e4m\u00e4 vesi on my\u00f6s eritt\u00e4in humuspitoista. T\u00e4m\u00e4 johtuu veden suodattumisesta paksun turvekerroksen l\u00e4pi. Poikkeuksiakin l\u00f6ytyy. Bunnahabhainin vesil\u00e4hteen vesi on t\u00e4ysin kirkasta ja Bruichladdichin vesi taasen virtaa erityyppisen maaper\u00e4n l\u00e4pi. Veden vaikutus lopulliseen tisleeseen onkin joidenkin l\u00e4hteiden mukaan h\u00e4vi\u00e4v\u00e4n pieni.<\/p>\n\n\n\n<p>Islayn tislaamot kypsytysvarastoineen sijaitsevat usein meren rannalla, josta johtuen viskeihin tulee meren makua &#8211; suolaisuutta, merihein\u00e4\u00e4 jne. Laphroaigin kypsytysvarastoon saattaa jopa nousta vesi kovan tuulen ja nousuveden seurauksena. Bowmoren Vault No1 on puolestaan tunnettu siit\u00e4, ett\u00e4 merivesi piiskaa sen seini\u00e4 jatkuvasti. Poikkeuksia ovat Lagavulin ja Caol Ila. Lagavulinin viskeist\u00e4 vain pieni osa kypsytet\u00e4\u00e4n Islaylla kun taas Caol Ilan kaikki viski vied\u00e4\u00e4n tankkiautoilla mantereelle, jossa se kypsyy Diageon isoissa kypsytysvarastoissa keskell\u00e4 Skotlantia.<\/p>\n\n\n\n<p>K\u00e4ytettyjen maltaiden savustusaste vaihtelee tislaamoittain. Ardbeg, Lagavulin ja Laphroaig kuuluvat normaalituotantonsa puitteissa tislaamoihin, jotka k\u00e4ytt\u00e4v\u00e4t kaikkein vahvimmin savuista mallasta. Bruichladdich, Bunnahabhain, Caol Ila ja Kilchoman puolestaan k\u00e4ytt\u00e4v\u00e4t my\u00f6s savustamatonta tai ainoastaan kevyesti savuista mallasta osassa tuotannostaan. Bowmore asettuu n\u00e4iden keskimaastoon.<\/p>\n\n\n\n<p>Joka tapauksessa Islay on tunnettu juuri &#8221;savuviskeist\u00e4\u00e4n&#8221; &#8211; mutta kannattaa ehdottomasti kokeilla my\u00f6s muita kuin savuisia versioita Islayn viskeist\u00e4. Ne saattavat yll\u00e4tt\u00e4\u00e4 t\u00e4ytel\u00e4isyydell\u00e4\u00e4n ja makumaailmallaan vaikka sit\u00e4 paljon puhuttua savua ei l\u00f6ytyisik\u00e4\u00e4n.<\/p>\n\n\n\n<h3 class=\"wp-block-heading\">Tislaamot:<\/h3>\n\n\n\n<p><a href=\"https:\/\/viskikaappi.net\/index.php\/tislaamot\/islay\/ardbeg\/\" data-type=\"URL\" data-id=\"https:\/\/viskikaappi.net\/index.php\/tislaamot\/islay\/ardbeg\/\">Ardbeg<\/a><\/p>\n","protected":false},"excerpt":{"rendered":"<p>Islayn saari sijaitsee Skotlannin l\u00e4nsirannikolla Juran ja Cambeltownin l\u00e4heisyydess\u00e4. Islayn saaren viskit ovat Skottilaisista mallasviskeist\u00e4 kaikkein savuisimman ja turpeisimman makuisia. Savun ja turpeen lis\u00e4ksi niiden maussa voi aistia suolaisuuden, nahkan, jodin ja merihein\u00e4n makuja ja tuoksuja. Maut saattavat aluksi tuntua kuivilta ja savun hallitsemilta. N\u00e4iden takaa on kuitenkin havaittavissa makeutta ja mausteisuutta. Ominaista Islayn viskeille on, ett\u00e4 niiden valmistamiseen k\u00e4ytetyt maltaat kuivataan voimakkaalla turvesavulla. Tislaamoiden k\u00e4ytt\u00e4m\u00e4 vesi on my\u00f6s eritt\u00e4in humuspitoista. T\u00e4m\u00e4 johtuu veden suodattumisesta paksun turvekerroksen l\u00e4pi. Poikkeuksiakin l\u00f6ytyy. Bunnahabhainin vesil\u00e4hteen vesi on t\u00e4ysin kirkasta ja Bruichladdichin vesi taasen virtaa erityyppisen maaper\u00e4n l\u00e4pi. Veden vaikutus lopulliseen tisleeseen onkin joidenkin l\u00e4hteiden mukaan h\u00e4vi\u00e4v\u00e4n pieni. Islayn tislaamot kypsytysvarastoineen sijaitsevat usein meren rannalla, josta johtuen viskeihin tulee meren makua &#8211; suolaisuutta, merihein\u00e4\u00e4 jne. Laphroaigin kypsytysvarastoon saattaa jopa nousta vesi kovan tuulen ja nousuveden seurauksena. Bowmoren Vault No1 on puolestaan tunnettu siit\u00e4, ett\u00e4 merivesi piiskaa sen seini\u00e4 jatkuvasti. Poikkeuksia ovat Lagavulin ja Caol Ila. Lagavulinin viskeist\u00e4 vain pieni osa kypsytet\u00e4\u00e4n Islaylla kun taas Caol Ilan kaikki viski vied\u00e4\u00e4n tankkiautoilla mantereelle, jossa se kypsyy Diageon isoissa kypsytysvarastoissa keskell\u00e4 Skotlantia. K\u00e4ytettyjen maltaiden savustusaste vaihtelee tislaamoittain. Ardbeg, Lagavulin ja Laphroaig kuuluvat normaalituotantonsa puitteissa tislaamoihin, jotka k\u00e4ytt\u00e4v\u00e4t kaikkein vahvimmin savuista mallasta. Bruichladdich, Bunnahabhain, Caol Ila ja Kilchoman puolestaan k\u00e4ytt\u00e4v\u00e4t my\u00f6s savustamatonta tai ainoastaan kevyesti savuista mallasta osassa tuotannostaan. Bowmore asettuu n\u00e4iden keskimaastoon. Joka tapauksessa Islay on tunnettu juuri &#8221;savuviskeist\u00e4\u00e4n&#8221; &#8211; mutta kannattaa ehdottomasti kokeilla my\u00f6s muita kuin savuisia versioita Islayn viskeist\u00e4. Ne saattavat yll\u00e4tt\u00e4\u00e4 t\u00e4ytel\u00e4isyydell\u00e4\u00e4n ja makumaailmallaan vaikka sit\u00e4 paljon puhuttua savua ei l\u00f6ytyisik\u00e4\u00e4n. Tislaamot: Ardbeg<\/p>\n","protected":false},"author":1,"featured_media":0,"parent":25,"menu_order":3,"comment_status":"closed","ping_status":"closed","template":"","meta":{"footnotes":""},"class_list":["post-218","page","type-page","status-publish","hentry"],"yoast_head":"<!-- This site is optimized with the Yoast SEO plugin v27.4 - https:\/\/yoast.com\/product\/yoast-seo-wordpress\/ -->\n<title>Islay - Virtuaalinen Viskikaappi<\/title>\n<meta name=\"robots\" content=\"index, follow, max-snippet:-1, max-image-preview:large, max-video-preview:-1\" \/>\n<link rel=\"canonical\" href=\"https:\/\/viskikaappi.net\/index.php\/viskitislaamot\/islay\/\" \/>\n<meta property=\"og:locale\" content=\"fi_FI\" \/>\n<meta property=\"og:type\" content=\"article\" \/>\n<meta property=\"og:title\" content=\"Islay - Virtuaalinen Viskikaappi\" \/>\n<meta property=\"og:description\" content=\"Islayn saari sijaitsee Skotlannin l\u00e4nsirannikolla Juran ja Cambeltownin l\u00e4heisyydess\u00e4. Islayn saaren viskit ovat Skottilaisista mallasviskeist\u00e4 kaikkein savuisimman ja turpeisimman makuisia. Savun ja turpeen lis\u00e4ksi niiden maussa voi aistia suolaisuuden, nahkan, jodin ja merihein\u00e4n makuja ja tuoksuja. Maut saattavat aluksi tuntua kuivilta ja savun hallitsemilta. N\u00e4iden takaa on kuitenkin havaittavissa makeutta ja mausteisuutta. Ominaista Islayn viskeille on, ett\u00e4 niiden valmistamiseen k\u00e4ytetyt maltaat kuivataan voimakkaalla turvesavulla. Tislaamoiden k\u00e4ytt\u00e4m\u00e4 vesi on my\u00f6s eritt\u00e4in humuspitoista. T\u00e4m\u00e4 johtuu veden suodattumisesta paksun turvekerroksen l\u00e4pi. Poikkeuksiakin l\u00f6ytyy. Bunnahabhainin vesil\u00e4hteen vesi on t\u00e4ysin kirkasta ja Bruichladdichin vesi taasen virtaa erityyppisen maaper\u00e4n l\u00e4pi. Veden vaikutus lopulliseen tisleeseen onkin joidenkin l\u00e4hteiden mukaan h\u00e4vi\u00e4v\u00e4n pieni. Islayn tislaamot kypsytysvarastoineen sijaitsevat usein meren rannalla, josta johtuen viskeihin tulee meren makua &#8211; suolaisuutta, merihein\u00e4\u00e4 jne. Laphroaigin kypsytysvarastoon saattaa jopa nousta vesi kovan tuulen ja nousuveden seurauksena. Bowmoren Vault No1 on puolestaan tunnettu siit\u00e4, ett\u00e4 merivesi piiskaa sen seini\u00e4 jatkuvasti. Poikkeuksia ovat Lagavulin ja Caol Ila. Lagavulinin viskeist\u00e4 vain pieni osa kypsytet\u00e4\u00e4n Islaylla kun taas Caol Ilan kaikki viski vied\u00e4\u00e4n tankkiautoilla mantereelle, jossa se kypsyy Diageon isoissa kypsytysvarastoissa keskell\u00e4 Skotlantia. K\u00e4ytettyjen maltaiden savustusaste vaihtelee tislaamoittain. Ardbeg, Lagavulin ja Laphroaig kuuluvat normaalituotantonsa puitteissa tislaamoihin, jotka k\u00e4ytt\u00e4v\u00e4t kaikkein vahvimmin savuista mallasta. Bruichladdich, Bunnahabhain, Caol Ila ja Kilchoman puolestaan k\u00e4ytt\u00e4v\u00e4t my\u00f6s savustamatonta tai ainoastaan kevyesti savuista mallasta osassa tuotannostaan. Bowmore asettuu n\u00e4iden keskimaastoon. Joka tapauksessa Islay on tunnettu juuri &#8221;savuviskeist\u00e4\u00e4n&#8221; &#8211; mutta kannattaa ehdottomasti kokeilla my\u00f6s muita kuin savuisia versioita Islayn viskeist\u00e4. Ne saattavat yll\u00e4tt\u00e4\u00e4 t\u00e4ytel\u00e4isyydell\u00e4\u00e4n ja makumaailmallaan vaikka sit\u00e4 paljon puhuttua savua ei l\u00f6ytyisik\u00e4\u00e4n. Tislaamot: Ardbeg\" \/>\n<meta property=\"og:url\" content=\"https:\/\/viskikaappi.net\/index.php\/viskitislaamot\/islay\/\" \/>\n<meta property=\"og:site_name\" content=\"Virtuaalinen Viskikaappi\" \/>\n<meta property=\"article:modified_time\" content=\"2020-12-11T19:43:49+00:00\" \/>\n<meta name=\"twitter:card\" content=\"summary_large_image\" \/>\n<meta name=\"twitter:label1\" content=\"Arvioitu lukuaika\" \/>\n\t<meta name=\"twitter:data1\" content=\"1 minuutti\" \/>\n<script type=\"application\/ld+json\" class=\"yoast-schema-graph\">{\"@context\":\"https:\\\/\\\/schema.org\",\"@graph\":[{\"@type\":\"WebPage\",\"@id\":\"https:\\\/\\\/viskikaappi.net\\\/index.php\\\/viskitislaamot\\\/islay\\\/\",\"url\":\"https:\\\/\\\/viskikaappi.net\\\/index.php\\\/viskitislaamot\\\/islay\\\/\",\"name\":\"Islay - Virtuaalinen Viskikaappi\",\"isPartOf\":{\"@id\":\"https:\\\/\\\/viskikaappi.net\\\/#website\"},\"datePublished\":\"2020-11-13T18:41:57+00:00\",\"dateModified\":\"2020-12-11T19:43:49+00:00\",\"breadcrumb\":{\"@id\":\"https:\\\/\\\/viskikaappi.net\\\/index.php\\\/viskitislaamot\\\/islay\\\/#breadcrumb\"},\"inLanguage\":\"fi\",\"potentialAction\":[{\"@type\":\"ReadAction\",\"target\":[\"https:\\\/\\\/viskikaappi.net\\\/index.php\\\/viskitislaamot\\\/islay\\\/\"]}]},{\"@type\":\"BreadcrumbList\",\"@id\":\"https:\\\/\\\/viskikaappi.net\\\/index.php\\\/viskitislaamot\\\/islay\\\/#breadcrumb\",\"itemListElement\":[{\"@type\":\"ListItem\",\"position\":1,\"name\":\"Etusivu\",\"item\":\"https:\\\/\\\/viskikaappi.net\\\/\"},{\"@type\":\"ListItem\",\"position\":2,\"name\":\"Tislaamot\",\"item\":\"https:\\\/\\\/viskikaappi.net\\\/index.php\\\/viskitislaamot\\\/\"},{\"@type\":\"ListItem\",\"position\":3,\"name\":\"Islay\"}]},{\"@type\":\"WebSite\",\"@id\":\"https:\\\/\\\/viskikaappi.net\\\/#website\",\"url\":\"https:\\\/\\\/viskikaappi.net\\\/\",\"name\":\"Virtuaalinen Viskikaappi\",\"description\":\"\",\"publisher\":{\"@id\":\"https:\\\/\\\/viskikaappi.net\\\/#\\\/schema\\\/person\\\/e43eed2d832b7e7283b48a4fd5d50d18\"},\"potentialAction\":[{\"@type\":\"SearchAction\",\"target\":{\"@type\":\"EntryPoint\",\"urlTemplate\":\"https:\\\/\\\/viskikaappi.net\\\/?s={search_term_string}\"},\"query-input\":{\"@type\":\"PropertyValueSpecification\",\"valueRequired\":true,\"valueName\":\"search_term_string\"}}],\"inLanguage\":\"fi\"},{\"@type\":[\"Person\",\"Organization\"],\"@id\":\"https:\\\/\\\/viskikaappi.net\\\/#\\\/schema\\\/person\\\/e43eed2d832b7e7283b48a4fd5d50d18\",\"name\":\"Antti Tuurala\",\"image\":{\"@type\":\"ImageObject\",\"inLanguage\":\"fi\",\"@id\":\"https:\\\/\\\/viskikaappi.net\\\/wp-content\\\/uploads\\\/2020\\\/11\\\/cropped-Tausta_1_logo.png\",\"url\":\"https:\\\/\\\/viskikaappi.net\\\/wp-content\\\/uploads\\\/2020\\\/11\\\/cropped-Tausta_1_logo.png\",\"contentUrl\":\"https:\\\/\\\/viskikaappi.net\\\/wp-content\\\/uploads\\\/2020\\\/11\\\/cropped-Tausta_1_logo.png\",\"width\":1186,\"height\":500,\"caption\":\"Antti Tuurala\"},\"logo\":{\"@id\":\"https:\\\/\\\/viskikaappi.net\\\/wp-content\\\/uploads\\\/2020\\\/11\\\/cropped-Tausta_1_logo.png\"},\"sameAs\":[\"https:\\\/\\\/viskikaappi.net\"]}]}<\/script>\n<!-- \/ Yoast SEO plugin. -->","yoast_head_json":{"title":"Islay - Virtuaalinen Viskikaappi","robots":{"index":"index","follow":"follow","max-snippet":"max-snippet:-1","max-image-preview":"max-image-preview:large","max-video-preview":"max-video-preview:-1"},"canonical":"https:\/\/viskikaappi.net\/index.php\/viskitislaamot\/islay\/","og_locale":"fi_FI","og_type":"article","og_title":"Islay - Virtuaalinen Viskikaappi","og_description":"Islayn saari sijaitsee Skotlannin l\u00e4nsirannikolla Juran ja Cambeltownin l\u00e4heisyydess\u00e4. Islayn saaren viskit ovat Skottilaisista mallasviskeist\u00e4 kaikkein savuisimman ja turpeisimman makuisia. Savun ja turpeen lis\u00e4ksi niiden maussa voi aistia suolaisuuden, nahkan, jodin ja merihein\u00e4n makuja ja tuoksuja. Maut saattavat aluksi tuntua kuivilta ja savun hallitsemilta. N\u00e4iden takaa on kuitenkin havaittavissa makeutta ja mausteisuutta. Ominaista Islayn viskeille on, ett\u00e4 niiden valmistamiseen k\u00e4ytetyt maltaat kuivataan voimakkaalla turvesavulla. Tislaamoiden k\u00e4ytt\u00e4m\u00e4 vesi on my\u00f6s eritt\u00e4in humuspitoista. T\u00e4m\u00e4 johtuu veden suodattumisesta paksun turvekerroksen l\u00e4pi. Poikkeuksiakin l\u00f6ytyy. Bunnahabhainin vesil\u00e4hteen vesi on t\u00e4ysin kirkasta ja Bruichladdichin vesi taasen virtaa erityyppisen maaper\u00e4n l\u00e4pi. Veden vaikutus lopulliseen tisleeseen onkin joidenkin l\u00e4hteiden mukaan h\u00e4vi\u00e4v\u00e4n pieni. Islayn tislaamot kypsytysvarastoineen sijaitsevat usein meren rannalla, josta johtuen viskeihin tulee meren makua &#8211; suolaisuutta, merihein\u00e4\u00e4 jne. Laphroaigin kypsytysvarastoon saattaa jopa nousta vesi kovan tuulen ja nousuveden seurauksena. Bowmoren Vault No1 on puolestaan tunnettu siit\u00e4, ett\u00e4 merivesi piiskaa sen seini\u00e4 jatkuvasti. Poikkeuksia ovat Lagavulin ja Caol Ila. Lagavulinin viskeist\u00e4 vain pieni osa kypsytet\u00e4\u00e4n Islaylla kun taas Caol Ilan kaikki viski vied\u00e4\u00e4n tankkiautoilla mantereelle, jossa se kypsyy Diageon isoissa kypsytysvarastoissa keskell\u00e4 Skotlantia. K\u00e4ytettyjen maltaiden savustusaste vaihtelee tislaamoittain. Ardbeg, Lagavulin ja Laphroaig kuuluvat normaalituotantonsa puitteissa tislaamoihin, jotka k\u00e4ytt\u00e4v\u00e4t kaikkein vahvimmin savuista mallasta. Bruichladdich, Bunnahabhain, Caol Ila ja Kilchoman puolestaan k\u00e4ytt\u00e4v\u00e4t my\u00f6s savustamatonta tai ainoastaan kevyesti savuista mallasta osassa tuotannostaan. Bowmore asettuu n\u00e4iden keskimaastoon. Joka tapauksessa Islay on tunnettu juuri &#8221;savuviskeist\u00e4\u00e4n&#8221; &#8211; mutta kannattaa ehdottomasti kokeilla my\u00f6s muita kuin savuisia versioita Islayn viskeist\u00e4. Ne saattavat yll\u00e4tt\u00e4\u00e4 t\u00e4ytel\u00e4isyydell\u00e4\u00e4n ja makumaailmallaan vaikka sit\u00e4 paljon puhuttua savua ei l\u00f6ytyisik\u00e4\u00e4n. Tislaamot: Ardbeg","og_url":"https:\/\/viskikaappi.net\/index.php\/viskitislaamot\/islay\/","og_site_name":"Virtuaalinen Viskikaappi","article_modified_time":"2020-12-11T19:43:49+00:00","twitter_card":"summary_large_image","twitter_misc":{"Arvioitu lukuaika":"1 minuutti"},"schema":{"@context":"https:\/\/schema.org","@graph":[{"@type":"WebPage","@id":"https:\/\/viskikaappi.net\/index.php\/viskitislaamot\/islay\/","url":"https:\/\/viskikaappi.net\/index.php\/viskitislaamot\/islay\/","name":"Islay - Virtuaalinen Viskikaappi","isPartOf":{"@id":"https:\/\/viskikaappi.net\/#website"},"datePublished":"2020-11-13T18:41:57+00:00","dateModified":"2020-12-11T19:43:49+00:00","breadcrumb":{"@id":"https:\/\/viskikaappi.net\/index.php\/viskitislaamot\/islay\/#breadcrumb"},"inLanguage":"fi","potentialAction":[{"@type":"ReadAction","target":["https:\/\/viskikaappi.net\/index.php\/viskitislaamot\/islay\/"]}]},{"@type":"BreadcrumbList","@id":"https:\/\/viskikaappi.net\/index.php\/viskitislaamot\/islay\/#breadcrumb","itemListElement":[{"@type":"ListItem","position":1,"name":"Etusivu","item":"https:\/\/viskikaappi.net\/"},{"@type":"ListItem","position":2,"name":"Tislaamot","item":"https:\/\/viskikaappi.net\/index.php\/viskitislaamot\/"},{"@type":"ListItem","position":3,"name":"Islay"}]},{"@type":"WebSite","@id":"https:\/\/viskikaappi.net\/#website","url":"https:\/\/viskikaappi.net\/","name":"Virtuaalinen Viskikaappi","description":"","publisher":{"@id":"https:\/\/viskikaappi.net\/#\/schema\/person\/e43eed2d832b7e7283b48a4fd5d50d18"},"potentialAction":[{"@type":"SearchAction","target":{"@type":"EntryPoint","urlTemplate":"https:\/\/viskikaappi.net\/?s={search_term_string}"},"query-input":{"@type":"PropertyValueSpecification","valueRequired":true,"valueName":"search_term_string"}}],"inLanguage":"fi"},{"@type":["Person","Organization"],"@id":"https:\/\/viskikaappi.net\/#\/schema\/person\/e43eed2d832b7e7283b48a4fd5d50d18","name":"Antti Tuurala","image":{"@type":"ImageObject","inLanguage":"fi","@id":"https:\/\/viskikaappi.net\/wp-content\/uploads\/2020\/11\/cropped-Tausta_1_logo.png","url":"https:\/\/viskikaappi.net\/wp-content\/uploads\/2020\/11\/cropped-Tausta_1_logo.png","contentUrl":"https:\/\/viskikaappi.net\/wp-content\/uploads\/2020\/11\/cropped-Tausta_1_logo.png","width":1186,"height":500,"caption":"Antti Tuurala"},"logo":{"@id":"https:\/\/viskikaappi.net\/wp-content\/uploads\/2020\/11\/cropped-Tausta_1_logo.png"},"sameAs":["https:\/\/viskikaappi.net"]}]}},"_links":{"self":[{"href":"https:\/\/viskikaappi.net\/index.php\/wp-json\/wp\/v2\/pages\/218","targetHints":{"allow":["GET"]}}],"collection":[{"href":"https:\/\/viskikaappi.net\/index.php\/wp-json\/wp\/v2\/pages"}],"about":[{"href":"https:\/\/viskikaappi.net\/index.php\/wp-json\/wp\/v2\/types\/page"}],"author":[{"embeddable":true,"href":"https:\/\/viskikaappi.net\/index.php\/wp-json\/wp\/v2\/users\/1"}],"replies":[{"embeddable":true,"href":"https:\/\/viskikaappi.net\/index.php\/wp-json\/wp\/v2\/comments?post=218"}],"version-history":[{"count":4,"href":"https:\/\/viskikaappi.net\/index.php\/wp-json\/wp\/v2\/pages\/218\/revisions"}],"predecessor-version":[{"id":331,"href":"https:\/\/viskikaappi.net\/index.php\/wp-json\/wp\/v2\/pages\/218\/revisions\/331"}],"up":[{"embeddable":true,"href":"https:\/\/viskikaappi.net\/index.php\/wp-json\/wp\/v2\/pages\/25"}],"wp:attachment":[{"href":"https:\/\/viskikaappi.net\/index.php\/wp-json\/wp\/v2\/media?parent=218"}],"curies":[{"name":"wp","href":"https:\/\/api.w.org\/{rel}","templated":true}]}}