{"id":25,"date":"2020-10-30T23:16:08","date_gmt":"2020-10-30T21:16:08","guid":{"rendered":"http:\/\/88.99.26.106\/~viskikaa\/testi\/?page_id=25"},"modified":"2021-03-13T00:39:19","modified_gmt":"2021-03-12T22:39:19","slug":"viskitislaamot","status":"publish","type":"page","link":"https:\/\/viskikaappi.net\/index.php\/viskitislaamot\/","title":{"rendered":"Tislaamot"},"content":{"rendered":"\n<p>T\u00e4m\u00e4n valikon alta l\u00f6yd\u00e4t tietoa eri tislaamoista. Pyrin p\u00e4ivitt\u00e4m\u00e4\u00e4n tietoa tislaamoista t\u00e4nne sit\u00e4 mukaa kuin aika riitt\u00e4\u00e4. Ajatus on lis\u00e4ill\u00e4 tislaamoita t\u00e4nne pikkuhiljaa aakkosj\u00e4rjestyksess\u00e4. L\u00e4htein\u00e4ni pyrin k\u00e4ytt\u00e4m\u00e4\u00e4n mahdollisimman montaa eri kirjallista l\u00e4hdett\u00e4 sek\u00e4 netist\u00e4 yleisesti saatavilla olevaa luotettavaa tietoa. Ristiriitaisuksilta ei voi l\u00e4hdemateriaalin runsauden vuoksi t\u00e4ysin v\u00e4ltty\u00e4, mutta toivottavasti yksitt\u00e4isist\u00e4 tislaamoiden kuvauksista ja niiden historiasta on ainakin jotain apua kaikille niille jotka hakevat lis\u00e4lukemista ja tietoa harrastuksensa tueksi.<\/p>\n","protected":false},"excerpt":{"rendered":"<p>T\u00e4m\u00e4n valikon alta l\u00f6yd\u00e4t tietoa eri tislaamoista. Pyrin p\u00e4ivitt\u00e4m\u00e4\u00e4n tietoa tislaamoista t\u00e4nne sit\u00e4 mukaa kuin aika riitt\u00e4\u00e4. Ajatus on lis\u00e4ill\u00e4 tislaamoita t\u00e4nne pikkuhiljaa aakkosj\u00e4rjestyksess\u00e4. L\u00e4htein\u00e4ni pyrin k\u00e4ytt\u00e4m\u00e4\u00e4n mahdollisimman montaa eri kirjallista l\u00e4hdett\u00e4 sek\u00e4 netist\u00e4 yleisesti saatavilla olevaa luotettavaa tietoa. Ristiriitaisuksilta ei voi l\u00e4hdemateriaalin runsauden vuoksi t\u00e4ysin v\u00e4ltty\u00e4, mutta toivottavasti yksitt\u00e4isist\u00e4 tislaamoiden kuvauksista ja niiden historiasta on ainakin jotain apua kaikille niille jotka hakevat lis\u00e4lukemista ja tietoa harrastuksensa tueksi.<\/p>\n","protected":false},"author":1,"featured_media":0,"parent":0,"menu_order":0,"comment_status":"closed","ping_status":"closed","template":"","meta":{"footnotes":""},"class_list":["post-25","page","type-page","status-publish","hentry"],"yoast_head":"<!-- This site is optimized with the Yoast SEO plugin v27.6 - https:\/\/yoast.com\/product\/yoast-seo-wordpress\/ -->\n<title>Tislaamot - Virtuaalinen Viskikaappi<\/title>\n<meta name=\"description\" content=\"T\u00e4m\u00e4n valikon alta l\u00f6yd\u00e4t tietoa eri tislaamoista. Pyrin p\u00e4ivitt\u00e4m\u00e4\u00e4n tietoa tislaamoista t\u00e4nne sit\u00e4 mukaa kuin aika riitt\u00e4\u00e4.\" \/>\n<meta name=\"robots\" content=\"index, follow, max-snippet:-1, max-image-preview:large, max-video-preview:-1\" \/>\n<link rel=\"canonical\" href=\"https:\/\/viskikaappi.net\/index.php\/viskitislaamot\/\" \/>\n<meta property=\"og:locale\" content=\"fi_FI\" \/>\n<meta property=\"og:type\" content=\"article\" \/>\n<meta property=\"og:title\" content=\"Tislaamot - Virtuaalinen Viskikaappi\" \/>\n<meta property=\"og:description\" content=\"T\u00e4m\u00e4n valikon alta l\u00f6yd\u00e4t tietoa eri tislaamoista. Pyrin p\u00e4ivitt\u00e4m\u00e4\u00e4n tietoa tislaamoista t\u00e4nne sit\u00e4 mukaa kuin aika riitt\u00e4\u00e4.\" \/>\n<meta property=\"og:url\" content=\"https:\/\/viskikaappi.net\/index.php\/viskitislaamot\/\" \/>\n<meta property=\"og:site_name\" content=\"Virtuaalinen Viskikaappi\" \/>\n<meta property=\"article:modified_time\" content=\"2021-03-12T22:39:19+00:00\" \/>\n<meta name=\"twitter:card\" content=\"summary_large_image\" \/>\n<meta name=\"twitter:label1\" content=\"Arvioitu lukuaika\" \/>\n\t<meta name=\"twitter:data1\" content=\"1 minuutti\" \/>\n<script type=\"application\/ld+json\" class=\"yoast-schema-graph\">{\"@context\":\"https:\\\/\\\/schema.org\",\"@graph\":[{\"@type\":\"WebPage\",\"@id\":\"https:\\\/\\\/viskikaappi.net\\\/index.php\\\/viskitislaamot\\\/\",\"url\":\"https:\\\/\\\/viskikaappi.net\\\/index.php\\\/viskitislaamot\\\/\",\"name\":\"Tislaamot - Virtuaalinen Viskikaappi\",\"isPartOf\":{\"@id\":\"https:\\\/\\\/viskikaappi.net\\\/#website\"},\"datePublished\":\"2020-10-30T21:16:08+00:00\",\"dateModified\":\"2021-03-12T22:39:19+00:00\",\"description\":\"T\u00e4m\u00e4n valikon alta l\u00f6yd\u00e4t tietoa eri tislaamoista. Pyrin p\u00e4ivitt\u00e4m\u00e4\u00e4n tietoa tislaamoista t\u00e4nne sit\u00e4 mukaa kuin aika riitt\u00e4\u00e4.\",\"breadcrumb\":{\"@id\":\"https:\\\/\\\/viskikaappi.net\\\/index.php\\\/viskitislaamot\\\/#breadcrumb\"},\"inLanguage\":\"fi\",\"potentialAction\":[{\"@type\":\"ReadAction\",\"target\":[\"https:\\\/\\\/viskikaappi.net\\\/index.php\\\/viskitislaamot\\\/\"]}]},{\"@type\":\"BreadcrumbList\",\"@id\":\"https:\\\/\\\/viskikaappi.net\\\/index.php\\\/viskitislaamot\\\/#breadcrumb\",\"itemListElement\":[{\"@type\":\"ListItem\",\"position\":1,\"name\":\"Etusivu\",\"item\":\"https:\\\/\\\/viskikaappi.net\\\/\"},{\"@type\":\"ListItem\",\"position\":2,\"name\":\"Tislaamot\"}]},{\"@type\":\"WebSite\",\"@id\":\"https:\\\/\\\/viskikaappi.net\\\/#website\",\"url\":\"https:\\\/\\\/viskikaappi.net\\\/\",\"name\":\"Virtuaalinen Viskikaappi\",\"description\":\"\",\"publisher\":{\"@id\":\"https:\\\/\\\/viskikaappi.net\\\/#\\\/schema\\\/person\\\/e43eed2d832b7e7283b48a4fd5d50d18\"},\"potentialAction\":[{\"@type\":\"SearchAction\",\"target\":{\"@type\":\"EntryPoint\",\"urlTemplate\":\"https:\\\/\\\/viskikaappi.net\\\/?s={search_term_string}\"},\"query-input\":{\"@type\":\"PropertyValueSpecification\",\"valueRequired\":true,\"valueName\":\"search_term_string\"}}],\"inLanguage\":\"fi\"},{\"@type\":[\"Person\",\"Organization\"],\"@id\":\"https:\\\/\\\/viskikaappi.net\\\/#\\\/schema\\\/person\\\/e43eed2d832b7e7283b48a4fd5d50d18\",\"name\":\"Antti Tuurala\",\"image\":{\"@type\":\"ImageObject\",\"inLanguage\":\"fi\",\"@id\":\"https:\\\/\\\/viskikaappi.net\\\/wp-content\\\/uploads\\\/2020\\\/11\\\/cropped-Tausta_1_logo.png\",\"url\":\"https:\\\/\\\/viskikaappi.net\\\/wp-content\\\/uploads\\\/2020\\\/11\\\/cropped-Tausta_1_logo.png\",\"contentUrl\":\"https:\\\/\\\/viskikaappi.net\\\/wp-content\\\/uploads\\\/2020\\\/11\\\/cropped-Tausta_1_logo.png\",\"width\":1186,\"height\":500,\"caption\":\"Antti Tuurala\"},\"logo\":{\"@id\":\"https:\\\/\\\/viskikaappi.net\\\/wp-content\\\/uploads\\\/2020\\\/11\\\/cropped-Tausta_1_logo.png\"},\"sameAs\":[\"https:\\\/\\\/viskikaappi.net\"]}]}<\/script>\n<!-- \/ Yoast SEO plugin. -->","yoast_head_json":{"title":"Tislaamot - Virtuaalinen Viskikaappi","description":"T\u00e4m\u00e4n valikon alta l\u00f6yd\u00e4t tietoa eri tislaamoista. Pyrin p\u00e4ivitt\u00e4m\u00e4\u00e4n tietoa tislaamoista t\u00e4nne sit\u00e4 mukaa kuin aika riitt\u00e4\u00e4.","robots":{"index":"index","follow":"follow","max-snippet":"max-snippet:-1","max-image-preview":"max-image-preview:large","max-video-preview":"max-video-preview:-1"},"canonical":"https:\/\/viskikaappi.net\/index.php\/viskitislaamot\/","og_locale":"fi_FI","og_type":"article","og_title":"Tislaamot - Virtuaalinen Viskikaappi","og_description":"T\u00e4m\u00e4n valikon alta l\u00f6yd\u00e4t tietoa eri tislaamoista. Pyrin p\u00e4ivitt\u00e4m\u00e4\u00e4n tietoa tislaamoista t\u00e4nne sit\u00e4 mukaa kuin aika riitt\u00e4\u00e4.","og_url":"https:\/\/viskikaappi.net\/index.php\/viskitislaamot\/","og_site_name":"Virtuaalinen Viskikaappi","article_modified_time":"2021-03-12T22:39:19+00:00","twitter_card":"summary_large_image","twitter_misc":{"Arvioitu lukuaika":"1 minuutti"},"schema":{"@context":"https:\/\/schema.org","@graph":[{"@type":"WebPage","@id":"https:\/\/viskikaappi.net\/index.php\/viskitislaamot\/","url":"https:\/\/viskikaappi.net\/index.php\/viskitislaamot\/","name":"Tislaamot - Virtuaalinen Viskikaappi","isPartOf":{"@id":"https:\/\/viskikaappi.net\/#website"},"datePublished":"2020-10-30T21:16:08+00:00","dateModified":"2021-03-12T22:39:19+00:00","description":"T\u00e4m\u00e4n valikon alta l\u00f6yd\u00e4t tietoa eri tislaamoista. Pyrin p\u00e4ivitt\u00e4m\u00e4\u00e4n tietoa tislaamoista t\u00e4nne sit\u00e4 mukaa kuin aika riitt\u00e4\u00e4.","breadcrumb":{"@id":"https:\/\/viskikaappi.net\/index.php\/viskitislaamot\/#breadcrumb"},"inLanguage":"fi","potentialAction":[{"@type":"ReadAction","target":["https:\/\/viskikaappi.net\/index.php\/viskitislaamot\/"]}]},{"@type":"BreadcrumbList","@id":"https:\/\/viskikaappi.net\/index.php\/viskitislaamot\/#breadcrumb","itemListElement":[{"@type":"ListItem","position":1,"name":"Etusivu","item":"https:\/\/viskikaappi.net\/"},{"@type":"ListItem","position":2,"name":"Tislaamot"}]},{"@type":"WebSite","@id":"https:\/\/viskikaappi.net\/#website","url":"https:\/\/viskikaappi.net\/","name":"Virtuaalinen Viskikaappi","description":"","publisher":{"@id":"https:\/\/viskikaappi.net\/#\/schema\/person\/e43eed2d832b7e7283b48a4fd5d50d18"},"potentialAction":[{"@type":"SearchAction","target":{"@type":"EntryPoint","urlTemplate":"https:\/\/viskikaappi.net\/?s={search_term_string}"},"query-input":{"@type":"PropertyValueSpecification","valueRequired":true,"valueName":"search_term_string"}}],"inLanguage":"fi"},{"@type":["Person","Organization"],"@id":"https:\/\/viskikaappi.net\/#\/schema\/person\/e43eed2d832b7e7283b48a4fd5d50d18","name":"Antti Tuurala","image":{"@type":"ImageObject","inLanguage":"fi","@id":"https:\/\/viskikaappi.net\/wp-content\/uploads\/2020\/11\/cropped-Tausta_1_logo.png","url":"https:\/\/viskikaappi.net\/wp-content\/uploads\/2020\/11\/cropped-Tausta_1_logo.png","contentUrl":"https:\/\/viskikaappi.net\/wp-content\/uploads\/2020\/11\/cropped-Tausta_1_logo.png","width":1186,"height":500,"caption":"Antti Tuurala"},"logo":{"@id":"https:\/\/viskikaappi.net\/wp-content\/uploads\/2020\/11\/cropped-Tausta_1_logo.png"},"sameAs":["https:\/\/viskikaappi.net"]}]}},"_links":{"self":[{"href":"https:\/\/viskikaappi.net\/index.php\/wp-json\/wp\/v2\/pages\/25","targetHints":{"allow":["GET"]}}],"collection":[{"href":"https:\/\/viskikaappi.net\/index.php\/wp-json\/wp\/v2\/pages"}],"about":[{"href":"https:\/\/viskikaappi.net\/index.php\/wp-json\/wp\/v2\/types\/page"}],"author":[{"embeddable":true,"href":"https:\/\/viskikaappi.net\/index.php\/wp-json\/wp\/v2\/users\/1"}],"replies":[{"embeddable":true,"href":"https:\/\/viskikaappi.net\/index.php\/wp-json\/wp\/v2\/comments?post=25"}],"version-history":[{"count":3,"href":"https:\/\/viskikaappi.net\/index.php\/wp-json\/wp\/v2\/pages\/25\/revisions"}],"predecessor-version":[{"id":437,"href":"https:\/\/viskikaappi.net\/index.php\/wp-json\/wp\/v2\/pages\/25\/revisions\/437"}],"wp:attachment":[{"href":"https:\/\/viskikaappi.net\/index.php\/wp-json\/wp\/v2\/media?parent=25"}],"curies":[{"name":"wp","href":"https:\/\/api.w.org\/{rel}","templated":true}]}}