{"id":29,"date":"2020-10-30T23:16:08","date_gmt":"2020-10-30T21:16:08","guid":{"rendered":"http:\/\/88.99.26.106\/~viskikaa\/testi\/?page_id=29"},"modified":"2021-09-15T16:53:13","modified_gmt":"2021-09-15T13:53:13","slug":"yllapitaja","status":"publish","type":"page","link":"https:\/\/viskikaappi.net\/index.php\/yllapitaja\/","title":{"rendered":"Yll\u00e4pit\u00e4j\u00e4"},"content":{"rendered":"\n<div class=\"wp-block-image\"><figure class=\"aligncenter size-large is-resized\"><img loading=\"lazy\" decoding=\"async\" src=\"https:\/\/viskikaappi.net\/wp-content\/uploads\/2020\/10\/20190928_155106-768x1024.jpg\" alt=\"\" class=\"wp-image-97\" width=\"279\" height=\"371\" srcset=\"https:\/\/viskikaappi.net\/wp-content\/uploads\/2020\/10\/20190928_155106-768x1024.jpg 768w, https:\/\/viskikaappi.net\/wp-content\/uploads\/2020\/10\/20190928_155106-225x300.jpg 225w, https:\/\/viskikaappi.net\/wp-content\/uploads\/2020\/10\/20190928_155106-1152x1536.jpg 1152w, https:\/\/viskikaappi.net\/wp-content\/uploads\/2020\/10\/20190928_155106-1536x2048.jpg 1536w, https:\/\/viskikaappi.net\/wp-content\/uploads\/2020\/10\/20190928_155106-1140x1520.jpg 1140w, https:\/\/viskikaappi.net\/wp-content\/uploads\/2020\/10\/20190928_155106-scaled.jpg 1920w\" sizes=\"auto, (max-width: 279px) 100vw, 279px\" \/><\/figure><\/div>\n\n\n\n<p>Tervetuloa Virtuaaliseen Viskikaappiin! Sivustoa yll\u00e4pid\u00e4n min\u00e4, <strong>Antti Tuurala<\/strong> &#8211; viskiharrastaja jo toisessa sukupolvessa. Kipin\u00e4 jaloihin mallasjuomiin on edesmenneen is\u00e4ni peruja. Bowmore, Laphroaig, Lagavulin, Glenlivet, Glenfiddich &#8211; is\u00e4ni lempiviskej\u00e4 &#8211; valikoima oli tuolloin aika paljon suppeampi. Muistan jo 1980-luvun alusta, kun is\u00e4ni tuli takaisin ty\u00f6matkalta, istui sohvanurkkaan, kaatoi lasiinsa savulta tai muuten vaan erikoiselta tuoksuvaa juomaa ja nautiskeli siit\u00e4 tilkkasen rauhakseltaan nauttien.<\/p>\n\n\n\n<p>Kun ik\u00e4\u00e4 oli tarpeeksi, p\u00e4\u00e4sin aina silloin t\u00e4ll\u00f6in my\u00f6s itse osaltani nauttimaan n\u00e4ist\u00e4 jaloista juomista niist\u00e4 sen enemp\u00e4\u00e4 ymm\u00e4rt\u00e4m\u00e4tt\u00e4. Niiden tuoksujen monivivahteisuus ja erilaisuus kuitenkin her\u00e4tti huomioni. Is\u00e4ni tiesi mist\u00e4 mik\u00e4kin viski oli l\u00e4ht\u00f6isin, mutta ei ollut siin\u00e4 mieless\u00e4 viskiharrastaja kuin moni itsens\u00e4 sellaiseksi nyky\u00e4\u00e4n lukeva. H\u00e4n nautti juomasta siin\u00e4 hetkess\u00e4 &#8211; kuten nyky\u00e4\u00e4nkin niin monesti pit\u00e4isi. <\/p>\n\n\n\n<p>Vaikka &#8221;viskiharrastukseni&#8221; alkoikin jo nuorella i\u00e4ll\u00e4, niin vasta vuoden 2003 alussa allekirjoittaneeseen iski toden teolla viskik\u00e4rp\u00e4nen. Suurena apuna viskiharrastuksen alussa oli oman vaimoni minulle ostama Dave Broomin kirja: Viski\u00e4, viski\u00e4. T\u00e4t\u00e4 ennen taustalla oli jo useamman vuoden yst\u00e4v\u00e4ni kanssa jatkunut olutharrastus, joka osaltaan toimi kipin\u00e4n\u00e4 tutustua my\u00f6s tislattujen juomien makumaailmaan.<\/p>\n\n\n\n<p>Sittemmin kokemusta on karttunut ja kirjastokin kasvanut, mutta t\u00e4rkeimp\u00e4n\u00e4 ohjenuorana on edelleen pysynyt el\u00e4m\u00e4n vedest\u00e4 nauttiminen ilman turhia paineita. Sen seurauksena sai alkunsa Virtuaalinen Viskikaappi, jonka kautta halusin jakaa tietoa my\u00f6s muille viskeist\u00e4 kiinnostuneille.<\/p>\n\n\n\n<div class=\"wp-block-image\"><figure class=\"aligncenter size-large is-resized\"><img loading=\"lazy\" decoding=\"async\" src=\"https:\/\/viskikaappi.net\/wp-content\/uploads\/2020\/11\/Vanha_kaappi_1-1024x583.png\" alt=\"\" class=\"wp-image-231\" width=\"360\" height=\"205\" srcset=\"https:\/\/viskikaappi.net\/wp-content\/uploads\/2020\/11\/Vanha_kaappi_1-1024x583.png 1024w, https:\/\/viskikaappi.net\/wp-content\/uploads\/2020\/11\/Vanha_kaappi_1-300x171.png 300w, https:\/\/viskikaappi.net\/wp-content\/uploads\/2020\/11\/Vanha_kaappi_1-768x437.png 768w, https:\/\/viskikaappi.net\/wp-content\/uploads\/2020\/11\/Vanha_kaappi_1-1140x649.png 1140w, https:\/\/viskikaappi.net\/wp-content\/uploads\/2020\/11\/Vanha_kaappi_1.png 1343w\" sizes=\"auto, (max-width: 360px) 100vw, 360px\" \/><figcaption>Vanha Virtuaalinen Viskikaappi &#8211; 16 vuotta on pitk\u00e4 aika!<\/figcaption><\/figure><\/div>\n\n\n\n<p>Alkuper\u00e4inen Virtuaalinen Viskikaappi sai alkunsa t\u00e4t\u00e4 kirjoittaessa noin 16 vuotta sitten, mutta jo vuonna 2020 tuli aika uudistua ja siirt\u00e4\u00e4 sivusto uudelle alustalle! Tarkoituksena on jatkossa t\u00e4ydent\u00e4\u00e4 jo jaettua tietoa ja keskitty\u00e4 enemm\u00e4n my\u00f6s blogityyliseen sis\u00e4lt\u00f6\u00f6n. Sivuiltani voit lukea niin maistelunuotteja, kuin viskimaailman kuulumisia unohtamatta perustietoa viskist\u00e4, sen valmistuksesta ja nauttimisesta.<\/p>\n\n\n\n<p>Sivuilta aiemmin l\u00f6ytynyt keskustelufoorumi &#8211; Virtuaalinen Viskiforum &#8211; j\u00e4\u00e4 n\u00e4iden uusien sivujen my\u00f6t\u00e4 historian lehdille sellaisena kuin se aiemmin on toiminut. Aika on ajanut ohi perinteisist\u00e4 keskusteluforumeista Facebookin, Twitterin ja muiden sosiaalisten medioiden vallatessa viskiharrastajienkin syd\u00e4met. Kaikki entisen forumin tekstit ovat kuitenkin luettavissa <a href=\"https:\/\/viskikaappi.net\/foorumi\/\" data-type=\"URL\" data-id=\"https:\/\/viskikaappi.net\/foorumi\/\" target=\"_blank\" rel=\"noreferrer noopener\">t\u00e4\u00e4lt\u00e4<\/a>.<\/p>\n\n\n\n<p>Iloisia lukuhetki\u00e4! Mielipiteet ovat omiani ja niist\u00e4 saa olla eri mielt\u00e4. Toivottavasti kuitenkin l\u00f6yd\u00e4t t\u00e4\u00e4lt\u00e4 my\u00f6s itse\u00e4si kiinnostavaa sis\u00e4lt\u00f6\u00e4, joka parhaassa tapauksessa auttaa sinua eteenp\u00e4in oman viskiharrastuksesi parissa.<\/p>\n","protected":false},"excerpt":{"rendered":"<p>Tervetuloa Virtuaaliseen Viskikaappiin! Sivustoa yll\u00e4pid\u00e4n min\u00e4, Antti Tuurala &#8211; viskiharrastaja jo toisessa sukupolvessa. Kipin\u00e4 jaloihin mallasjuomiin on edesmenneen is\u00e4ni peruja. Bowmore, Laphroaig, Lagavulin, Glenlivet, Glenfiddich &#8211; is\u00e4ni lempiviskej\u00e4 &#8211; valikoima oli tuolloin aika paljon suppeampi. Muistan jo 1980-luvun alusta, kun is\u00e4ni tuli takaisin ty\u00f6matkalta, istui sohvanurkkaan, kaatoi lasiinsa savulta tai muuten vaan erikoiselta tuoksuvaa juomaa ja nautiskeli siit\u00e4 tilkkasen rauhakseltaan nauttien. Kun ik\u00e4\u00e4 oli tarpeeksi, p\u00e4\u00e4sin aina silloin t\u00e4ll\u00f6in my\u00f6s itse osaltani nauttimaan n\u00e4ist\u00e4 jaloista juomista niist\u00e4 sen enemp\u00e4\u00e4 ymm\u00e4rt\u00e4m\u00e4tt\u00e4. Niiden tuoksujen monivivahteisuus ja erilaisuus kuitenkin her\u00e4tti huomioni. Is\u00e4ni tiesi mist\u00e4 mik\u00e4kin viski oli l\u00e4ht\u00f6isin, mutta ei ollut siin\u00e4 mieless\u00e4 viskiharrastaja kuin moni itsens\u00e4 sellaiseksi nyky\u00e4\u00e4n lukeva. H\u00e4n nautti juomasta siin\u00e4 hetkess\u00e4 &#8211; kuten nyky\u00e4\u00e4nkin niin monesti pit\u00e4isi. Vaikka &#8221;viskiharrastukseni&#8221; alkoikin jo nuorella i\u00e4ll\u00e4, niin vasta vuoden 2003 alussa allekirjoittaneeseen iski toden teolla viskik\u00e4rp\u00e4nen. Suurena apuna viskiharrastuksen alussa oli oman vaimoni minulle ostama Dave Broomin kirja: Viski\u00e4, viski\u00e4. T\u00e4t\u00e4 ennen taustalla oli jo useamman vuoden yst\u00e4v\u00e4ni kanssa jatkunut olutharrastus, joka osaltaan toimi kipin\u00e4n\u00e4 tutustua my\u00f6s tislattujen juomien makumaailmaan. Sittemmin kokemusta on karttunut ja kirjastokin kasvanut, mutta t\u00e4rkeimp\u00e4n\u00e4 ohjenuorana on edelleen pysynyt el\u00e4m\u00e4n vedest\u00e4 nauttiminen ilman turhia paineita. Sen seurauksena sai alkunsa Virtuaalinen Viskikaappi, jonka kautta halusin jakaa tietoa my\u00f6s muille viskeist\u00e4 kiinnostuneille. Alkuper\u00e4inen Virtuaalinen Viskikaappi sai alkunsa t\u00e4t\u00e4 kirjoittaessa noin 16 vuotta sitten, mutta jo vuonna 2020 tuli aika uudistua ja siirt\u00e4\u00e4 sivusto uudelle alustalle! Tarkoituksena on jatkossa t\u00e4ydent\u00e4\u00e4 jo jaettua tietoa ja keskitty\u00e4 enemm\u00e4n my\u00f6s blogityyliseen sis\u00e4lt\u00f6\u00f6n. Sivuiltani voit lukea niin maistelunuotteja, kuin viskimaailman kuulumisia unohtamatta perustietoa viskist\u00e4, sen valmistuksesta ja nauttimisesta. Sivuilta aiemmin l\u00f6ytynyt keskustelufoorumi &#8211; Virtuaalinen Viskiforum &#8211; j\u00e4\u00e4 n\u00e4iden uusien sivujen my\u00f6t\u00e4 historian lehdille sellaisena kuin se aiemmin on toiminut. Aika on ajanut ohi perinteisist\u00e4 keskusteluforumeista Facebookin, Twitterin ja muiden sosiaalisten medioiden vallatessa viskiharrastajienkin syd\u00e4met. Kaikki entisen forumin tekstit ovat kuitenkin luettavissa t\u00e4\u00e4lt\u00e4. Iloisia lukuhetki\u00e4! Mielipiteet ovat omiani ja niist\u00e4 saa olla eri mielt\u00e4. Toivottavasti kuitenkin l\u00f6yd\u00e4t t\u00e4\u00e4lt\u00e4 my\u00f6s itse\u00e4si kiinnostavaa sis\u00e4lt\u00f6\u00e4, joka parhaassa tapauksessa auttaa sinua eteenp\u00e4in oman viskiharrastuksesi parissa.<\/p>\n","protected":false},"author":1,"featured_media":0,"parent":0,"menu_order":0,"comment_status":"closed","ping_status":"closed","template":"","meta":{"footnotes":""},"class_list":["post-29","page","type-page","status-publish","hentry"],"yoast_head":"<!-- This site is optimized with the Yoast SEO plugin v27.6 - https:\/\/yoast.com\/product\/yoast-seo-wordpress\/ -->\n<title>Yll\u00e4pit\u00e4j\u00e4 - Virtuaalinen Viskikaappi<\/title>\n<meta name=\"robots\" content=\"index, follow, max-snippet:-1, max-image-preview:large, max-video-preview:-1\" \/>\n<link rel=\"canonical\" href=\"https:\/\/viskikaappi.net\/index.php\/yllapitaja\/\" \/>\n<meta property=\"og:locale\" content=\"fi_FI\" \/>\n<meta property=\"og:type\" content=\"article\" \/>\n<meta property=\"og:title\" content=\"Yll\u00e4pit\u00e4j\u00e4 - Virtuaalinen Viskikaappi\" \/>\n<meta property=\"og:description\" content=\"Tervetuloa Virtuaaliseen Viskikaappiin! Sivustoa yll\u00e4pid\u00e4n min\u00e4, Antti Tuurala &#8211; viskiharrastaja jo toisessa sukupolvessa. Kipin\u00e4 jaloihin mallasjuomiin on edesmenneen is\u00e4ni peruja. Bowmore, Laphroaig, Lagavulin, Glenlivet, Glenfiddich &#8211; is\u00e4ni lempiviskej\u00e4 &#8211; valikoima oli tuolloin aika paljon suppeampi. Muistan jo 1980-luvun alusta, kun is\u00e4ni tuli takaisin ty\u00f6matkalta, istui sohvanurkkaan, kaatoi lasiinsa savulta tai muuten vaan erikoiselta tuoksuvaa juomaa ja nautiskeli siit\u00e4 tilkkasen rauhakseltaan nauttien. Kun ik\u00e4\u00e4 oli tarpeeksi, p\u00e4\u00e4sin aina silloin t\u00e4ll\u00f6in my\u00f6s itse osaltani nauttimaan n\u00e4ist\u00e4 jaloista juomista niist\u00e4 sen enemp\u00e4\u00e4 ymm\u00e4rt\u00e4m\u00e4tt\u00e4. Niiden tuoksujen monivivahteisuus ja erilaisuus kuitenkin her\u00e4tti huomioni. Is\u00e4ni tiesi mist\u00e4 mik\u00e4kin viski oli l\u00e4ht\u00f6isin, mutta ei ollut siin\u00e4 mieless\u00e4 viskiharrastaja kuin moni itsens\u00e4 sellaiseksi nyky\u00e4\u00e4n lukeva. H\u00e4n nautti juomasta siin\u00e4 hetkess\u00e4 &#8211; kuten nyky\u00e4\u00e4nkin niin monesti pit\u00e4isi. Vaikka &#8221;viskiharrastukseni&#8221; alkoikin jo nuorella i\u00e4ll\u00e4, niin vasta vuoden 2003 alussa allekirjoittaneeseen iski toden teolla viskik\u00e4rp\u00e4nen. Suurena apuna viskiharrastuksen alussa oli oman vaimoni minulle ostama Dave Broomin kirja: Viski\u00e4, viski\u00e4. T\u00e4t\u00e4 ennen taustalla oli jo useamman vuoden yst\u00e4v\u00e4ni kanssa jatkunut olutharrastus, joka osaltaan toimi kipin\u00e4n\u00e4 tutustua my\u00f6s tislattujen juomien makumaailmaan. Sittemmin kokemusta on karttunut ja kirjastokin kasvanut, mutta t\u00e4rkeimp\u00e4n\u00e4 ohjenuorana on edelleen pysynyt el\u00e4m\u00e4n vedest\u00e4 nauttiminen ilman turhia paineita. Sen seurauksena sai alkunsa Virtuaalinen Viskikaappi, jonka kautta halusin jakaa tietoa my\u00f6s muille viskeist\u00e4 kiinnostuneille. Alkuper\u00e4inen Virtuaalinen Viskikaappi sai alkunsa t\u00e4t\u00e4 kirjoittaessa noin 16 vuotta sitten, mutta jo vuonna 2020 tuli aika uudistua ja siirt\u00e4\u00e4 sivusto uudelle alustalle! Tarkoituksena on jatkossa t\u00e4ydent\u00e4\u00e4 jo jaettua tietoa ja keskitty\u00e4 enemm\u00e4n my\u00f6s blogityyliseen sis\u00e4lt\u00f6\u00f6n. Sivuiltani voit lukea niin maistelunuotteja, kuin viskimaailman kuulumisia unohtamatta perustietoa viskist\u00e4, sen valmistuksesta ja nauttimisesta. Sivuilta aiemmin l\u00f6ytynyt keskustelufoorumi &#8211; Virtuaalinen Viskiforum &#8211; j\u00e4\u00e4 n\u00e4iden uusien sivujen my\u00f6t\u00e4 historian lehdille sellaisena kuin se aiemmin on toiminut. Aika on ajanut ohi perinteisist\u00e4 keskusteluforumeista Facebookin, Twitterin ja muiden sosiaalisten medioiden vallatessa viskiharrastajienkin syd\u00e4met. Kaikki entisen forumin tekstit ovat kuitenkin luettavissa t\u00e4\u00e4lt\u00e4. Iloisia lukuhetki\u00e4! Mielipiteet ovat omiani ja niist\u00e4 saa olla eri mielt\u00e4. Toivottavasti kuitenkin l\u00f6yd\u00e4t t\u00e4\u00e4lt\u00e4 my\u00f6s itse\u00e4si kiinnostavaa sis\u00e4lt\u00f6\u00e4, joka parhaassa tapauksessa auttaa sinua eteenp\u00e4in oman viskiharrastuksesi parissa.\" \/>\n<meta property=\"og:url\" content=\"https:\/\/viskikaappi.net\/index.php\/yllapitaja\/\" \/>\n<meta property=\"og:site_name\" content=\"Virtuaalinen Viskikaappi\" \/>\n<meta property=\"article:modified_time\" content=\"2021-09-15T13:53:13+00:00\" \/>\n<meta property=\"og:image\" content=\"https:\/\/viskikaappi.net\/wp-content\/uploads\/2020\/10\/20190928_155106-768x1024.jpg\" \/>\n<meta name=\"twitter:card\" content=\"summary_large_image\" \/>\n<meta name=\"twitter:label1\" content=\"Arvioitu lukuaika\" \/>\n\t<meta name=\"twitter:data1\" content=\"2 minuuttia\" \/>\n<script type=\"application\/ld+json\" class=\"yoast-schema-graph\">{\"@context\":\"https:\\\/\\\/schema.org\",\"@graph\":[{\"@type\":\"WebPage\",\"@id\":\"https:\\\/\\\/viskikaappi.net\\\/index.php\\\/yllapitaja\\\/\",\"url\":\"https:\\\/\\\/viskikaappi.net\\\/index.php\\\/yllapitaja\\\/\",\"name\":\"Yll\u00e4pit\u00e4j\u00e4 - Virtuaalinen Viskikaappi\",\"isPartOf\":{\"@id\":\"https:\\\/\\\/viskikaappi.net\\\/#website\"},\"primaryImageOfPage\":{\"@id\":\"https:\\\/\\\/viskikaappi.net\\\/index.php\\\/yllapitaja\\\/#primaryimage\"},\"image\":{\"@id\":\"https:\\\/\\\/viskikaappi.net\\\/index.php\\\/yllapitaja\\\/#primaryimage\"},\"thumbnailUrl\":\"https:\\\/\\\/viskikaappi.net\\\/wp-content\\\/uploads\\\/2020\\\/10\\\/20190928_155106-768x1024.jpg\",\"datePublished\":\"2020-10-30T21:16:08+00:00\",\"dateModified\":\"2021-09-15T13:53:13+00:00\",\"breadcrumb\":{\"@id\":\"https:\\\/\\\/viskikaappi.net\\\/index.php\\\/yllapitaja\\\/#breadcrumb\"},\"inLanguage\":\"fi\",\"potentialAction\":[{\"@type\":\"ReadAction\",\"target\":[\"https:\\\/\\\/viskikaappi.net\\\/index.php\\\/yllapitaja\\\/\"]}]},{\"@type\":\"ImageObject\",\"inLanguage\":\"fi\",\"@id\":\"https:\\\/\\\/viskikaappi.net\\\/index.php\\\/yllapitaja\\\/#primaryimage\",\"url\":\"https:\\\/\\\/viskikaappi.net\\\/wp-content\\\/uploads\\\/2020\\\/10\\\/20190928_155106-768x1024.jpg\",\"contentUrl\":\"https:\\\/\\\/viskikaappi.net\\\/wp-content\\\/uploads\\\/2020\\\/10\\\/20190928_155106-768x1024.jpg\"},{\"@type\":\"BreadcrumbList\",\"@id\":\"https:\\\/\\\/viskikaappi.net\\\/index.php\\\/yllapitaja\\\/#breadcrumb\",\"itemListElement\":[{\"@type\":\"ListItem\",\"position\":1,\"name\":\"Etusivu\",\"item\":\"https:\\\/\\\/viskikaappi.net\\\/\"},{\"@type\":\"ListItem\",\"position\":2,\"name\":\"Yll\u00e4pit\u00e4j\u00e4\"}]},{\"@type\":\"WebSite\",\"@id\":\"https:\\\/\\\/viskikaappi.net\\\/#website\",\"url\":\"https:\\\/\\\/viskikaappi.net\\\/\",\"name\":\"Virtuaalinen Viskikaappi\",\"description\":\"\",\"publisher\":{\"@id\":\"https:\\\/\\\/viskikaappi.net\\\/#\\\/schema\\\/person\\\/e43eed2d832b7e7283b48a4fd5d50d18\"},\"potentialAction\":[{\"@type\":\"SearchAction\",\"target\":{\"@type\":\"EntryPoint\",\"urlTemplate\":\"https:\\\/\\\/viskikaappi.net\\\/?s={search_term_string}\"},\"query-input\":{\"@type\":\"PropertyValueSpecification\",\"valueRequired\":true,\"valueName\":\"search_term_string\"}}],\"inLanguage\":\"fi\"},{\"@type\":[\"Person\",\"Organization\"],\"@id\":\"https:\\\/\\\/viskikaappi.net\\\/#\\\/schema\\\/person\\\/e43eed2d832b7e7283b48a4fd5d50d18\",\"name\":\"Antti Tuurala\",\"image\":{\"@type\":\"ImageObject\",\"inLanguage\":\"fi\",\"@id\":\"https:\\\/\\\/viskikaappi.net\\\/wp-content\\\/uploads\\\/2020\\\/11\\\/cropped-Tausta_1_logo.png\",\"url\":\"https:\\\/\\\/viskikaappi.net\\\/wp-content\\\/uploads\\\/2020\\\/11\\\/cropped-Tausta_1_logo.png\",\"contentUrl\":\"https:\\\/\\\/viskikaappi.net\\\/wp-content\\\/uploads\\\/2020\\\/11\\\/cropped-Tausta_1_logo.png\",\"width\":1186,\"height\":500,\"caption\":\"Antti Tuurala\"},\"logo\":{\"@id\":\"https:\\\/\\\/viskikaappi.net\\\/wp-content\\\/uploads\\\/2020\\\/11\\\/cropped-Tausta_1_logo.png\"},\"sameAs\":[\"https:\\\/\\\/viskikaappi.net\"]}]}<\/script>\n<!-- \/ Yoast SEO plugin. -->","yoast_head_json":{"title":"Yll\u00e4pit\u00e4j\u00e4 - Virtuaalinen Viskikaappi","robots":{"index":"index","follow":"follow","max-snippet":"max-snippet:-1","max-image-preview":"max-image-preview:large","max-video-preview":"max-video-preview:-1"},"canonical":"https:\/\/viskikaappi.net\/index.php\/yllapitaja\/","og_locale":"fi_FI","og_type":"article","og_title":"Yll\u00e4pit\u00e4j\u00e4 - Virtuaalinen Viskikaappi","og_description":"Tervetuloa Virtuaaliseen Viskikaappiin! Sivustoa yll\u00e4pid\u00e4n min\u00e4, Antti Tuurala &#8211; viskiharrastaja jo toisessa sukupolvessa. Kipin\u00e4 jaloihin mallasjuomiin on edesmenneen is\u00e4ni peruja. Bowmore, Laphroaig, Lagavulin, Glenlivet, Glenfiddich &#8211; is\u00e4ni lempiviskej\u00e4 &#8211; valikoima oli tuolloin aika paljon suppeampi. Muistan jo 1980-luvun alusta, kun is\u00e4ni tuli takaisin ty\u00f6matkalta, istui sohvanurkkaan, kaatoi lasiinsa savulta tai muuten vaan erikoiselta tuoksuvaa juomaa ja nautiskeli siit\u00e4 tilkkasen rauhakseltaan nauttien. Kun ik\u00e4\u00e4 oli tarpeeksi, p\u00e4\u00e4sin aina silloin t\u00e4ll\u00f6in my\u00f6s itse osaltani nauttimaan n\u00e4ist\u00e4 jaloista juomista niist\u00e4 sen enemp\u00e4\u00e4 ymm\u00e4rt\u00e4m\u00e4tt\u00e4. Niiden tuoksujen monivivahteisuus ja erilaisuus kuitenkin her\u00e4tti huomioni. Is\u00e4ni tiesi mist\u00e4 mik\u00e4kin viski oli l\u00e4ht\u00f6isin, mutta ei ollut siin\u00e4 mieless\u00e4 viskiharrastaja kuin moni itsens\u00e4 sellaiseksi nyky\u00e4\u00e4n lukeva. H\u00e4n nautti juomasta siin\u00e4 hetkess\u00e4 &#8211; kuten nyky\u00e4\u00e4nkin niin monesti pit\u00e4isi. Vaikka &#8221;viskiharrastukseni&#8221; alkoikin jo nuorella i\u00e4ll\u00e4, niin vasta vuoden 2003 alussa allekirjoittaneeseen iski toden teolla viskik\u00e4rp\u00e4nen. Suurena apuna viskiharrastuksen alussa oli oman vaimoni minulle ostama Dave Broomin kirja: Viski\u00e4, viski\u00e4. T\u00e4t\u00e4 ennen taustalla oli jo useamman vuoden yst\u00e4v\u00e4ni kanssa jatkunut olutharrastus, joka osaltaan toimi kipin\u00e4n\u00e4 tutustua my\u00f6s tislattujen juomien makumaailmaan. Sittemmin kokemusta on karttunut ja kirjastokin kasvanut, mutta t\u00e4rkeimp\u00e4n\u00e4 ohjenuorana on edelleen pysynyt el\u00e4m\u00e4n vedest\u00e4 nauttiminen ilman turhia paineita. Sen seurauksena sai alkunsa Virtuaalinen Viskikaappi, jonka kautta halusin jakaa tietoa my\u00f6s muille viskeist\u00e4 kiinnostuneille. Alkuper\u00e4inen Virtuaalinen Viskikaappi sai alkunsa t\u00e4t\u00e4 kirjoittaessa noin 16 vuotta sitten, mutta jo vuonna 2020 tuli aika uudistua ja siirt\u00e4\u00e4 sivusto uudelle alustalle! Tarkoituksena on jatkossa t\u00e4ydent\u00e4\u00e4 jo jaettua tietoa ja keskitty\u00e4 enemm\u00e4n my\u00f6s blogityyliseen sis\u00e4lt\u00f6\u00f6n. Sivuiltani voit lukea niin maistelunuotteja, kuin viskimaailman kuulumisia unohtamatta perustietoa viskist\u00e4, sen valmistuksesta ja nauttimisesta. Sivuilta aiemmin l\u00f6ytynyt keskustelufoorumi &#8211; Virtuaalinen Viskiforum &#8211; j\u00e4\u00e4 n\u00e4iden uusien sivujen my\u00f6t\u00e4 historian lehdille sellaisena kuin se aiemmin on toiminut. Aika on ajanut ohi perinteisist\u00e4 keskusteluforumeista Facebookin, Twitterin ja muiden sosiaalisten medioiden vallatessa viskiharrastajienkin syd\u00e4met. Kaikki entisen forumin tekstit ovat kuitenkin luettavissa t\u00e4\u00e4lt\u00e4. Iloisia lukuhetki\u00e4! Mielipiteet ovat omiani ja niist\u00e4 saa olla eri mielt\u00e4. Toivottavasti kuitenkin l\u00f6yd\u00e4t t\u00e4\u00e4lt\u00e4 my\u00f6s itse\u00e4si kiinnostavaa sis\u00e4lt\u00f6\u00e4, joka parhaassa tapauksessa auttaa sinua eteenp\u00e4in oman viskiharrastuksesi parissa.","og_url":"https:\/\/viskikaappi.net\/index.php\/yllapitaja\/","og_site_name":"Virtuaalinen Viskikaappi","article_modified_time":"2021-09-15T13:53:13+00:00","og_image":[{"url":"https:\/\/viskikaappi.net\/wp-content\/uploads\/2020\/10\/20190928_155106-768x1024.jpg","type":"","width":"","height":""}],"twitter_card":"summary_large_image","twitter_misc":{"Arvioitu lukuaika":"2 minuuttia"},"schema":{"@context":"https:\/\/schema.org","@graph":[{"@type":"WebPage","@id":"https:\/\/viskikaappi.net\/index.php\/yllapitaja\/","url":"https:\/\/viskikaappi.net\/index.php\/yllapitaja\/","name":"Yll\u00e4pit\u00e4j\u00e4 - Virtuaalinen Viskikaappi","isPartOf":{"@id":"https:\/\/viskikaappi.net\/#website"},"primaryImageOfPage":{"@id":"https:\/\/viskikaappi.net\/index.php\/yllapitaja\/#primaryimage"},"image":{"@id":"https:\/\/viskikaappi.net\/index.php\/yllapitaja\/#primaryimage"},"thumbnailUrl":"https:\/\/viskikaappi.net\/wp-content\/uploads\/2020\/10\/20190928_155106-768x1024.jpg","datePublished":"2020-10-30T21:16:08+00:00","dateModified":"2021-09-15T13:53:13+00:00","breadcrumb":{"@id":"https:\/\/viskikaappi.net\/index.php\/yllapitaja\/#breadcrumb"},"inLanguage":"fi","potentialAction":[{"@type":"ReadAction","target":["https:\/\/viskikaappi.net\/index.php\/yllapitaja\/"]}]},{"@type":"ImageObject","inLanguage":"fi","@id":"https:\/\/viskikaappi.net\/index.php\/yllapitaja\/#primaryimage","url":"https:\/\/viskikaappi.net\/wp-content\/uploads\/2020\/10\/20190928_155106-768x1024.jpg","contentUrl":"https:\/\/viskikaappi.net\/wp-content\/uploads\/2020\/10\/20190928_155106-768x1024.jpg"},{"@type":"BreadcrumbList","@id":"https:\/\/viskikaappi.net\/index.php\/yllapitaja\/#breadcrumb","itemListElement":[{"@type":"ListItem","position":1,"name":"Etusivu","item":"https:\/\/viskikaappi.net\/"},{"@type":"ListItem","position":2,"name":"Yll\u00e4pit\u00e4j\u00e4"}]},{"@type":"WebSite","@id":"https:\/\/viskikaappi.net\/#website","url":"https:\/\/viskikaappi.net\/","name":"Virtuaalinen Viskikaappi","description":"","publisher":{"@id":"https:\/\/viskikaappi.net\/#\/schema\/person\/e43eed2d832b7e7283b48a4fd5d50d18"},"potentialAction":[{"@type":"SearchAction","target":{"@type":"EntryPoint","urlTemplate":"https:\/\/viskikaappi.net\/?s={search_term_string}"},"query-input":{"@type":"PropertyValueSpecification","valueRequired":true,"valueName":"search_term_string"}}],"inLanguage":"fi"},{"@type":["Person","Organization"],"@id":"https:\/\/viskikaappi.net\/#\/schema\/person\/e43eed2d832b7e7283b48a4fd5d50d18","name":"Antti Tuurala","image":{"@type":"ImageObject","inLanguage":"fi","@id":"https:\/\/viskikaappi.net\/wp-content\/uploads\/2020\/11\/cropped-Tausta_1_logo.png","url":"https:\/\/viskikaappi.net\/wp-content\/uploads\/2020\/11\/cropped-Tausta_1_logo.png","contentUrl":"https:\/\/viskikaappi.net\/wp-content\/uploads\/2020\/11\/cropped-Tausta_1_logo.png","width":1186,"height":500,"caption":"Antti Tuurala"},"logo":{"@id":"https:\/\/viskikaappi.net\/wp-content\/uploads\/2020\/11\/cropped-Tausta_1_logo.png"},"sameAs":["https:\/\/viskikaappi.net"]}]}},"_links":{"self":[{"href":"https:\/\/viskikaappi.net\/index.php\/wp-json\/wp\/v2\/pages\/29","targetHints":{"allow":["GET"]}}],"collection":[{"href":"https:\/\/viskikaappi.net\/index.php\/wp-json\/wp\/v2\/pages"}],"about":[{"href":"https:\/\/viskikaappi.net\/index.php\/wp-json\/wp\/v2\/types\/page"}],"author":[{"embeddable":true,"href":"https:\/\/viskikaappi.net\/index.php\/wp-json\/wp\/v2\/users\/1"}],"replies":[{"embeddable":true,"href":"https:\/\/viskikaappi.net\/index.php\/wp-json\/wp\/v2\/comments?post=29"}],"version-history":[{"count":13,"href":"https:\/\/viskikaappi.net\/index.php\/wp-json\/wp\/v2\/pages\/29\/revisions"}],"predecessor-version":[{"id":521,"href":"https:\/\/viskikaappi.net\/index.php\/wp-json\/wp\/v2\/pages\/29\/revisions\/521"}],"wp:attachment":[{"href":"https:\/\/viskikaappi.net\/index.php\/wp-json\/wp\/v2\/media?parent=29"}],"curies":[{"name":"wp","href":"https:\/\/api.w.org\/{rel}","templated":true}]}}