{"id":372,"date":"2021-01-22T21:38:14","date_gmt":"2021-01-22T19:38:14","guid":{"rendered":"http:\/\/88.99.26.106\/~viskikaa\/testi\/?page_id=372"},"modified":"2021-03-13T00:02:15","modified_gmt":"2021-03-12T22:02:15","slug":"ardmore","status":"publish","type":"page","link":"https:\/\/viskikaappi.net\/index.php\/viskitislaamot\/highlands\/ardmore\/","title":{"rendered":"Ardmore"},"content":{"rendered":"\n<figure class=\"wp-block-image size-large\"><img loading=\"lazy\" decoding=\"async\" width=\"1024\" height=\"683\" src=\"https:\/\/viskikaappi.net\/wp-content\/uploads\/2021\/01\/Ardmore-2-1024x683.jpg\" alt=\"\" class=\"wp-image-373\" srcset=\"https:\/\/viskikaappi.net\/wp-content\/uploads\/2021\/01\/Ardmore-2-1024x683.jpg 1024w, https:\/\/viskikaappi.net\/wp-content\/uploads\/2021\/01\/Ardmore-2-300x200.jpg 300w, https:\/\/viskikaappi.net\/wp-content\/uploads\/2021\/01\/Ardmore-2-768x512.jpg 768w, https:\/\/viskikaappi.net\/wp-content\/uploads\/2021\/01\/Ardmore-2-1536x1024.jpg 1536w, https:\/\/viskikaappi.net\/wp-content\/uploads\/2021\/01\/Ardmore-2-1140x760.jpg 1140w, https:\/\/viskikaappi.net\/wp-content\/uploads\/2021\/01\/Ardmore-2-rotated.jpg 1620w\" sizes=\"auto, (max-width: 1024px) 100vw, 1024px\" \/><\/figure>\n\n\n\n<p><strong>Ardmore<\/strong> perustettiin vuonna 1898 tuottamaan mallasviski\u00e4 Teacher&#8217;s &amp; Sonsin suositun Highland Cream -sekoiteviskin komponentiksi. Perustajana oli Adam Teacher, joka kuoli hieman ennen kuin tislaamo valmistui. Ardmore sijaitsee l\u00e4hell\u00e4 Invernessin-Aberdeenin rataa, josta aikanaan rakennettiin pistoraide viskin ja raaka-aineiden kuljettamiseksi. Ardmorella k\u00e4ytettiin pitk\u00e4\u00e4n my\u00f6s h\u00f6yryvoimaa ja alkuper\u00e4inen h\u00f6yrykone on edelleen paikallaan ja k\u00e4ytt\u00f6kuntoinen.<\/p>\n\n\n\n<p>Tislaamolla oli alunperin kaksi tislauspannua, mutta niiden m\u00e4\u00e4r\u00e4 kasvoi nelj\u00e4\u00e4n vuonna 1955 ja vuonna 1974 niiden m\u00e4\u00e4r\u00e4 j\u00e4lleen kaksinkertaistui nykyiseen kahdeksaan. Tislaamo my\u00f6s mallasti omat maltaansa vuoteen 1976 asti. Samana vuonna tislaamo myytiin Allied Spiritsille. Ennen t\u00e4t\u00e4 tislaamo ei miss\u00e4\u00e4n vaiheessa pullottanut omaa tuotettaan single maltina, vaan kaikki tuotettu viski k\u00e4ytettiin sekoiteviskeihin muutamaa harvinaista yksityispullotetta lukuun ottamatta. <\/p>\n\n\n\n<p>Tislaamo k\u00e4ytti nykyisin jo eritt\u00e4in harvinaiseksi k\u00e4yneit\u00e4 suoraan hiilell\u00e4 l\u00e4mmitett\u00e4vi\u00e4 tislauspannuja aina vuoteen 2002 asti, kun tislauspannujen l\u00e4mmitykseen alettiin k\u00e4ytt\u00e4\u00e4 h\u00f6yry\u00e4. Vuonna 2005 Jim Beam brands osti tislaamon Allied Domeqilta ja vuodesta 2014 asti tislaamo on ollut Beam Suntoryn \/ Fortune Brandsin omistuksessa Suntoryn ja Jim Beamin yhdistytty\u00e4.<\/p>\n\n\n\n<h4 class=\"wp-block-heading\">Valmistus<\/h4>\n\n\n\n<p>Ardmore on koko toimintansa ajan k\u00e4ytt\u00e4nyt Highlandin alueelle jokseenkin ep\u00e4tyypillisesti savuisia maltaita (12-14 ppm). Maltaiden savustusaste ei ole yht\u00e4 suuri kuin Islayn saarella, mutta silti huomattavasti savuisempi kuin Highlandin alueella yleisesti. Turve on my\u00f6s erityyppist\u00e4 kuin Islayn turve ollen kuivempaa. Tislaamo tislaa my\u00f6s savutonta tislett\u00e4 Ardlair -nimell\u00e4.<\/p>\n\n\n\n<p>Ardmoren m\u00e4sk\u00e4yssammiona on valurautainen kuparikannella varustettu 12 tonnin vetoinen astia. K\u00e4ymissammioita on 14 ja ne on valmistettu douglasinkuusesta &#8211; hyvin perinteist\u00e4 siis. Tislauspannuja on yhteens\u00e4 kahdeksan ja my\u00f6s ne ovat hyvin perinteisen mallisia. Niiden kaula k\u00e4\u00e4ntyy jyrk\u00e4sti alas. Viski kypsytet\u00e4\u00e4n paikan p\u00e4\u00e4ll\u00e4 ja my\u00f6s vanha mallastamo on otettu kypsytysk\u00e4ytt\u00f6\u00f6n.<\/p>\n\n\n\n<figure class=\"wp-block-pullquote\"><blockquote><p>&#8221;Meill\u00e4h\u00e4n menee ihan hyvin vaikka t\u00e4m\u00e4 onkin joidenkin mielest\u00e4 v\u00e4h\u00e4n laitonta&#8221;<\/p><cite>William Manera Bergius, Adam Teacherin veljenpoika yhdysvaltain kieltolain aikaan<\/cite><\/blockquote><\/figure>\n\n\n\n<h4 class=\"has-text-align-center wp-block-heading\" id=\"block-1decf06f-b331-48f3-8e91-b2c47be53566\">Faktalaatikko<\/h4>\n\n\n\n<figure class=\"wp-block-table\"><table><tbody><tr><td><strong>Omistaja<\/strong><\/td><td>Beam Suntory<\/td><\/tr><tr><td><strong>Perustettu<\/strong><\/td><td>1898<\/td><\/tr><tr><td><strong>www-osoite<\/strong><\/td><td><a rel=\"noreferrer noopener\" href=\"https:\/\/www.ardmorewhisky.com\/\" target=\"_blank\">ardmorewhisk<\/a><a href=\"https:\/\/www.ardmorewhisky.com\/\" target=\"_blank\" rel=\"noreferrer noopener\">y<\/a><a rel=\"noreferrer noopener\" href=\"https:\/\/www.ardmorewhisky.com\/\" target=\"_blank\">.com<\/a><\/td><\/tr><tr><td><strong>M\u00e4sk\u00e4yssammio<\/strong><\/td><td>12 tonnia &#8211; valurauta ja kuparikansi<\/td><\/tr><tr><td><strong>K\u00e4ymissammio<\/strong><\/td><td>14 \u2715 douglaskuusi<\/td><\/tr><tr><td><strong>Wash still<\/strong><\/td><td>4 \u2715 15000 l<\/td><\/tr><tr><td><strong>Spirit still<\/strong><\/td><td>4 \u2715 15000 l<\/td><\/tr><tr><td><strong>Tuotantokapasiteetti<\/strong> (2020)<\/td><td>5 500 000 l<\/td><\/tr><\/tbody><\/table><\/figure>\n","protected":false},"excerpt":{"rendered":"<p>Ardmore perustettiin vuonna 1898 tuottamaan mallasviski\u00e4 Teacher&#8217;s &amp; Sonsin suositun Highland Cream -sekoiteviskin komponentiksi. Perustajana oli Adam Teacher, joka kuoli hieman ennen kuin tislaamo valmistui. Ardmore sijaitsee l\u00e4hell\u00e4 Invernessin-Aberdeenin rataa, josta aikanaan rakennettiin pistoraide viskin ja raaka-aineiden kuljettamiseksi. Ardmorella k\u00e4ytettiin pitk\u00e4\u00e4n my\u00f6s h\u00f6yryvoimaa ja alkuper\u00e4inen h\u00f6yrykone on edelleen paikallaan ja k\u00e4ytt\u00f6kuntoinen. Tislaamolla oli alunperin kaksi tislauspannua, mutta niiden m\u00e4\u00e4r\u00e4 kasvoi nelj\u00e4\u00e4n vuonna 1955 ja vuonna 1974 niiden m\u00e4\u00e4r\u00e4 j\u00e4lleen kaksinkertaistui nykyiseen kahdeksaan. Tislaamo my\u00f6s mallasti omat maltaansa vuoteen 1976 asti. Samana vuonna tislaamo myytiin Allied Spiritsille. Ennen t\u00e4t\u00e4 tislaamo ei miss\u00e4\u00e4n vaiheessa pullottanut omaa tuotettaan single maltina, vaan kaikki tuotettu viski k\u00e4ytettiin sekoiteviskeihin muutamaa harvinaista yksityispullotetta lukuun ottamatta. Tislaamo k\u00e4ytti nykyisin jo eritt\u00e4in harvinaiseksi k\u00e4yneit\u00e4 suoraan hiilell\u00e4 l\u00e4mmitett\u00e4vi\u00e4 tislauspannuja aina vuoteen 2002 asti, kun tislauspannujen l\u00e4mmitykseen alettiin k\u00e4ytt\u00e4\u00e4 h\u00f6yry\u00e4. Vuonna 2005 Jim Beam brands osti tislaamon Allied Domeqilta ja vuodesta 2014 asti tislaamo on ollut Beam Suntoryn \/ Fortune Brandsin omistuksessa Suntoryn ja Jim Beamin yhdistytty\u00e4. Valmistus Ardmore on koko toimintansa ajan k\u00e4ytt\u00e4nyt Highlandin alueelle jokseenkin ep\u00e4tyypillisesti savuisia maltaita (12-14 ppm). Maltaiden savustusaste ei ole yht\u00e4 suuri kuin Islayn saarella, mutta silti huomattavasti savuisempi kuin Highlandin alueella yleisesti. Turve on my\u00f6s erityyppist\u00e4 kuin Islayn turve ollen kuivempaa. Tislaamo tislaa my\u00f6s savutonta tislett\u00e4 Ardlair -nimell\u00e4. Ardmoren m\u00e4sk\u00e4yssammiona on valurautainen kuparikannella varustettu 12 tonnin vetoinen astia. K\u00e4ymissammioita on 14 ja ne on valmistettu douglasinkuusesta &#8211; hyvin perinteist\u00e4 siis. Tislauspannuja on yhteens\u00e4 kahdeksan ja my\u00f6s ne ovat hyvin perinteisen mallisia. Niiden kaula k\u00e4\u00e4ntyy jyrk\u00e4sti alas. Viski kypsytet\u00e4\u00e4n paikan p\u00e4\u00e4ll\u00e4 ja my\u00f6s vanha mallastamo on otettu kypsytysk\u00e4ytt\u00f6\u00f6n. &#8221;Meill\u00e4h\u00e4n menee ihan hyvin vaikka t\u00e4m\u00e4 onkin joidenkin mielest\u00e4 v\u00e4h\u00e4n laitonta&#8221; William Manera Bergius, Adam Teacherin veljenpoika yhdysvaltain kieltolain aikaan Faktalaatikko Omistaja Beam Suntory Perustettu 1898 www-osoite ardmorewhisky.com M\u00e4sk\u00e4yssammio 12 tonnia &#8211; valurauta ja kuparikansi K\u00e4ymissammio 14 \u2715 douglaskuusi Wash still 4 \u2715 15000 l Spirit still 4 \u2715 15000 l Tuotantokapasiteetti (2020) 5 500 000 l<\/p>\n","protected":false},"author":1,"featured_media":0,"parent":212,"menu_order":2,"comment_status":"closed","ping_status":"closed","template":"","meta":{"footnotes":""},"class_list":["post-372","page","type-page","status-publish","hentry"],"yoast_head":"<!-- This site is optimized with the Yoast SEO plugin v27.4 - https:\/\/yoast.com\/product\/yoast-seo-wordpress\/ -->\n<title>Ardmore - Virtuaalinen Viskikaappi<\/title>\n<meta name=\"robots\" content=\"index, follow, max-snippet:-1, max-image-preview:large, max-video-preview:-1\" \/>\n<link rel=\"canonical\" href=\"https:\/\/viskikaappi.net\/index.php\/viskitislaamot\/highlands\/ardmore\/\" \/>\n<meta property=\"og:locale\" content=\"fi_FI\" \/>\n<meta property=\"og:type\" content=\"article\" \/>\n<meta property=\"og:title\" content=\"Ardmore - Virtuaalinen Viskikaappi\" \/>\n<meta property=\"og:description\" content=\"Ardmore perustettiin vuonna 1898 tuottamaan mallasviski\u00e4 Teacher&#8217;s &amp; Sonsin suositun Highland Cream -sekoiteviskin komponentiksi. Perustajana oli Adam Teacher, joka kuoli hieman ennen kuin tislaamo valmistui. Ardmore sijaitsee l\u00e4hell\u00e4 Invernessin-Aberdeenin rataa, josta aikanaan rakennettiin pistoraide viskin ja raaka-aineiden kuljettamiseksi. Ardmorella k\u00e4ytettiin pitk\u00e4\u00e4n my\u00f6s h\u00f6yryvoimaa ja alkuper\u00e4inen h\u00f6yrykone on edelleen paikallaan ja k\u00e4ytt\u00f6kuntoinen. Tislaamolla oli alunperin kaksi tislauspannua, mutta niiden m\u00e4\u00e4r\u00e4 kasvoi nelj\u00e4\u00e4n vuonna 1955 ja vuonna 1974 niiden m\u00e4\u00e4r\u00e4 j\u00e4lleen kaksinkertaistui nykyiseen kahdeksaan. Tislaamo my\u00f6s mallasti omat maltaansa vuoteen 1976 asti. Samana vuonna tislaamo myytiin Allied Spiritsille. Ennen t\u00e4t\u00e4 tislaamo ei miss\u00e4\u00e4n vaiheessa pullottanut omaa tuotettaan single maltina, vaan kaikki tuotettu viski k\u00e4ytettiin sekoiteviskeihin muutamaa harvinaista yksityispullotetta lukuun ottamatta. Tislaamo k\u00e4ytti nykyisin jo eritt\u00e4in harvinaiseksi k\u00e4yneit\u00e4 suoraan hiilell\u00e4 l\u00e4mmitett\u00e4vi\u00e4 tislauspannuja aina vuoteen 2002 asti, kun tislauspannujen l\u00e4mmitykseen alettiin k\u00e4ytt\u00e4\u00e4 h\u00f6yry\u00e4. Vuonna 2005 Jim Beam brands osti tislaamon Allied Domeqilta ja vuodesta 2014 asti tislaamo on ollut Beam Suntoryn \/ Fortune Brandsin omistuksessa Suntoryn ja Jim Beamin yhdistytty\u00e4. Valmistus Ardmore on koko toimintansa ajan k\u00e4ytt\u00e4nyt Highlandin alueelle jokseenkin ep\u00e4tyypillisesti savuisia maltaita (12-14 ppm). Maltaiden savustusaste ei ole yht\u00e4 suuri kuin Islayn saarella, mutta silti huomattavasti savuisempi kuin Highlandin alueella yleisesti. Turve on my\u00f6s erityyppist\u00e4 kuin Islayn turve ollen kuivempaa. Tislaamo tislaa my\u00f6s savutonta tislett\u00e4 Ardlair -nimell\u00e4. Ardmoren m\u00e4sk\u00e4yssammiona on valurautainen kuparikannella varustettu 12 tonnin vetoinen astia. K\u00e4ymissammioita on 14 ja ne on valmistettu douglasinkuusesta &#8211; hyvin perinteist\u00e4 siis. Tislauspannuja on yhteens\u00e4 kahdeksan ja my\u00f6s ne ovat hyvin perinteisen mallisia. Niiden kaula k\u00e4\u00e4ntyy jyrk\u00e4sti alas. Viski kypsytet\u00e4\u00e4n paikan p\u00e4\u00e4ll\u00e4 ja my\u00f6s vanha mallastamo on otettu kypsytysk\u00e4ytt\u00f6\u00f6n. &#8221;Meill\u00e4h\u00e4n menee ihan hyvin vaikka t\u00e4m\u00e4 onkin joidenkin mielest\u00e4 v\u00e4h\u00e4n laitonta&#8221; William Manera Bergius, Adam Teacherin veljenpoika yhdysvaltain kieltolain aikaan Faktalaatikko Omistaja Beam Suntory Perustettu 1898 www-osoite ardmorewhisky.com M\u00e4sk\u00e4yssammio 12 tonnia &#8211; valurauta ja kuparikansi K\u00e4ymissammio 14 \u2715 douglaskuusi Wash still 4 \u2715 15000 l Spirit still 4 \u2715 15000 l Tuotantokapasiteetti (2020) 5 500 000 l\" \/>\n<meta property=\"og:url\" content=\"https:\/\/viskikaappi.net\/index.php\/viskitislaamot\/highlands\/ardmore\/\" \/>\n<meta property=\"og:site_name\" content=\"Virtuaalinen Viskikaappi\" \/>\n<meta property=\"article:modified_time\" content=\"2021-03-12T22:02:15+00:00\" \/>\n<meta property=\"og:image\" content=\"https:\/\/viskikaappi.net\/wp-content\/uploads\/2021\/01\/Ardmore-2-1024x683.jpg\" \/>\n<meta name=\"twitter:card\" content=\"summary_large_image\" \/>\n<meta name=\"twitter:label1\" content=\"Arvioitu lukuaika\" \/>\n\t<meta name=\"twitter:data1\" content=\"2 minuuttia\" \/>\n<script type=\"application\/ld+json\" class=\"yoast-schema-graph\">{\"@context\":\"https:\\\/\\\/schema.org\",\"@graph\":[{\"@type\":\"WebPage\",\"@id\":\"https:\\\/\\\/viskikaappi.net\\\/index.php\\\/viskitislaamot\\\/highlands\\\/ardmore\\\/\",\"url\":\"https:\\\/\\\/viskikaappi.net\\\/index.php\\\/viskitislaamot\\\/highlands\\\/ardmore\\\/\",\"name\":\"Ardmore - Virtuaalinen Viskikaappi\",\"isPartOf\":{\"@id\":\"https:\\\/\\\/viskikaappi.net\\\/#website\"},\"primaryImageOfPage\":{\"@id\":\"https:\\\/\\\/viskikaappi.net\\\/index.php\\\/viskitislaamot\\\/highlands\\\/ardmore\\\/#primaryimage\"},\"image\":{\"@id\":\"https:\\\/\\\/viskikaappi.net\\\/index.php\\\/viskitislaamot\\\/highlands\\\/ardmore\\\/#primaryimage\"},\"thumbnailUrl\":\"https:\\\/\\\/viskikaappi.net\\\/wp-content\\\/uploads\\\/2021\\\/01\\\/Ardmore-2-1024x683.jpg\",\"datePublished\":\"2021-01-22T19:38:14+00:00\",\"dateModified\":\"2021-03-12T22:02:15+00:00\",\"breadcrumb\":{\"@id\":\"https:\\\/\\\/viskikaappi.net\\\/index.php\\\/viskitislaamot\\\/highlands\\\/ardmore\\\/#breadcrumb\"},\"inLanguage\":\"fi\",\"potentialAction\":[{\"@type\":\"ReadAction\",\"target\":[\"https:\\\/\\\/viskikaappi.net\\\/index.php\\\/viskitislaamot\\\/highlands\\\/ardmore\\\/\"]}]},{\"@type\":\"ImageObject\",\"inLanguage\":\"fi\",\"@id\":\"https:\\\/\\\/viskikaappi.net\\\/index.php\\\/viskitislaamot\\\/highlands\\\/ardmore\\\/#primaryimage\",\"url\":\"https:\\\/\\\/viskikaappi.net\\\/wp-content\\\/uploads\\\/2021\\\/01\\\/Ardmore-2-1024x683.jpg\",\"contentUrl\":\"https:\\\/\\\/viskikaappi.net\\\/wp-content\\\/uploads\\\/2021\\\/01\\\/Ardmore-2-1024x683.jpg\"},{\"@type\":\"BreadcrumbList\",\"@id\":\"https:\\\/\\\/viskikaappi.net\\\/index.php\\\/viskitislaamot\\\/highlands\\\/ardmore\\\/#breadcrumb\",\"itemListElement\":[{\"@type\":\"ListItem\",\"position\":1,\"name\":\"Etusivu\",\"item\":\"https:\\\/\\\/viskikaappi.net\\\/\"},{\"@type\":\"ListItem\",\"position\":2,\"name\":\"Tislaamot\",\"item\":\"https:\\\/\\\/viskikaappi.net\\\/index.php\\\/viskitislaamot\\\/\"},{\"@type\":\"ListItem\",\"position\":3,\"name\":\"Highlands\",\"item\":\"https:\\\/\\\/viskikaappi.net\\\/index.php\\\/viskitislaamot\\\/highlands\\\/\"},{\"@type\":\"ListItem\",\"position\":4,\"name\":\"Ardmore\"}]},{\"@type\":\"WebSite\",\"@id\":\"https:\\\/\\\/viskikaappi.net\\\/#website\",\"url\":\"https:\\\/\\\/viskikaappi.net\\\/\",\"name\":\"Virtuaalinen Viskikaappi\",\"description\":\"\",\"publisher\":{\"@id\":\"https:\\\/\\\/viskikaappi.net\\\/#\\\/schema\\\/person\\\/e43eed2d832b7e7283b48a4fd5d50d18\"},\"potentialAction\":[{\"@type\":\"SearchAction\",\"target\":{\"@type\":\"EntryPoint\",\"urlTemplate\":\"https:\\\/\\\/viskikaappi.net\\\/?s={search_term_string}\"},\"query-input\":{\"@type\":\"PropertyValueSpecification\",\"valueRequired\":true,\"valueName\":\"search_term_string\"}}],\"inLanguage\":\"fi\"},{\"@type\":[\"Person\",\"Organization\"],\"@id\":\"https:\\\/\\\/viskikaappi.net\\\/#\\\/schema\\\/person\\\/e43eed2d832b7e7283b48a4fd5d50d18\",\"name\":\"Antti Tuurala\",\"image\":{\"@type\":\"ImageObject\",\"inLanguage\":\"fi\",\"@id\":\"https:\\\/\\\/viskikaappi.net\\\/wp-content\\\/uploads\\\/2020\\\/11\\\/cropped-Tausta_1_logo.png\",\"url\":\"https:\\\/\\\/viskikaappi.net\\\/wp-content\\\/uploads\\\/2020\\\/11\\\/cropped-Tausta_1_logo.png\",\"contentUrl\":\"https:\\\/\\\/viskikaappi.net\\\/wp-content\\\/uploads\\\/2020\\\/11\\\/cropped-Tausta_1_logo.png\",\"width\":1186,\"height\":500,\"caption\":\"Antti Tuurala\"},\"logo\":{\"@id\":\"https:\\\/\\\/viskikaappi.net\\\/wp-content\\\/uploads\\\/2020\\\/11\\\/cropped-Tausta_1_logo.png\"},\"sameAs\":[\"https:\\\/\\\/viskikaappi.net\"]}]}<\/script>\n<!-- \/ Yoast SEO plugin. -->","yoast_head_json":{"title":"Ardmore - Virtuaalinen Viskikaappi","robots":{"index":"index","follow":"follow","max-snippet":"max-snippet:-1","max-image-preview":"max-image-preview:large","max-video-preview":"max-video-preview:-1"},"canonical":"https:\/\/viskikaappi.net\/index.php\/viskitislaamot\/highlands\/ardmore\/","og_locale":"fi_FI","og_type":"article","og_title":"Ardmore - Virtuaalinen Viskikaappi","og_description":"Ardmore perustettiin vuonna 1898 tuottamaan mallasviski\u00e4 Teacher&#8217;s &amp; Sonsin suositun Highland Cream -sekoiteviskin komponentiksi. Perustajana oli Adam Teacher, joka kuoli hieman ennen kuin tislaamo valmistui. Ardmore sijaitsee l\u00e4hell\u00e4 Invernessin-Aberdeenin rataa, josta aikanaan rakennettiin pistoraide viskin ja raaka-aineiden kuljettamiseksi. Ardmorella k\u00e4ytettiin pitk\u00e4\u00e4n my\u00f6s h\u00f6yryvoimaa ja alkuper\u00e4inen h\u00f6yrykone on edelleen paikallaan ja k\u00e4ytt\u00f6kuntoinen. Tislaamolla oli alunperin kaksi tislauspannua, mutta niiden m\u00e4\u00e4r\u00e4 kasvoi nelj\u00e4\u00e4n vuonna 1955 ja vuonna 1974 niiden m\u00e4\u00e4r\u00e4 j\u00e4lleen kaksinkertaistui nykyiseen kahdeksaan. Tislaamo my\u00f6s mallasti omat maltaansa vuoteen 1976 asti. Samana vuonna tislaamo myytiin Allied Spiritsille. Ennen t\u00e4t\u00e4 tislaamo ei miss\u00e4\u00e4n vaiheessa pullottanut omaa tuotettaan single maltina, vaan kaikki tuotettu viski k\u00e4ytettiin sekoiteviskeihin muutamaa harvinaista yksityispullotetta lukuun ottamatta. Tislaamo k\u00e4ytti nykyisin jo eritt\u00e4in harvinaiseksi k\u00e4yneit\u00e4 suoraan hiilell\u00e4 l\u00e4mmitett\u00e4vi\u00e4 tislauspannuja aina vuoteen 2002 asti, kun tislauspannujen l\u00e4mmitykseen alettiin k\u00e4ytt\u00e4\u00e4 h\u00f6yry\u00e4. Vuonna 2005 Jim Beam brands osti tislaamon Allied Domeqilta ja vuodesta 2014 asti tislaamo on ollut Beam Suntoryn \/ Fortune Brandsin omistuksessa Suntoryn ja Jim Beamin yhdistytty\u00e4. Valmistus Ardmore on koko toimintansa ajan k\u00e4ytt\u00e4nyt Highlandin alueelle jokseenkin ep\u00e4tyypillisesti savuisia maltaita (12-14 ppm). Maltaiden savustusaste ei ole yht\u00e4 suuri kuin Islayn saarella, mutta silti huomattavasti savuisempi kuin Highlandin alueella yleisesti. Turve on my\u00f6s erityyppist\u00e4 kuin Islayn turve ollen kuivempaa. Tislaamo tislaa my\u00f6s savutonta tislett\u00e4 Ardlair -nimell\u00e4. Ardmoren m\u00e4sk\u00e4yssammiona on valurautainen kuparikannella varustettu 12 tonnin vetoinen astia. K\u00e4ymissammioita on 14 ja ne on valmistettu douglasinkuusesta &#8211; hyvin perinteist\u00e4 siis. Tislauspannuja on yhteens\u00e4 kahdeksan ja my\u00f6s ne ovat hyvin perinteisen mallisia. Niiden kaula k\u00e4\u00e4ntyy jyrk\u00e4sti alas. Viski kypsytet\u00e4\u00e4n paikan p\u00e4\u00e4ll\u00e4 ja my\u00f6s vanha mallastamo on otettu kypsytysk\u00e4ytt\u00f6\u00f6n. &#8221;Meill\u00e4h\u00e4n menee ihan hyvin vaikka t\u00e4m\u00e4 onkin joidenkin mielest\u00e4 v\u00e4h\u00e4n laitonta&#8221; William Manera Bergius, Adam Teacherin veljenpoika yhdysvaltain kieltolain aikaan Faktalaatikko Omistaja Beam Suntory Perustettu 1898 www-osoite ardmorewhisky.com M\u00e4sk\u00e4yssammio 12 tonnia &#8211; valurauta ja kuparikansi K\u00e4ymissammio 14 \u2715 douglaskuusi Wash still 4 \u2715 15000 l Spirit still 4 \u2715 15000 l Tuotantokapasiteetti (2020) 5 500 000 l","og_url":"https:\/\/viskikaappi.net\/index.php\/viskitislaamot\/highlands\/ardmore\/","og_site_name":"Virtuaalinen Viskikaappi","article_modified_time":"2021-03-12T22:02:15+00:00","og_image":[{"url":"https:\/\/viskikaappi.net\/wp-content\/uploads\/2021\/01\/Ardmore-2-1024x683.jpg","type":"","width":"","height":""}],"twitter_card":"summary_large_image","twitter_misc":{"Arvioitu lukuaika":"2 minuuttia"},"schema":{"@context":"https:\/\/schema.org","@graph":[{"@type":"WebPage","@id":"https:\/\/viskikaappi.net\/index.php\/viskitislaamot\/highlands\/ardmore\/","url":"https:\/\/viskikaappi.net\/index.php\/viskitislaamot\/highlands\/ardmore\/","name":"Ardmore - Virtuaalinen Viskikaappi","isPartOf":{"@id":"https:\/\/viskikaappi.net\/#website"},"primaryImageOfPage":{"@id":"https:\/\/viskikaappi.net\/index.php\/viskitislaamot\/highlands\/ardmore\/#primaryimage"},"image":{"@id":"https:\/\/viskikaappi.net\/index.php\/viskitislaamot\/highlands\/ardmore\/#primaryimage"},"thumbnailUrl":"https:\/\/viskikaappi.net\/wp-content\/uploads\/2021\/01\/Ardmore-2-1024x683.jpg","datePublished":"2021-01-22T19:38:14+00:00","dateModified":"2021-03-12T22:02:15+00:00","breadcrumb":{"@id":"https:\/\/viskikaappi.net\/index.php\/viskitislaamot\/highlands\/ardmore\/#breadcrumb"},"inLanguage":"fi","potentialAction":[{"@type":"ReadAction","target":["https:\/\/viskikaappi.net\/index.php\/viskitislaamot\/highlands\/ardmore\/"]}]},{"@type":"ImageObject","inLanguage":"fi","@id":"https:\/\/viskikaappi.net\/index.php\/viskitislaamot\/highlands\/ardmore\/#primaryimage","url":"https:\/\/viskikaappi.net\/wp-content\/uploads\/2021\/01\/Ardmore-2-1024x683.jpg","contentUrl":"https:\/\/viskikaappi.net\/wp-content\/uploads\/2021\/01\/Ardmore-2-1024x683.jpg"},{"@type":"BreadcrumbList","@id":"https:\/\/viskikaappi.net\/index.php\/viskitislaamot\/highlands\/ardmore\/#breadcrumb","itemListElement":[{"@type":"ListItem","position":1,"name":"Etusivu","item":"https:\/\/viskikaappi.net\/"},{"@type":"ListItem","position":2,"name":"Tislaamot","item":"https:\/\/viskikaappi.net\/index.php\/viskitislaamot\/"},{"@type":"ListItem","position":3,"name":"Highlands","item":"https:\/\/viskikaappi.net\/index.php\/viskitislaamot\/highlands\/"},{"@type":"ListItem","position":4,"name":"Ardmore"}]},{"@type":"WebSite","@id":"https:\/\/viskikaappi.net\/#website","url":"https:\/\/viskikaappi.net\/","name":"Virtuaalinen Viskikaappi","description":"","publisher":{"@id":"https:\/\/viskikaappi.net\/#\/schema\/person\/e43eed2d832b7e7283b48a4fd5d50d18"},"potentialAction":[{"@type":"SearchAction","target":{"@type":"EntryPoint","urlTemplate":"https:\/\/viskikaappi.net\/?s={search_term_string}"},"query-input":{"@type":"PropertyValueSpecification","valueRequired":true,"valueName":"search_term_string"}}],"inLanguage":"fi"},{"@type":["Person","Organization"],"@id":"https:\/\/viskikaappi.net\/#\/schema\/person\/e43eed2d832b7e7283b48a4fd5d50d18","name":"Antti Tuurala","image":{"@type":"ImageObject","inLanguage":"fi","@id":"https:\/\/viskikaappi.net\/wp-content\/uploads\/2020\/11\/cropped-Tausta_1_logo.png","url":"https:\/\/viskikaappi.net\/wp-content\/uploads\/2020\/11\/cropped-Tausta_1_logo.png","contentUrl":"https:\/\/viskikaappi.net\/wp-content\/uploads\/2020\/11\/cropped-Tausta_1_logo.png","width":1186,"height":500,"caption":"Antti Tuurala"},"logo":{"@id":"https:\/\/viskikaappi.net\/wp-content\/uploads\/2020\/11\/cropped-Tausta_1_logo.png"},"sameAs":["https:\/\/viskikaappi.net"]}]}},"_links":{"self":[{"href":"https:\/\/viskikaappi.net\/index.php\/wp-json\/wp\/v2\/pages\/372","targetHints":{"allow":["GET"]}}],"collection":[{"href":"https:\/\/viskikaappi.net\/index.php\/wp-json\/wp\/v2\/pages"}],"about":[{"href":"https:\/\/viskikaappi.net\/index.php\/wp-json\/wp\/v2\/types\/page"}],"author":[{"embeddable":true,"href":"https:\/\/viskikaappi.net\/index.php\/wp-json\/wp\/v2\/users\/1"}],"replies":[{"embeddable":true,"href":"https:\/\/viskikaappi.net\/index.php\/wp-json\/wp\/v2\/comments?post=372"}],"version-history":[{"count":5,"href":"https:\/\/viskikaappi.net\/index.php\/wp-json\/wp\/v2\/pages\/372\/revisions"}],"predecessor-version":[{"id":431,"href":"https:\/\/viskikaappi.net\/index.php\/wp-json\/wp\/v2\/pages\/372\/revisions\/431"}],"up":[{"embeddable":true,"href":"https:\/\/viskikaappi.net\/index.php\/wp-json\/wp\/v2\/pages\/212"}],"wp:attachment":[{"href":"https:\/\/viskikaappi.net\/index.php\/wp-json\/wp\/v2\/media?parent=372"}],"curies":[{"name":"wp","href":"https:\/\/api.w.org\/{rel}","templated":true}]}}