{"id":427,"date":"2021-03-13T00:31:53","date_gmt":"2021-03-12T22:31:53","guid":{"rendered":"http:\/\/88.99.26.106\/~viskikaa\/testi\/?page_id=427"},"modified":"2021-03-13T00:31:54","modified_gmt":"2021-03-12T22:31:54","slug":"auchentoshan","status":"publish","type":"page","link":"https:\/\/viskikaappi.net\/index.php\/auchentoshan\/","title":{"rendered":"Auchentoshan"},"content":{"rendered":"\n<figure class=\"wp-block-image size-large\"><img loading=\"lazy\" decoding=\"async\" width=\"1024\" height=\"683\" src=\"https:\/\/viskikaappi.net\/wp-content\/uploads\/2021\/03\/Auchentoshan-1024x683.jpg\" alt=\"\" class=\"wp-image-428\" srcset=\"https:\/\/viskikaappi.net\/wp-content\/uploads\/2021\/03\/Auchentoshan-1024x683.jpg 1024w, https:\/\/viskikaappi.net\/wp-content\/uploads\/2021\/03\/Auchentoshan-300x200.jpg 300w, https:\/\/viskikaappi.net\/wp-content\/uploads\/2021\/03\/Auchentoshan-768x512.jpg 768w, https:\/\/viskikaappi.net\/wp-content\/uploads\/2021\/03\/Auchentoshan-1536x1024.jpg 1536w, https:\/\/viskikaappi.net\/wp-content\/uploads\/2021\/03\/Auchentoshan-1140x760.jpg 1140w, https:\/\/viskikaappi.net\/wp-content\/uploads\/2021\/03\/Auchentoshan-rotated.jpg 1620w\" sizes=\"auto, (max-width: 1024px) 100vw, 1024px\" \/><\/figure>\n\n\n\n<p><strong>Auchentoshan<\/strong> on yksi harvoja edelleen toiminnassa olevia vanhoja Lowlandin tislaamoja. Se on my\u00f6s poikkeuksellinen siin\u00e4, ett\u00e4 se tislaa edelleen perinteiseen Lowlandin tapaan kaiken viskins\u00e4 kolmeen kertaan. Tislaamon historiankulku on hieman ristiriitainen ja eri l\u00e4hteiden mukaan se on perustettu joko 1800, 1817 tai 1823. Tislaamon rakennukset on ilmeisesti rakennettu jo vuonna 1800. Ainakin vuodesta 1817 vuoteen 1822 rakennuksissa toimi Duntoucher -niminen tislaamo, jonka perusti John Bulloch. Nykyisen Auchentoshanin tislaamon historia juontaa juurensa kuitenkin vuoteen 1823 jolloin nykyinen tislaamo on varmuudella perustettu, ei tosin viel\u00e4 silloinkaan nykyisell\u00e4 nimell\u00e4\u00e4n vaan edelleen Duntoucherina. Tislaamon omilla sivuilla mainitaan viel\u00e4 henkil\u00f6 herra Thorne, josta ei l\u00f6ytynyt mit\u00e4\u00e4n tietoa muista l\u00e4hteist\u00e4. Vuosi 1823 oli kuitenkin vuosi kun tislaamo sai virallisesti luvan tislata &#8211; start-upien h\u00e4hm\u00e4isyys ei siis ole mik\u00e4\u00e4n moderni ilmi\u00f6! <\/p>\n\n\n\n<p><em>(Yritin selvitell\u00e4 tislaamon alkuaikoja v\u00e4hint\u00e4\u00e4nkin kymmenest\u00e4 eri l\u00e4hteest\u00e4. Uskokaa pois &#8211; ristiriitaisuuksien m\u00e4\u00e4r\u00e4 oli h\u00e4mment\u00e4v\u00e4\u00e4. Jos vuosiluvut ja omistajat eiv\u00e4t t\u00e4sm\u00e4\u00e4, niin eiv\u00e4tp\u00e4 ne t\u00e4sm\u00e4nneet l\u00e4hteiss\u00e4k\u00e4\u00e4n.)<\/em><\/p>\n\n\n\n<p>Tislaamon omistus siirtyi ilmeisesti samaisena vuonna 1823 perustaja John Bullochin lapsenlapselle Archibald Bullochille, mutta sit\u00e4k\u00e4\u00e4n iloa ei kauaa riitt\u00e4nyt, sill\u00e4 rahat loppuivat jo vuonna 1826. Vuonna 1834 homma saatiin kuitenkin jotensakin k\u00e4yntiin, kun tislaamon ostivat John Hart ja Alexander Flishie &#8211; j\u00e4lkimm\u00e4isen ollessa maanviljelij\u00e4 jonka suku oli asunut tislaamon mailla jo 1600-luvulta asti. Ehtona tosi oli, ett\u00e4 tislaamon alkuper\u00e4inen perustaja John Bulloch sai edelleen jatkaa asumistaan mailla. Hartin ja Filshien tullessa tislaamon omistajiksi sen nimi vihdoin vaihdettiin l\u00e4hes nykyiseen asuunsa &#8211; tislaamon nimi oli tuolloin Auchintoshan, joka tarkoittaa &#8221;pellon kulmaa&#8221;.<\/p>\n\n\n\n<p>Filshien suku omisti tislaamon aina 1870-luvun lopulle asti, jolloin heid\u00e4n kohtalokseen koitui eritt\u00e4in paha katovuosi. Tislaamo oli pakko myyd\u00e4 edelleen ja t\u00e4ll\u00e4 kertaa omistajaksi l\u00f6ytyi Greenockilainen viskikauppias C.H Curtis &amp; Company. Pitk\u00e4ik\u00e4inen ei ollut t\u00e4m\u00e4k\u00e4\u00e4n omistussuhde, sill\u00e4 jo vuonna 1903 tislaamo vaihtoi omistajia &#8211; itse asiassa jopa kaksi kertaa kolmen seuraavan vuoden aikana.<\/p>\n\n\n\n<p>Omistajina olivat seuraavan miltei sadan vuoden aikana useat eri tahot kunnes vuonna 1984 omistajaksi tuli Stanley P. Morrison, joka omisti my\u00f6s Bowmoren tislaamon. Vuonna 1994 Auchentoshan siirtyi japanilaisen Suntoryn omistukseen kun he ostivat Morrison Bowmoren.<\/p>\n\n\n\n<p>Auchentoshanin tislaamon olemassaolon voi siis sanoa olevan melkoinen ihme. Kaikkien omistajanvaihdosten lis\u00e4ksi tislaamo pommitettiin toisessa maailmanr\u00e4hin\u00e4ss\u00e4 vuonna 1941 k\u00e4yt\u00e4nn\u00f6ss\u00e4 melkein maan tasalle. Tislaamon on kuitenkin selvinnyt kaikista vastoink\u00e4ymisist\u00e4 ja on edelleen harvoja vanhoja Lowlandin tislaamoja jotka jatkavat porskuttamistaan ja pit\u00e4v\u00e4t kiinni jo mainitusta kolminkertaisesta tislauksesta.<\/p>\n\n\n\n<h4 class=\"wp-block-heading\">Valmistus<\/h4>\n\n\n\n<p>Kuten aiemmin mainittua Auchentoshan on harvoja tislaamoita jotka edelleen tislaavat viskins\u00e4 kolmeen kertaan. Prosessi alkaa tutusti m\u00e4sk\u00e4yksest\u00e4 ja vierre kypsyy douglaskuusesta sek\u00e4 ruostumattomasta ter\u00e4ksest\u00e4 valmistetuissa k\u00e4ymissammioissa. Vierre on kirkasta ja se kypsyy k\u00e4ymissammioissa 50-120 tuntia. Kolminkertainen tislaus onkin sitten melkoinen kikkailukuvio, joka vaatisi t\u00e4ss\u00e4 auki kirjoitettuna korkeampaa matematiikkaa kuin mihin allekirjoittaneen kyvyt riitt\u00e4v\u00e4t.<\/p>\n\n\n\n<p>Tiivistettyn\u00e4 homma toimii kuitenkin siten, ett\u00e4 eri tislauskertojen k\u00e4rki\u00e4 ja h\u00e4nti\u00e4 kierr\u00e4tet\u00e4\u00e4n erilaisten v\u00e4lis\u00e4ili\u00f6iden kautta tisleen syd\u00e4nosan siirtyess\u00e4 jouhevasti pannusta seuraavaan. Lopputulemana on kuitenkin se, ett\u00e4 ensimm\u00e4isen tislauksen j\u00e4lkeen tisleen vahvuus on noin 18-19%. Toisen tislauksen j\u00e4lkeen ollaan huomattavasti korkeammissa prosenteissa, mutta ei kuitenkaan aivan siell\u00e4 miss\u00e4 normaalissa kahteen kertaan tislauksessa.<\/p>\n\n\n\n<p>Kolmannen tislauksen j\u00e4lkeen p\u00e4\u00e4st\u00e4\u00e4n 82% vahvuiseen tisleeseen, joka on jo huomattavasti korkeampi kuin mihin yleisell\u00e4 kahdella tislauskerralla p\u00e4\u00e4st\u00e4isiin. Tisle on siis luonnostaan puhtaampaa ja kevyemp\u00e4\u00e4, joka on juuri sit\u00e4 mihin Auchentoshan pyrkii.<\/p>\n\n\n\n<p>Kypsytykseen tislaamo k\u00e4ytt\u00e4\u00e4 bourbon- ja sherrytynnyreiden lis\u00e4ksi mm. erilaisia viinitynnyreit\u00e4. Poikkeuksellisena piirteen\u00e4 k\u00e4yt\u00e4nn\u00f6ss\u00e4 kaikki Auchentoshanin tuottama viski pullotetaan mallasviskin\u00e4 eik\u00e4 sit\u00e4 k\u00e4ytet\u00e4 juuri lainkaan sekoiteviskien ainesosana.<\/p>\n\n\n\n<figure class=\"wp-block-pullquote\"><blockquote><p>&#8221;It\u2019s more time consuming.<\/p><p>It\u2019s more expensive.<\/p><p>It\u2019s absolutely unique.&#8221;<\/p><cite>www.auchentoshan.com<\/cite><\/blockquote><\/figure>\n\n\n\n<h4 class=\"has-text-align-center wp-block-heading\">Faktalaatikko<\/h4>\n\n\n\n<figure class=\"wp-block-table\"><table><tbody><tr><td><strong>Omistaja<\/strong><\/td><td>Beam Suntory<\/td><\/tr><tr><td><strong>Perustettu<\/strong><\/td><td>1823 (virallinen)<\/td><\/tr><tr><td><strong>www-osoite<\/strong><\/td><td><a href=\"https:\/\/www.auchentoshan.com\/\">auchentoshan.com<\/a><\/td><\/tr><tr><td><strong>M\u00e4sk\u00e4yssammio<\/strong><\/td><td>6,8 tonnia &#8211; ruostumaton ter\u00e4s<\/td><\/tr><tr><td><strong>K\u00e4ymissammio<\/strong><\/td><td>4 \u2715 douglaskuusi + 3 \u2715 ruostumaton ter\u00e4s <\/td><\/tr><tr><td><strong>Wash still<\/strong><\/td><td>1 \u2715 17500 l<\/td><\/tr><tr><td><strong>Middle still<\/strong><\/td><td>1 \u2715 8200 l<\/td><\/tr><tr><td><strong>Spirit still<\/strong><\/td><td>1 \u2715 11500 l<\/td><\/tr><tr><td><strong>Tuotantokapasiteetti<\/strong> (2020)<\/td><td>2 000 000 l<\/td><\/tr><\/tbody><\/table><\/figure>\n","protected":false},"excerpt":{"rendered":"<p>Auchentoshan on yksi harvoja edelleen toiminnassa olevia vanhoja Lowlandin tislaamoja. Se on my\u00f6s poikkeuksellinen siin\u00e4, ett\u00e4 se tislaa edelleen perinteiseen Lowlandin tapaan kaiken viskins\u00e4 kolmeen kertaan. Tislaamon historiankulku on hieman ristiriitainen ja eri l\u00e4hteiden mukaan se on perustettu joko 1800, 1817 tai 1823. Tislaamon rakennukset on ilmeisesti rakennettu jo vuonna 1800. Ainakin vuodesta 1817 vuoteen 1822 rakennuksissa toimi Duntoucher -niminen tislaamo, jonka perusti John Bulloch. Nykyisen Auchentoshanin tislaamon historia juontaa juurensa kuitenkin vuoteen 1823 jolloin nykyinen tislaamo on varmuudella perustettu, ei tosin viel\u00e4 silloinkaan nykyisell\u00e4 nimell\u00e4\u00e4n vaan edelleen Duntoucherina. Tislaamon omilla sivuilla mainitaan viel\u00e4 henkil\u00f6 herra Thorne, josta ei l\u00f6ytynyt mit\u00e4\u00e4n tietoa muista l\u00e4hteist\u00e4. Vuosi 1823 oli kuitenkin vuosi kun tislaamo sai virallisesti luvan tislata &#8211; start-upien h\u00e4hm\u00e4isyys ei siis ole mik\u00e4\u00e4n moderni ilmi\u00f6! (Yritin selvitell\u00e4 tislaamon alkuaikoja v\u00e4hint\u00e4\u00e4nkin kymmenest\u00e4 eri l\u00e4hteest\u00e4. Uskokaa pois &#8211; ristiriitaisuuksien m\u00e4\u00e4r\u00e4 oli h\u00e4mment\u00e4v\u00e4\u00e4. Jos vuosiluvut ja omistajat eiv\u00e4t t\u00e4sm\u00e4\u00e4, niin eiv\u00e4tp\u00e4 ne t\u00e4sm\u00e4nneet l\u00e4hteiss\u00e4k\u00e4\u00e4n.) Tislaamon omistus siirtyi ilmeisesti samaisena vuonna 1823 perustaja John Bullochin lapsenlapselle Archibald Bullochille, mutta sit\u00e4k\u00e4\u00e4n iloa ei kauaa riitt\u00e4nyt, sill\u00e4 rahat loppuivat jo vuonna 1826. Vuonna 1834 homma saatiin kuitenkin jotensakin k\u00e4yntiin, kun tislaamon ostivat John Hart ja Alexander Flishie &#8211; j\u00e4lkimm\u00e4isen ollessa maanviljelij\u00e4 jonka suku oli asunut tislaamon mailla jo 1600-luvulta asti. Ehtona tosi oli, ett\u00e4 tislaamon alkuper\u00e4inen perustaja John Bulloch sai edelleen jatkaa asumistaan mailla. Hartin ja Filshien tullessa tislaamon omistajiksi sen nimi vihdoin vaihdettiin l\u00e4hes nykyiseen asuunsa &#8211; tislaamon nimi oli tuolloin Auchintoshan, joka tarkoittaa &#8221;pellon kulmaa&#8221;. Filshien suku omisti tislaamon aina 1870-luvun lopulle asti, jolloin heid\u00e4n kohtalokseen koitui eritt\u00e4in paha katovuosi. Tislaamo oli pakko myyd\u00e4 edelleen ja t\u00e4ll\u00e4 kertaa omistajaksi l\u00f6ytyi Greenockilainen viskikauppias C.H Curtis &amp; Company. Pitk\u00e4ik\u00e4inen ei ollut t\u00e4m\u00e4k\u00e4\u00e4n omistussuhde, sill\u00e4 jo vuonna 1903 tislaamo vaihtoi omistajia &#8211; itse asiassa jopa kaksi kertaa kolmen seuraavan vuoden aikana. Omistajina olivat seuraavan miltei sadan vuoden aikana useat eri tahot kunnes vuonna 1984 omistajaksi tuli Stanley P. Morrison, joka omisti my\u00f6s Bowmoren tislaamon. Vuonna 1994 Auchentoshan siirtyi japanilaisen Suntoryn omistukseen kun he ostivat Morrison Bowmoren. Auchentoshanin tislaamon olemassaolon voi siis sanoa olevan melkoinen ihme. Kaikkien omistajanvaihdosten lis\u00e4ksi tislaamo pommitettiin toisessa maailmanr\u00e4hin\u00e4ss\u00e4 vuonna 1941 k\u00e4yt\u00e4nn\u00f6ss\u00e4 melkein maan tasalle. Tislaamon on kuitenkin selvinnyt kaikista vastoink\u00e4ymisist\u00e4 ja on edelleen harvoja vanhoja Lowlandin tislaamoja jotka jatkavat porskuttamistaan ja pit\u00e4v\u00e4t kiinni jo mainitusta kolminkertaisesta tislauksesta. Valmistus Kuten aiemmin mainittua Auchentoshan on harvoja tislaamoita jotka edelleen tislaavat viskins\u00e4 kolmeen kertaan. Prosessi alkaa tutusti m\u00e4sk\u00e4yksest\u00e4 ja vierre kypsyy douglaskuusesta sek\u00e4 ruostumattomasta ter\u00e4ksest\u00e4 valmistetuissa k\u00e4ymissammioissa. Vierre on kirkasta ja se kypsyy k\u00e4ymissammioissa 50-120 tuntia. Kolminkertainen tislaus onkin sitten melkoinen kikkailukuvio, joka vaatisi t\u00e4ss\u00e4 auki kirjoitettuna korkeampaa matematiikkaa kuin mihin allekirjoittaneen kyvyt riitt\u00e4v\u00e4t. Tiivistettyn\u00e4 homma toimii kuitenkin siten, ett\u00e4 eri tislauskertojen k\u00e4rki\u00e4 ja h\u00e4nti\u00e4 kierr\u00e4tet\u00e4\u00e4n erilaisten v\u00e4lis\u00e4ili\u00f6iden kautta tisleen syd\u00e4nosan siirtyess\u00e4 jouhevasti pannusta seuraavaan. Lopputulemana on kuitenkin se, ett\u00e4 ensimm\u00e4isen tislauksen j\u00e4lkeen tisleen vahvuus on noin 18-19%. Toisen tislauksen j\u00e4lkeen ollaan huomattavasti korkeammissa prosenteissa, mutta ei kuitenkaan aivan siell\u00e4 miss\u00e4 normaalissa kahteen kertaan tislauksessa. Kolmannen tislauksen j\u00e4lkeen p\u00e4\u00e4st\u00e4\u00e4n 82% vahvuiseen tisleeseen, joka on jo huomattavasti korkeampi kuin mihin yleisell\u00e4 kahdella tislauskerralla p\u00e4\u00e4st\u00e4isiin. Tisle on siis luonnostaan puhtaampaa ja kevyemp\u00e4\u00e4, joka on juuri sit\u00e4 mihin Auchentoshan pyrkii. Kypsytykseen tislaamo k\u00e4ytt\u00e4\u00e4 bourbon- ja sherrytynnyreiden lis\u00e4ksi mm. erilaisia viinitynnyreit\u00e4. Poikkeuksellisena piirteen\u00e4 k\u00e4yt\u00e4nn\u00f6ss\u00e4 kaikki Auchentoshanin tuottama viski pullotetaan mallasviskin\u00e4 eik\u00e4 sit\u00e4 k\u00e4ytet\u00e4 juuri lainkaan sekoiteviskien ainesosana. &#8221;It\u2019s more time consuming. It\u2019s more expensive. It\u2019s absolutely unique.&#8221; www.auchentoshan.com Faktalaatikko Omistaja Beam Suntory Perustettu 1823 (virallinen) www-osoite auchentoshan.com M\u00e4sk\u00e4yssammio 6,8 tonnia &#8211; ruostumaton ter\u00e4s K\u00e4ymissammio 4 \u2715 douglaskuusi + 3 \u2715 ruostumaton ter\u00e4s Wash still 1 \u2715 17500 l Middle still 1 \u2715 8200 l Spirit still 1 \u2715 11500 l Tuotantokapasiteetti (2020) 2 000 000 l<\/p>\n","protected":false},"author":1,"featured_media":0,"parent":0,"menu_order":0,"comment_status":"closed","ping_status":"closed","template":"","meta":{"footnotes":""},"class_list":["post-427","page","type-page","status-publish","hentry"],"yoast_head":"<!-- This site is optimized with the Yoast SEO plugin v27.4 - https:\/\/yoast.com\/product\/yoast-seo-wordpress\/ -->\n<title>Auchentoshan - Virtuaalinen Viskikaappi %<\/title>\n<meta name=\"description\" content=\"Auchentoshan on yksi harvoja edelleen toiminnassa olevia vanhoja Lowlandin tislaamoja. Se on my\u00f6s poikkeuksellinen siin\u00e4, ett\u00e4 se tislaa edelleen perinteiseen Lowlandin tapaan kaiken viskins\u00e4 kolmeen kertaan.\" \/>\n<meta name=\"robots\" content=\"index, follow, max-snippet:-1, max-image-preview:large, max-video-preview:-1\" \/>\n<link rel=\"canonical\" href=\"https:\/\/viskikaappi.net\/index.php\/auchentoshan\/\" \/>\n<meta property=\"og:locale\" content=\"fi_FI\" \/>\n<meta property=\"og:type\" content=\"article\" \/>\n<meta property=\"og:title\" content=\"Auchentoshan - Virtuaalinen Viskikaappi %\" \/>\n<meta property=\"og:description\" content=\"Auchentoshan on yksi harvoja edelleen toiminnassa olevia vanhoja Lowlandin tislaamoja. Se on my\u00f6s poikkeuksellinen siin\u00e4, ett\u00e4 se tislaa edelleen perinteiseen Lowlandin tapaan kaiken viskins\u00e4 kolmeen kertaan.\" \/>\n<meta property=\"og:url\" content=\"https:\/\/viskikaappi.net\/index.php\/auchentoshan\/\" \/>\n<meta property=\"og:site_name\" content=\"Virtuaalinen Viskikaappi\" \/>\n<meta property=\"article:modified_time\" content=\"2021-03-12T22:31:54+00:00\" \/>\n<meta property=\"og:image\" content=\"https:\/\/viskikaappi.net\/wp-content\/uploads\/2021\/03\/Auchentoshan-1024x683.jpg\" \/>\n<meta name=\"twitter:card\" content=\"summary_large_image\" \/>\n<meta name=\"twitter:label1\" content=\"Arvioitu lukuaika\" \/>\n\t<meta name=\"twitter:data1\" content=\"3 minuuttia\" \/>\n<script type=\"application\/ld+json\" class=\"yoast-schema-graph\">{\"@context\":\"https:\\\/\\\/schema.org\",\"@graph\":[{\"@type\":\"WebPage\",\"@id\":\"https:\\\/\\\/viskikaappi.net\\\/index.php\\\/auchentoshan\\\/\",\"url\":\"https:\\\/\\\/viskikaappi.net\\\/index.php\\\/auchentoshan\\\/\",\"name\":\"Auchentoshan - Virtuaalinen Viskikaappi %\",\"isPartOf\":{\"@id\":\"https:\\\/\\\/viskikaappi.net\\\/#website\"},\"primaryImageOfPage\":{\"@id\":\"https:\\\/\\\/viskikaappi.net\\\/index.php\\\/auchentoshan\\\/#primaryimage\"},\"image\":{\"@id\":\"https:\\\/\\\/viskikaappi.net\\\/index.php\\\/auchentoshan\\\/#primaryimage\"},\"thumbnailUrl\":\"https:\\\/\\\/viskikaappi.net\\\/wp-content\\\/uploads\\\/2021\\\/03\\\/Auchentoshan-1024x683.jpg\",\"datePublished\":\"2021-03-12T22:31:53+00:00\",\"dateModified\":\"2021-03-12T22:31:54+00:00\",\"description\":\"Auchentoshan on yksi harvoja edelleen toiminnassa olevia vanhoja Lowlandin tislaamoja. Se on my\u00f6s poikkeuksellinen siin\u00e4, ett\u00e4 se tislaa edelleen perinteiseen Lowlandin tapaan kaiken viskins\u00e4 kolmeen kertaan.\",\"breadcrumb\":{\"@id\":\"https:\\\/\\\/viskikaappi.net\\\/index.php\\\/auchentoshan\\\/#breadcrumb\"},\"inLanguage\":\"fi\",\"potentialAction\":[{\"@type\":\"ReadAction\",\"target\":[\"https:\\\/\\\/viskikaappi.net\\\/index.php\\\/auchentoshan\\\/\"]}]},{\"@type\":\"ImageObject\",\"inLanguage\":\"fi\",\"@id\":\"https:\\\/\\\/viskikaappi.net\\\/index.php\\\/auchentoshan\\\/#primaryimage\",\"url\":\"https:\\\/\\\/viskikaappi.net\\\/wp-content\\\/uploads\\\/2021\\\/03\\\/Auchentoshan-1024x683.jpg\",\"contentUrl\":\"https:\\\/\\\/viskikaappi.net\\\/wp-content\\\/uploads\\\/2021\\\/03\\\/Auchentoshan-1024x683.jpg\"},{\"@type\":\"BreadcrumbList\",\"@id\":\"https:\\\/\\\/viskikaappi.net\\\/index.php\\\/auchentoshan\\\/#breadcrumb\",\"itemListElement\":[{\"@type\":\"ListItem\",\"position\":1,\"name\":\"Etusivu\",\"item\":\"https:\\\/\\\/viskikaappi.net\\\/\"},{\"@type\":\"ListItem\",\"position\":2,\"name\":\"Auchentoshan\"}]},{\"@type\":\"WebSite\",\"@id\":\"https:\\\/\\\/viskikaappi.net\\\/#website\",\"url\":\"https:\\\/\\\/viskikaappi.net\\\/\",\"name\":\"Virtuaalinen Viskikaappi\",\"description\":\"\",\"publisher\":{\"@id\":\"https:\\\/\\\/viskikaappi.net\\\/#\\\/schema\\\/person\\\/e43eed2d832b7e7283b48a4fd5d50d18\"},\"potentialAction\":[{\"@type\":\"SearchAction\",\"target\":{\"@type\":\"EntryPoint\",\"urlTemplate\":\"https:\\\/\\\/viskikaappi.net\\\/?s={search_term_string}\"},\"query-input\":{\"@type\":\"PropertyValueSpecification\",\"valueRequired\":true,\"valueName\":\"search_term_string\"}}],\"inLanguage\":\"fi\"},{\"@type\":[\"Person\",\"Organization\"],\"@id\":\"https:\\\/\\\/viskikaappi.net\\\/#\\\/schema\\\/person\\\/e43eed2d832b7e7283b48a4fd5d50d18\",\"name\":\"Antti Tuurala\",\"image\":{\"@type\":\"ImageObject\",\"inLanguage\":\"fi\",\"@id\":\"https:\\\/\\\/viskikaappi.net\\\/wp-content\\\/uploads\\\/2020\\\/11\\\/cropped-Tausta_1_logo.png\",\"url\":\"https:\\\/\\\/viskikaappi.net\\\/wp-content\\\/uploads\\\/2020\\\/11\\\/cropped-Tausta_1_logo.png\",\"contentUrl\":\"https:\\\/\\\/viskikaappi.net\\\/wp-content\\\/uploads\\\/2020\\\/11\\\/cropped-Tausta_1_logo.png\",\"width\":1186,\"height\":500,\"caption\":\"Antti Tuurala\"},\"logo\":{\"@id\":\"https:\\\/\\\/viskikaappi.net\\\/wp-content\\\/uploads\\\/2020\\\/11\\\/cropped-Tausta_1_logo.png\"},\"sameAs\":[\"https:\\\/\\\/viskikaappi.net\"]}]}<\/script>\n<!-- \/ Yoast SEO plugin. -->","yoast_head_json":{"title":"Auchentoshan - Virtuaalinen Viskikaappi %","description":"Auchentoshan on yksi harvoja edelleen toiminnassa olevia vanhoja Lowlandin tislaamoja. Se on my\u00f6s poikkeuksellinen siin\u00e4, ett\u00e4 se tislaa edelleen perinteiseen Lowlandin tapaan kaiken viskins\u00e4 kolmeen kertaan.","robots":{"index":"index","follow":"follow","max-snippet":"max-snippet:-1","max-image-preview":"max-image-preview:large","max-video-preview":"max-video-preview:-1"},"canonical":"https:\/\/viskikaappi.net\/index.php\/auchentoshan\/","og_locale":"fi_FI","og_type":"article","og_title":"Auchentoshan - Virtuaalinen Viskikaappi %","og_description":"Auchentoshan on yksi harvoja edelleen toiminnassa olevia vanhoja Lowlandin tislaamoja. Se on my\u00f6s poikkeuksellinen siin\u00e4, ett\u00e4 se tislaa edelleen perinteiseen Lowlandin tapaan kaiken viskins\u00e4 kolmeen kertaan.","og_url":"https:\/\/viskikaappi.net\/index.php\/auchentoshan\/","og_site_name":"Virtuaalinen Viskikaappi","article_modified_time":"2021-03-12T22:31:54+00:00","og_image":[{"url":"https:\/\/viskikaappi.net\/wp-content\/uploads\/2021\/03\/Auchentoshan-1024x683.jpg","type":"","width":"","height":""}],"twitter_card":"summary_large_image","twitter_misc":{"Arvioitu lukuaika":"3 minuuttia"},"schema":{"@context":"https:\/\/schema.org","@graph":[{"@type":"WebPage","@id":"https:\/\/viskikaappi.net\/index.php\/auchentoshan\/","url":"https:\/\/viskikaappi.net\/index.php\/auchentoshan\/","name":"Auchentoshan - Virtuaalinen Viskikaappi %","isPartOf":{"@id":"https:\/\/viskikaappi.net\/#website"},"primaryImageOfPage":{"@id":"https:\/\/viskikaappi.net\/index.php\/auchentoshan\/#primaryimage"},"image":{"@id":"https:\/\/viskikaappi.net\/index.php\/auchentoshan\/#primaryimage"},"thumbnailUrl":"https:\/\/viskikaappi.net\/wp-content\/uploads\/2021\/03\/Auchentoshan-1024x683.jpg","datePublished":"2021-03-12T22:31:53+00:00","dateModified":"2021-03-12T22:31:54+00:00","description":"Auchentoshan on yksi harvoja edelleen toiminnassa olevia vanhoja Lowlandin tislaamoja. Se on my\u00f6s poikkeuksellinen siin\u00e4, ett\u00e4 se tislaa edelleen perinteiseen Lowlandin tapaan kaiken viskins\u00e4 kolmeen kertaan.","breadcrumb":{"@id":"https:\/\/viskikaappi.net\/index.php\/auchentoshan\/#breadcrumb"},"inLanguage":"fi","potentialAction":[{"@type":"ReadAction","target":["https:\/\/viskikaappi.net\/index.php\/auchentoshan\/"]}]},{"@type":"ImageObject","inLanguage":"fi","@id":"https:\/\/viskikaappi.net\/index.php\/auchentoshan\/#primaryimage","url":"https:\/\/viskikaappi.net\/wp-content\/uploads\/2021\/03\/Auchentoshan-1024x683.jpg","contentUrl":"https:\/\/viskikaappi.net\/wp-content\/uploads\/2021\/03\/Auchentoshan-1024x683.jpg"},{"@type":"BreadcrumbList","@id":"https:\/\/viskikaappi.net\/index.php\/auchentoshan\/#breadcrumb","itemListElement":[{"@type":"ListItem","position":1,"name":"Etusivu","item":"https:\/\/viskikaappi.net\/"},{"@type":"ListItem","position":2,"name":"Auchentoshan"}]},{"@type":"WebSite","@id":"https:\/\/viskikaappi.net\/#website","url":"https:\/\/viskikaappi.net\/","name":"Virtuaalinen Viskikaappi","description":"","publisher":{"@id":"https:\/\/viskikaappi.net\/#\/schema\/person\/e43eed2d832b7e7283b48a4fd5d50d18"},"potentialAction":[{"@type":"SearchAction","target":{"@type":"EntryPoint","urlTemplate":"https:\/\/viskikaappi.net\/?s={search_term_string}"},"query-input":{"@type":"PropertyValueSpecification","valueRequired":true,"valueName":"search_term_string"}}],"inLanguage":"fi"},{"@type":["Person","Organization"],"@id":"https:\/\/viskikaappi.net\/#\/schema\/person\/e43eed2d832b7e7283b48a4fd5d50d18","name":"Antti Tuurala","image":{"@type":"ImageObject","inLanguage":"fi","@id":"https:\/\/viskikaappi.net\/wp-content\/uploads\/2020\/11\/cropped-Tausta_1_logo.png","url":"https:\/\/viskikaappi.net\/wp-content\/uploads\/2020\/11\/cropped-Tausta_1_logo.png","contentUrl":"https:\/\/viskikaappi.net\/wp-content\/uploads\/2020\/11\/cropped-Tausta_1_logo.png","width":1186,"height":500,"caption":"Antti Tuurala"},"logo":{"@id":"https:\/\/viskikaappi.net\/wp-content\/uploads\/2020\/11\/cropped-Tausta_1_logo.png"},"sameAs":["https:\/\/viskikaappi.net"]}]}},"_links":{"self":[{"href":"https:\/\/viskikaappi.net\/index.php\/wp-json\/wp\/v2\/pages\/427","targetHints":{"allow":["GET"]}}],"collection":[{"href":"https:\/\/viskikaappi.net\/index.php\/wp-json\/wp\/v2\/pages"}],"about":[{"href":"https:\/\/viskikaappi.net\/index.php\/wp-json\/wp\/v2\/types\/page"}],"author":[{"embeddable":true,"href":"https:\/\/viskikaappi.net\/index.php\/wp-json\/wp\/v2\/users\/1"}],"replies":[{"embeddable":true,"href":"https:\/\/viskikaappi.net\/index.php\/wp-json\/wp\/v2\/comments?post=427"}],"version-history":[{"count":3,"href":"https:\/\/viskikaappi.net\/index.php\/wp-json\/wp\/v2\/pages\/427\/revisions"}],"predecessor-version":[{"id":1371,"href":"https:\/\/viskikaappi.net\/index.php\/wp-json\/wp\/v2\/pages\/427\/revisions\/1371"}],"wp:attachment":[{"href":"https:\/\/viskikaappi.net\/index.php\/wp-json\/wp\/v2\/media?parent=427"}],"curies":[{"name":"wp","href":"https:\/\/api.w.org\/{rel}","templated":true}]}}