{"id":62,"date":"2020-10-30T23:51:33","date_gmt":"2020-10-30T21:51:33","guid":{"rendered":"http:\/\/88.99.26.106\/~viskikaa\/testi\/?page_id=62"},"modified":"2021-09-15T17:03:27","modified_gmt":"2021-09-15T14:03:27","slug":"tislaus","status":"publish","type":"page","link":"https:\/\/viskikaappi.net\/index.php\/valmistus\/tislaus\/","title":{"rendered":"Tislaus"},"content":{"rendered":"\n<figure class=\"wp-block-image size-large\"><img loading=\"lazy\" decoding=\"async\" width=\"1024\" height=\"683\" src=\"https:\/\/viskikaappi.net\/wp-content\/uploads\/2020\/11\/20201104_174743-1024x683.jpg\" alt=\"\" class=\"wp-image-113\" srcset=\"https:\/\/viskikaappi.net\/wp-content\/uploads\/2020\/11\/20201104_174743-1024x683.jpg 1024w, https:\/\/viskikaappi.net\/wp-content\/uploads\/2020\/11\/20201104_174743-300x200.jpg 300w, https:\/\/viskikaappi.net\/wp-content\/uploads\/2020\/11\/20201104_174743-768x512.jpg 768w, https:\/\/viskikaappi.net\/wp-content\/uploads\/2020\/11\/20201104_174743-1536x1024.jpg 1536w, https:\/\/viskikaappi.net\/wp-content\/uploads\/2020\/11\/20201104_174743-1140x760.jpg 1140w, https:\/\/viskikaappi.net\/wp-content\/uploads\/2020\/11\/20201104_174743-rotated.jpg 1620w\" sizes=\"auto, (max-width: 1024px) 100vw, 1024px\" \/><\/figure>\n\n\n\n<p>Skotlantilainen mallasviski tislataan yleens\u00e4 kahteen kertaan korkeissa kuparipannuissa, jotka ovat muodostuneet er\u00e4\u00e4nlaiseksi viskitislaamoiden symboleiksi. Kuparia k\u00e4ytet\u00e4\u00e4n pannujen valmistukseen sen helpon ty\u00f6st\u00e4misen, ruostumattomuuden, sek\u00e4 hyv\u00e4n l\u00e4mm\u00f6njohtokykyns\u00e4 vuoksi. Jokainen tislauspannu on kuitenkin yksil\u00f6ns\u00e4, jonka oikut ja piirteet tislaamoty\u00f6ntekij\u00f6iden tulee tuntea, jotta lopputuloksena olisi tasalaatuinen ja laadukas viski. Ensimm\u00e4inen tislauspannu, eli <em>wash still<\/em>, on suurempi kahdesta k\u00e4ytett\u00e4v\u00e4st\u00e4 pannusta ja siell\u00e4 vierteest\u00e4 tislataan tilavuusprosentiltaan noin 20-25 % vahvuista alkoholia, eli low winesi\u00e4.<\/p>\n\n\n\n<p>Saatu tisle ohjataan seuraavaksi <em>spirit still<\/em>iin, eli toiseen tislauspannuun. Toisen tislauksen seurauksena valmistuu niin sanottu raakaviski, jota voidaan lienee kaukaisesti verrata kotoiseen pontikkaan. T\u00e4st\u00e4 raakaviskist\u00e4, kuten pontikastakin leikataan pois ensimm\u00e4inen k\u00e4rki, foreshots, joka sis\u00e4lt\u00e4\u00e4 ep\u00e4puhtauksia ja kierr\u00e4tet\u00e4\u00e4n uudelleen tislattavaksi. Samoin talteen otetaan tisleen per\u00e4t, jotka my\u00f6s uudelleentislataan. Toisesta tisleest\u00e4 otetaan siis talteen keskimm\u00e4inen osuus, eli middle cut. T\u00e4t\u00e4 talteen otettua tislett\u00e4 kutsutaan nimell\u00e4 BPS &#8211; British Plain Spirit ja se on alkoholipitoisuudeltaan noin 70 tilaavuusprosentin vahvuista.<\/p>\n\n\n\n<p>Seuraavaksi: <a href=\"https:\/\/viskikaappi.net\/index.php\/valmistus\/kypsytys\/\" data-type=\"page\" data-id=\"64\"><strong>Kypsytys<\/strong><\/a><\/p>\n","protected":false},"excerpt":{"rendered":"<p>Skotlantilainen mallasviski tislataan yleens\u00e4 kahteen kertaan korkeissa kuparipannuissa, jotka ovat muodostuneet er\u00e4\u00e4nlaiseksi viskitislaamoiden symboleiksi. Kuparia k\u00e4ytet\u00e4\u00e4n pannujen valmistukseen sen helpon ty\u00f6st\u00e4misen, ruostumattomuuden, sek\u00e4 hyv\u00e4n l\u00e4mm\u00f6njohtokykyns\u00e4 vuoksi. Jokainen tislauspannu on kuitenkin yksil\u00f6ns\u00e4, jonka oikut ja piirteet tislaamoty\u00f6ntekij\u00f6iden tulee tuntea, jotta lopputuloksena olisi tasalaatuinen ja laadukas viski. Ensimm\u00e4inen tislauspannu, eli wash still, on suurempi kahdesta k\u00e4ytett\u00e4v\u00e4st\u00e4 pannusta ja siell\u00e4 vierteest\u00e4 tislataan tilavuusprosentiltaan noin 20-25 % vahvuista alkoholia, eli low winesi\u00e4. Saatu tisle ohjataan seuraavaksi spirit stilliin, eli toiseen tislauspannuun. Toisen tislauksen seurauksena valmistuu niin sanottu raakaviski, jota voidaan lienee kaukaisesti verrata kotoiseen pontikkaan. T\u00e4st\u00e4 raakaviskist\u00e4, kuten pontikastakin leikataan pois ensimm\u00e4inen k\u00e4rki, foreshots, joka sis\u00e4lt\u00e4\u00e4 ep\u00e4puhtauksia ja kierr\u00e4tet\u00e4\u00e4n uudelleen tislattavaksi. Samoin talteen otetaan tisleen per\u00e4t, jotka my\u00f6s uudelleentislataan. Toisesta tisleest\u00e4 otetaan siis talteen keskimm\u00e4inen osuus, eli middle cut. T\u00e4t\u00e4 talteen otettua tislett\u00e4 kutsutaan nimell\u00e4 BPS &#8211; British Plain Spirit ja se on alkoholipitoisuudeltaan noin 70 tilaavuusprosentin vahvuista. Seuraavaksi: Kypsytys<\/p>\n","protected":false},"author":1,"featured_media":0,"parent":23,"menu_order":4,"comment_status":"closed","ping_status":"closed","template":"","meta":{"footnotes":""},"class_list":["post-62","page","type-page","status-publish","hentry"],"yoast_head":"<!-- This site is optimized with the Yoast SEO plugin v27.6 - https:\/\/yoast.com\/product\/yoast-seo-wordpress\/ -->\n<title>Tislaus - Virtuaalinen Viskikaappi<\/title>\n<meta name=\"robots\" content=\"index, follow, max-snippet:-1, max-image-preview:large, max-video-preview:-1\" \/>\n<link rel=\"canonical\" href=\"https:\/\/viskikaappi.net\/index.php\/valmistus\/tislaus\/\" \/>\n<meta property=\"og:locale\" content=\"fi_FI\" \/>\n<meta property=\"og:type\" content=\"article\" \/>\n<meta property=\"og:title\" content=\"Tislaus - Virtuaalinen Viskikaappi\" \/>\n<meta property=\"og:description\" content=\"Skotlantilainen mallasviski tislataan yleens\u00e4 kahteen kertaan korkeissa kuparipannuissa, jotka ovat muodostuneet er\u00e4\u00e4nlaiseksi viskitislaamoiden symboleiksi. Kuparia k\u00e4ytet\u00e4\u00e4n pannujen valmistukseen sen helpon ty\u00f6st\u00e4misen, ruostumattomuuden, sek\u00e4 hyv\u00e4n l\u00e4mm\u00f6njohtokykyns\u00e4 vuoksi. Jokainen tislauspannu on kuitenkin yksil\u00f6ns\u00e4, jonka oikut ja piirteet tislaamoty\u00f6ntekij\u00f6iden tulee tuntea, jotta lopputuloksena olisi tasalaatuinen ja laadukas viski. Ensimm\u00e4inen tislauspannu, eli wash still, on suurempi kahdesta k\u00e4ytett\u00e4v\u00e4st\u00e4 pannusta ja siell\u00e4 vierteest\u00e4 tislataan tilavuusprosentiltaan noin 20-25 % vahvuista alkoholia, eli low winesi\u00e4. Saatu tisle ohjataan seuraavaksi spirit stilliin, eli toiseen tislauspannuun. Toisen tislauksen seurauksena valmistuu niin sanottu raakaviski, jota voidaan lienee kaukaisesti verrata kotoiseen pontikkaan. T\u00e4st\u00e4 raakaviskist\u00e4, kuten pontikastakin leikataan pois ensimm\u00e4inen k\u00e4rki, foreshots, joka sis\u00e4lt\u00e4\u00e4 ep\u00e4puhtauksia ja kierr\u00e4tet\u00e4\u00e4n uudelleen tislattavaksi. Samoin talteen otetaan tisleen per\u00e4t, jotka my\u00f6s uudelleentislataan. Toisesta tisleest\u00e4 otetaan siis talteen keskimm\u00e4inen osuus, eli middle cut. T\u00e4t\u00e4 talteen otettua tislett\u00e4 kutsutaan nimell\u00e4 BPS &#8211; British Plain Spirit ja se on alkoholipitoisuudeltaan noin 70 tilaavuusprosentin vahvuista. Seuraavaksi: Kypsytys\" \/>\n<meta property=\"og:url\" content=\"https:\/\/viskikaappi.net\/index.php\/valmistus\/tislaus\/\" \/>\n<meta property=\"og:site_name\" content=\"Virtuaalinen Viskikaappi\" \/>\n<meta property=\"article:modified_time\" content=\"2021-09-15T14:03:27+00:00\" \/>\n<meta property=\"og:image\" content=\"https:\/\/viskikaappi.net\/wp-content\/uploads\/2020\/11\/20201104_174743-1024x683.jpg\" \/>\n<meta name=\"twitter:card\" content=\"summary_large_image\" \/>\n<meta name=\"twitter:label1\" content=\"Arvioitu lukuaika\" \/>\n\t<meta name=\"twitter:data1\" content=\"1 minuutti\" \/>\n<script type=\"application\/ld+json\" class=\"yoast-schema-graph\">{\"@context\":\"https:\\\/\\\/schema.org\",\"@graph\":[{\"@type\":\"WebPage\",\"@id\":\"https:\\\/\\\/viskikaappi.net\\\/index.php\\\/valmistus\\\/tislaus\\\/\",\"url\":\"https:\\\/\\\/viskikaappi.net\\\/index.php\\\/valmistus\\\/tislaus\\\/\",\"name\":\"Tislaus - Virtuaalinen Viskikaappi\",\"isPartOf\":{\"@id\":\"https:\\\/\\\/viskikaappi.net\\\/#website\"},\"primaryImageOfPage\":{\"@id\":\"https:\\\/\\\/viskikaappi.net\\\/index.php\\\/valmistus\\\/tislaus\\\/#primaryimage\"},\"image\":{\"@id\":\"https:\\\/\\\/viskikaappi.net\\\/index.php\\\/valmistus\\\/tislaus\\\/#primaryimage\"},\"thumbnailUrl\":\"https:\\\/\\\/viskikaappi.net\\\/wp-content\\\/uploads\\\/2020\\\/11\\\/20201104_174743-1024x683.jpg\",\"datePublished\":\"2020-10-30T21:51:33+00:00\",\"dateModified\":\"2021-09-15T14:03:27+00:00\",\"breadcrumb\":{\"@id\":\"https:\\\/\\\/viskikaappi.net\\\/index.php\\\/valmistus\\\/tislaus\\\/#breadcrumb\"},\"inLanguage\":\"fi\",\"potentialAction\":[{\"@type\":\"ReadAction\",\"target\":[\"https:\\\/\\\/viskikaappi.net\\\/index.php\\\/valmistus\\\/tislaus\\\/\"]}]},{\"@type\":\"ImageObject\",\"inLanguage\":\"fi\",\"@id\":\"https:\\\/\\\/viskikaappi.net\\\/index.php\\\/valmistus\\\/tislaus\\\/#primaryimage\",\"url\":\"https:\\\/\\\/viskikaappi.net\\\/wp-content\\\/uploads\\\/2020\\\/11\\\/20201104_174743-1024x683.jpg\",\"contentUrl\":\"https:\\\/\\\/viskikaappi.net\\\/wp-content\\\/uploads\\\/2020\\\/11\\\/20201104_174743-1024x683.jpg\"},{\"@type\":\"BreadcrumbList\",\"@id\":\"https:\\\/\\\/viskikaappi.net\\\/index.php\\\/valmistus\\\/tislaus\\\/#breadcrumb\",\"itemListElement\":[{\"@type\":\"ListItem\",\"position\":1,\"name\":\"Etusivu\",\"item\":\"https:\\\/\\\/viskikaappi.net\\\/\"},{\"@type\":\"ListItem\",\"position\":2,\"name\":\"Valmistus\",\"item\":\"https:\\\/\\\/viskikaappi.net\\\/index.php\\\/valmistus\\\/\"},{\"@type\":\"ListItem\",\"position\":3,\"name\":\"Tislaus\"}]},{\"@type\":\"WebSite\",\"@id\":\"https:\\\/\\\/viskikaappi.net\\\/#website\",\"url\":\"https:\\\/\\\/viskikaappi.net\\\/\",\"name\":\"Virtuaalinen Viskikaappi\",\"description\":\"\",\"publisher\":{\"@id\":\"https:\\\/\\\/viskikaappi.net\\\/#\\\/schema\\\/person\\\/e43eed2d832b7e7283b48a4fd5d50d18\"},\"potentialAction\":[{\"@type\":\"SearchAction\",\"target\":{\"@type\":\"EntryPoint\",\"urlTemplate\":\"https:\\\/\\\/viskikaappi.net\\\/?s={search_term_string}\"},\"query-input\":{\"@type\":\"PropertyValueSpecification\",\"valueRequired\":true,\"valueName\":\"search_term_string\"}}],\"inLanguage\":\"fi\"},{\"@type\":[\"Person\",\"Organization\"],\"@id\":\"https:\\\/\\\/viskikaappi.net\\\/#\\\/schema\\\/person\\\/e43eed2d832b7e7283b48a4fd5d50d18\",\"name\":\"Antti Tuurala\",\"image\":{\"@type\":\"ImageObject\",\"inLanguage\":\"fi\",\"@id\":\"https:\\\/\\\/viskikaappi.net\\\/wp-content\\\/uploads\\\/2020\\\/11\\\/cropped-Tausta_1_logo.png\",\"url\":\"https:\\\/\\\/viskikaappi.net\\\/wp-content\\\/uploads\\\/2020\\\/11\\\/cropped-Tausta_1_logo.png\",\"contentUrl\":\"https:\\\/\\\/viskikaappi.net\\\/wp-content\\\/uploads\\\/2020\\\/11\\\/cropped-Tausta_1_logo.png\",\"width\":1186,\"height\":500,\"caption\":\"Antti Tuurala\"},\"logo\":{\"@id\":\"https:\\\/\\\/viskikaappi.net\\\/wp-content\\\/uploads\\\/2020\\\/11\\\/cropped-Tausta_1_logo.png\"},\"sameAs\":[\"https:\\\/\\\/viskikaappi.net\"]}]}<\/script>\n<!-- \/ Yoast SEO plugin. -->","yoast_head_json":{"title":"Tislaus - Virtuaalinen Viskikaappi","robots":{"index":"index","follow":"follow","max-snippet":"max-snippet:-1","max-image-preview":"max-image-preview:large","max-video-preview":"max-video-preview:-1"},"canonical":"https:\/\/viskikaappi.net\/index.php\/valmistus\/tislaus\/","og_locale":"fi_FI","og_type":"article","og_title":"Tislaus - Virtuaalinen Viskikaappi","og_description":"Skotlantilainen mallasviski tislataan yleens\u00e4 kahteen kertaan korkeissa kuparipannuissa, jotka ovat muodostuneet er\u00e4\u00e4nlaiseksi viskitislaamoiden symboleiksi. Kuparia k\u00e4ytet\u00e4\u00e4n pannujen valmistukseen sen helpon ty\u00f6st\u00e4misen, ruostumattomuuden, sek\u00e4 hyv\u00e4n l\u00e4mm\u00f6njohtokykyns\u00e4 vuoksi. Jokainen tislauspannu on kuitenkin yksil\u00f6ns\u00e4, jonka oikut ja piirteet tislaamoty\u00f6ntekij\u00f6iden tulee tuntea, jotta lopputuloksena olisi tasalaatuinen ja laadukas viski. Ensimm\u00e4inen tislauspannu, eli wash still, on suurempi kahdesta k\u00e4ytett\u00e4v\u00e4st\u00e4 pannusta ja siell\u00e4 vierteest\u00e4 tislataan tilavuusprosentiltaan noin 20-25 % vahvuista alkoholia, eli low winesi\u00e4. Saatu tisle ohjataan seuraavaksi spirit stilliin, eli toiseen tislauspannuun. Toisen tislauksen seurauksena valmistuu niin sanottu raakaviski, jota voidaan lienee kaukaisesti verrata kotoiseen pontikkaan. T\u00e4st\u00e4 raakaviskist\u00e4, kuten pontikastakin leikataan pois ensimm\u00e4inen k\u00e4rki, foreshots, joka sis\u00e4lt\u00e4\u00e4 ep\u00e4puhtauksia ja kierr\u00e4tet\u00e4\u00e4n uudelleen tislattavaksi. Samoin talteen otetaan tisleen per\u00e4t, jotka my\u00f6s uudelleentislataan. Toisesta tisleest\u00e4 otetaan siis talteen keskimm\u00e4inen osuus, eli middle cut. T\u00e4t\u00e4 talteen otettua tislett\u00e4 kutsutaan nimell\u00e4 BPS &#8211; British Plain Spirit ja se on alkoholipitoisuudeltaan noin 70 tilaavuusprosentin vahvuista. Seuraavaksi: Kypsytys","og_url":"https:\/\/viskikaappi.net\/index.php\/valmistus\/tislaus\/","og_site_name":"Virtuaalinen Viskikaappi","article_modified_time":"2021-09-15T14:03:27+00:00","og_image":[{"url":"https:\/\/viskikaappi.net\/wp-content\/uploads\/2020\/11\/20201104_174743-1024x683.jpg","type":"","width":"","height":""}],"twitter_card":"summary_large_image","twitter_misc":{"Arvioitu lukuaika":"1 minuutti"},"schema":{"@context":"https:\/\/schema.org","@graph":[{"@type":"WebPage","@id":"https:\/\/viskikaappi.net\/index.php\/valmistus\/tislaus\/","url":"https:\/\/viskikaappi.net\/index.php\/valmistus\/tislaus\/","name":"Tislaus - Virtuaalinen Viskikaappi","isPartOf":{"@id":"https:\/\/viskikaappi.net\/#website"},"primaryImageOfPage":{"@id":"https:\/\/viskikaappi.net\/index.php\/valmistus\/tislaus\/#primaryimage"},"image":{"@id":"https:\/\/viskikaappi.net\/index.php\/valmistus\/tislaus\/#primaryimage"},"thumbnailUrl":"https:\/\/viskikaappi.net\/wp-content\/uploads\/2020\/11\/20201104_174743-1024x683.jpg","datePublished":"2020-10-30T21:51:33+00:00","dateModified":"2021-09-15T14:03:27+00:00","breadcrumb":{"@id":"https:\/\/viskikaappi.net\/index.php\/valmistus\/tislaus\/#breadcrumb"},"inLanguage":"fi","potentialAction":[{"@type":"ReadAction","target":["https:\/\/viskikaappi.net\/index.php\/valmistus\/tislaus\/"]}]},{"@type":"ImageObject","inLanguage":"fi","@id":"https:\/\/viskikaappi.net\/index.php\/valmistus\/tislaus\/#primaryimage","url":"https:\/\/viskikaappi.net\/wp-content\/uploads\/2020\/11\/20201104_174743-1024x683.jpg","contentUrl":"https:\/\/viskikaappi.net\/wp-content\/uploads\/2020\/11\/20201104_174743-1024x683.jpg"},{"@type":"BreadcrumbList","@id":"https:\/\/viskikaappi.net\/index.php\/valmistus\/tislaus\/#breadcrumb","itemListElement":[{"@type":"ListItem","position":1,"name":"Etusivu","item":"https:\/\/viskikaappi.net\/"},{"@type":"ListItem","position":2,"name":"Valmistus","item":"https:\/\/viskikaappi.net\/index.php\/valmistus\/"},{"@type":"ListItem","position":3,"name":"Tislaus"}]},{"@type":"WebSite","@id":"https:\/\/viskikaappi.net\/#website","url":"https:\/\/viskikaappi.net\/","name":"Virtuaalinen Viskikaappi","description":"","publisher":{"@id":"https:\/\/viskikaappi.net\/#\/schema\/person\/e43eed2d832b7e7283b48a4fd5d50d18"},"potentialAction":[{"@type":"SearchAction","target":{"@type":"EntryPoint","urlTemplate":"https:\/\/viskikaappi.net\/?s={search_term_string}"},"query-input":{"@type":"PropertyValueSpecification","valueRequired":true,"valueName":"search_term_string"}}],"inLanguage":"fi"},{"@type":["Person","Organization"],"@id":"https:\/\/viskikaappi.net\/#\/schema\/person\/e43eed2d832b7e7283b48a4fd5d50d18","name":"Antti Tuurala","image":{"@type":"ImageObject","inLanguage":"fi","@id":"https:\/\/viskikaappi.net\/wp-content\/uploads\/2020\/11\/cropped-Tausta_1_logo.png","url":"https:\/\/viskikaappi.net\/wp-content\/uploads\/2020\/11\/cropped-Tausta_1_logo.png","contentUrl":"https:\/\/viskikaappi.net\/wp-content\/uploads\/2020\/11\/cropped-Tausta_1_logo.png","width":1186,"height":500,"caption":"Antti Tuurala"},"logo":{"@id":"https:\/\/viskikaappi.net\/wp-content\/uploads\/2020\/11\/cropped-Tausta_1_logo.png"},"sameAs":["https:\/\/viskikaappi.net"]}]}},"_links":{"self":[{"href":"https:\/\/viskikaappi.net\/index.php\/wp-json\/wp\/v2\/pages\/62","targetHints":{"allow":["GET"]}}],"collection":[{"href":"https:\/\/viskikaappi.net\/index.php\/wp-json\/wp\/v2\/pages"}],"about":[{"href":"https:\/\/viskikaappi.net\/index.php\/wp-json\/wp\/v2\/types\/page"}],"author":[{"embeddable":true,"href":"https:\/\/viskikaappi.net\/index.php\/wp-json\/wp\/v2\/users\/1"}],"replies":[{"embeddable":true,"href":"https:\/\/viskikaappi.net\/index.php\/wp-json\/wp\/v2\/comments?post=62"}],"version-history":[{"count":4,"href":"https:\/\/viskikaappi.net\/index.php\/wp-json\/wp\/v2\/pages\/62\/revisions"}],"predecessor-version":[{"id":528,"href":"https:\/\/viskikaappi.net\/index.php\/wp-json\/wp\/v2\/pages\/62\/revisions\/528"}],"up":[{"embeddable":true,"href":"https:\/\/viskikaappi.net\/index.php\/wp-json\/wp\/v2\/pages\/23"}],"wp:attachment":[{"href":"https:\/\/viskikaappi.net\/index.php\/wp-json\/wp\/v2\/media?parent=62"}],"curies":[{"name":"wp","href":"https:\/\/api.w.org\/{rel}","templated":true}]}}